{"id":9992,"date":"2020-07-20T20:47:14","date_gmt":"2020-07-20T20:47:14","guid":{"rendered":"https:\/\/basakcilastik.com.tr\/?post_type=product&#038;p=9992"},"modified":"2020-07-20T20:47:15","modified_gmt":"2020-07-20T20:47:15","slug":"basinc-dusurucu-kullanim-yeri-oksijen-5060s","status":"publish","type":"product","link":"http:\/\/basakcilastik.com.tr\/?product=basinc-dusurucu-kullanim-yeri-oksijen-5060s","title":{"rendered":"Bas\u0131n\u00e7 D\u00fc\u015f\u00fcr\u00fcc\u00fc Kullan\u0131m Yeri Oksijen 5060S"},"content":{"rendered":"<p>Bas\u0131n\u00e7 D\u00fc\u015f\u00fcr\u00fcc\u00fc Kullan\u0131m Yeri Oksijen<\/p>\n<p>&nbsp;<\/p>\n<table width=\"310\">\n<tbody>\n<tr>\n<td width=\"50%\"><strong>Gaz Debisi<\/strong><\/td>\n<td>:35 m3\/h<\/td>\n<\/tr>\n<tr>\n<td width=\"50%\"><strong>Gaz \u00c7\u0131k\u0131\u015f Bas\u0131nc\u0131<\/strong><\/td>\n<td>:0-10 bar<\/td>\n<\/tr>\n<tr>\n<td width=\"50%\"><strong>Gaz \u00c7\u0131k\u0131\u015f Ba\u011flant\u0131s\u0131<\/strong><\/td>\n<td>:G 3\/8&#8221;<\/td>\n<\/tr>\n<tr>\n<td width=\"50%\"><strong>Gaz Giri\u015f Ba\u011flant\u0131s\u0131<\/strong><\/td>\n<td>:G 3\/8&#8221;<\/td>\n<\/tr>\n<tr>\n<td width=\"50%\"><strong>Gaz Cinsi<\/strong><\/td>\n<td>:Oksijen<\/td>\n<\/tr>\n<\/tbody>\n<\/table>\n<p>&nbsp;<\/p>\n<p>A\u00e7\u0131klama<\/p>\n<ul>\n<li>Merkezi sistemlerde farkl\u0131 gazlar i\u00e7in, posta ba\u015f\u0131 olarak kullan\u0131m olana\u011f\u0131.<\/li>\n<li>Dayan\u0131kl\u0131 pirin\u00e7 g\u00f6vde.<\/li>\n<li>\u00d86 &#8211; \u00d88 mm hortumlara uygun ba\u011flant\u0131 rakoru.<\/li>\n<li>Kullan\u0131m bas\u0131nc\u0131n\u0131n g\u00f6r\u00fclebilece\u011fi manometre ve bas\u0131n\u00e7 ayar tutama\u011f\u0131\u00a0ayar k\u0131s\u0131mlar\u0131 bulunmaktad\u0131r.<\/li>\n<\/ul>\n","protected":false},"excerpt":{"rendered":"<p>Bas\u0131n\u00e7 D\u00fc\u015f\u00fcr\u00fcc\u00fc Kullan\u0131m Yeri Oksijen &nbsp; Gaz Debisi :35 m3\/h Gaz \u00c7\u0131k\u0131\u015f Bas\u0131nc\u0131 :0-10 bar Gaz \u00c7\u0131k\u0131\u015f Ba\u011flant\u0131s\u0131 :G 3\/8&#8221; Gaz Giri\u015f Ba\u011flant\u0131s\u0131 :G 3\/8&#8221; Gaz Cinsi :Oksijen &nbsp; A\u00e7\u0131klama Merkezi sistemlerde farkl\u0131 gazlar i\u00e7in, posta ba\u015f\u0131 olarak kullan\u0131m olana\u011f\u0131. Dayan\u0131kl\u0131 pirin\u00e7 g\u00f6vde. \u00d86 &#8211; \u00d88 mm hortumlara uygun ba\u011flant\u0131 rakoru. Kullan\u0131m bas\u0131nc\u0131n\u0131n g\u00f6r\u00fclebilece\u011fi manometre ve bas\u0131n\u00e7 ayar tutama\u011f\u0131\u00a0ayar k\u0131s\u0131mlar\u0131 [&hellip;]<\/p>\n","protected":false},"featured_media":9995,"comment_status":"open","ping_status":"closed","template":"","meta":[],"product_brand":[],"product_cat":[15,132,131],"product_tag":[],"class_list":{"0":"post-9992","1":"product","2":"type-product","3":"status-publish","4":"has-post-thumbnail","6":"product_cat-genel","7":"product_cat-gaz-armaturleri","8":"product_cat-gaz-armaturleri-basinc-dusuruculer","10":"first","11":"instock","12":"shipping-taxable","13":"product-type-simple"},"_links":{"self":[{"href":"http:\/\/basakcilastik.com.tr\/index.php?rest_route=\/wp\/v2\/product\/9992","targetHints":{"allow":["GET"]}}],"collection":[{"href":"http:\/\/basakcilastik.com.tr\/index.php?rest_route=\/wp\/v2\/product"}],"about":[{"href":"http:\/\/basakcilastik.com.tr\/index.php?rest_route=\/wp\/v2\/types\/product"}],"replies":[{"embeddable":true,"href":"http:\/\/basakcilastik.com.tr\/index.php?rest_route=%2Fwp%2Fv2%2Fcomments&post=9992"}],"wp:featuredmedia":[{"embeddable":true,"href":"http:\/\/basakcilastik.com.tr\/index.php?rest_route=\/wp\/v2\/media\/9995"}],"wp:attachment":[{"href":"http:\/\/basakcilastik.com.tr\/index.php?rest_route=%2Fwp%2Fv2%2Fmedia&parent=9992"}],"wp:term":[{"taxonomy":"product_brand","embeddable":true,"href":"http:\/\/basakcilastik.com.tr\/index.php?rest_route=%2Fwp%2Fv2%2Fproduct_brand&post=9992"},{"taxonomy":"product_cat","embeddable":true,"href":"http:\/\/basakcilastik.com.tr\/index.php?rest_route=%2Fwp%2Fv2%2Fproduct_cat&post=9992"},{"taxonomy":"product_tag","embeddable":true,"href":"http:\/\/basakcilastik.com.tr\/index.php?rest_route=%2Fwp%2Fv2%2Fproduct_tag&post=9992"}],"curies":[{"name":"wp","href":"https:\/\/api.w.org\/{rel}","templated":true}]}}