{"id":9963,"date":"2020-07-20T20:36:25","date_gmt":"2020-07-20T20:36:25","guid":{"rendered":"https:\/\/basakcilastik.com.tr\/?post_type=product&#038;p=9963"},"modified":"2020-07-20T20:36:26","modified_gmt":"2020-07-20T20:36:26","slug":"basinc-dusurucu-helyum-5160s","status":"publish","type":"product","link":"http:\/\/basakcilastik.com.tr\/?product=basinc-dusurucu-helyum-5160s","title":{"rendered":"Bas\u0131n\u00e7 D\u00fc\u015f\u00fcr\u00fcc\u00fc Helyum 5160S"},"content":{"rendered":"<p>Bas\u0131n\u00e7 D\u00fc\u015f\u00fcr\u00fcc\u00fc Helyum<\/p>\n<table width=\"310\">\n<tbody>\n<tr>\n<td width=\"50%\"><strong>Gaz \u00c7\u0131k\u0131\u015f Bas\u0131nc\u0131<\/strong><\/td>\n<td>:0 &#8211; 10 bar<\/td>\n<\/tr>\n<tr>\n<td width=\"50%\"><strong>Gaz Giri\u015f Bas\u0131nc\u0131<\/strong><\/td>\n<td>:0 &#8211; 230 bar<\/td>\n<\/tr>\n<tr>\n<td width=\"50%\"><strong>Gaz \u00c7\u0131k\u0131\u015f Ba\u011flant\u0131s\u0131<\/strong><\/td>\n<td>:G 3\/8&#8221;<\/td>\n<\/tr>\n<tr>\n<td width=\"50%\"><strong>Gaz Giri\u015f Ba\u011flant\u0131s\u0131<\/strong><\/td>\n<td>:W21,80&#215;1\/14&#8221;<\/td>\n<\/tr>\n<tr>\n<td width=\"50%\"><strong>Gaz Cinsi<\/strong><\/td>\n<td>:Helyum<\/td>\n<\/tr>\n<tr>\n<td width=\"50%\"><strong>Red\u00fcksiyon Ba\u011flant\u0131s\u0131<\/strong><\/td>\n<td>:G 5\/8&#8243;<\/td>\n<\/tr>\n<\/tbody>\n<\/table>\n<p>TEKN\u0130K \u00d6ZELL\u0130KLER<\/p>\n<ul>\n<li>Helyum: Lazer kesim, TIG MIG MAG, koruyu gaz uygulamalar\u0131<\/li>\n<li>EN ISO 2503 standard\u0131na uygunluk (TSE,APRAGAZ)<\/li>\n<li>\u00dcr\u00fcn \u00f6mr\u00fcn\u00fc artt\u0131ran paslanmaz filtre<\/li>\n<li>Pirin\u00e7 kapak ve g\u00f6vde tasar\u0131m\u0131<\/li>\n<li>G\u00fcvenli\u011fi sa\u011flayan geli\u015ftirilmi\u015f sigorta sistemi<\/li>\n<li>T\u00fcm t\u00fcp korumalar\u0131na uygun tasarlanm\u0131\u015f t\u00fcp ba\u011flant\u0131s\u0131<\/li>\n<\/ul>\n<p>\u00d86 &#8211; \u00d88 mm hortumlara uygun ba\u011flant\u0131 rakoru<\/p>\n","protected":false},"excerpt":{"rendered":"<p>Bas\u0131n\u00e7 D\u00fc\u015f\u00fcr\u00fcc\u00fc Helyum Gaz \u00c7\u0131k\u0131\u015f Bas\u0131nc\u0131 :0 &#8211; 10 bar Gaz Giri\u015f Bas\u0131nc\u0131 :0 &#8211; 230 bar Gaz \u00c7\u0131k\u0131\u015f Ba\u011flant\u0131s\u0131 :G 3\/8&#8221; Gaz Giri\u015f Ba\u011flant\u0131s\u0131 :W21,80&#215;1\/14&#8221; Gaz Cinsi :Helyum Red\u00fcksiyon Ba\u011flant\u0131s\u0131 :G 5\/8&#8243; TEKN\u0130K \u00d6ZELL\u0130KLER Helyum: Lazer kesim, TIG MIG MAG, koruyu gaz uygulamalar\u0131 EN ISO 2503 standard\u0131na uygunluk (TSE,APRAGAZ) \u00dcr\u00fcn \u00f6mr\u00fcn\u00fc artt\u0131ran paslanmaz filtre Pirin\u00e7 kapak ve g\u00f6vde tasar\u0131m\u0131 [&hellip;]<\/p>\n","protected":false},"featured_media":9964,"comment_status":"open","ping_status":"closed","template":"","meta":[],"product_brand":[],"product_cat":[15,132,131],"product_tag":[],"class_list":{"0":"post-9963","1":"product","2":"type-product","3":"status-publish","4":"has-post-thumbnail","6":"product_cat-genel","7":"product_cat-gaz-armaturleri","8":"product_cat-gaz-armaturleri-basinc-dusuruculer","10":"first","11":"instock","12":"shipping-taxable","13":"product-type-simple"},"_links":{"self":[{"href":"http:\/\/basakcilastik.com.tr\/index.php?rest_route=\/wp\/v2\/product\/9963","targetHints":{"allow":["GET"]}}],"collection":[{"href":"http:\/\/basakcilastik.com.tr\/index.php?rest_route=\/wp\/v2\/product"}],"about":[{"href":"http:\/\/basakcilastik.com.tr\/index.php?rest_route=\/wp\/v2\/types\/product"}],"replies":[{"embeddable":true,"href":"http:\/\/basakcilastik.com.tr\/index.php?rest_route=%2Fwp%2Fv2%2Fcomments&post=9963"}],"wp:featuredmedia":[{"embeddable":true,"href":"http:\/\/basakcilastik.com.tr\/index.php?rest_route=\/wp\/v2\/media\/9964"}],"wp:attachment":[{"href":"http:\/\/basakcilastik.com.tr\/index.php?rest_route=%2Fwp%2Fv2%2Fmedia&parent=9963"}],"wp:term":[{"taxonomy":"product_brand","embeddable":true,"href":"http:\/\/basakcilastik.com.tr\/index.php?rest_route=%2Fwp%2Fv2%2Fproduct_brand&post=9963"},{"taxonomy":"product_cat","embeddable":true,"href":"http:\/\/basakcilastik.com.tr\/index.php?rest_route=%2Fwp%2Fv2%2Fproduct_cat&post=9963"},{"taxonomy":"product_tag","embeddable":true,"href":"http:\/\/basakcilastik.com.tr\/index.php?rest_route=%2Fwp%2Fv2%2Fproduct_tag&post=9963"}],"curies":[{"name":"wp","href":"https:\/\/api.w.org\/{rel}","templated":true}]}}