{"id":9946,"date":"2020-07-20T20:24:30","date_gmt":"2020-07-20T20:24:30","guid":{"rendered":"https:\/\/basakcilastik.com.tr\/?post_type=product&#038;p=9946"},"modified":"2020-07-20T20:24:30","modified_gmt":"2020-07-20T20:24:30","slug":"basinc-dusurucu-cift-kademeli-oksijen-5030s","status":"publish","type":"product","link":"http:\/\/basakcilastik.com.tr\/?product=basinc-dusurucu-cift-kademeli-oksijen-5030s","title":{"rendered":"Bas\u0131n\u00e7 D\u00fc\u015f\u00fcr\u00fcc\u00fc \u00c7ift Kademeli Oksijen 5030S"},"content":{"rendered":"<p>Bas\u0131n\u00e7 D\u00fc\u015f\u00fcr\u00fcc\u00fc \u00c7ift Kademeli Oksijen<\/p>\n<table width=\"248\">\n<tbody>\n<tr>\n<td width=\"50%\"><strong>Gaz \u00c7\u0131k\u0131\u015f Bas\u0131nc\u0131<\/strong><\/td>\n<td>:0-1 bar<\/td>\n<\/tr>\n<tr>\n<td width=\"50%\"><strong>Gaz Giri\u015f Bas\u0131nc\u0131<\/strong><\/td>\n<td>:0-230 bar<\/td>\n<\/tr>\n<tr>\n<td width=\"50%\"><strong>Gaz \u00c7\u0131k\u0131\u015f Ba\u011flant\u0131s\u0131<\/strong><\/td>\n<td>:G 3\/8&#8221;<\/td>\n<\/tr>\n<tr>\n<td width=\"50%\"><strong>Gaz Giri\u015f Ba\u011flant\u0131s\u0131<\/strong><\/td>\n<td>:G 3\/4&#8221;<\/td>\n<\/tr>\n<tr>\n<td width=\"50%\"><strong>Gaz Cinsi<\/strong><\/td>\n<td>:Oksijen<\/td>\n<\/tr>\n<\/tbody>\n<\/table>\n<p>&nbsp;<\/p>\n<p>Teknik \u00d6zellik<\/p>\n<p>TEKN\u0130K \u00d6ZELL\u0130KLER<\/p>\n<ul>\n<li>Stabil \u00e7\u0131k\u0131\u015f bas\u0131nc\u0131 gerektiren y\u00fcksek kaliteli kesim, ve laboratuvar uygulamalar\u0131<\/li>\n<li>\u00dcr\u00fcn \u00f6mr\u00fcn\u00fc artt\u0131ran paslanmaz filtre<\/li>\n<li>Pirin\u00e7 kapak ve g\u00f6vde tasar\u0131m\u0131<\/li>\n<li>\u00d8 63 mm Manometreler<\/li>\n<li>T\u00fcm t\u00fcp korumalar\u0131na uygun tasarlanm\u0131\u015f t\u00fcp ba\u011flant\u0131s\u0131<\/li>\n<li>\u00d86 &#8211; \u00d88 mm hortumlara uygun ba\u011flant\u0131 rakoru<\/li>\n<\/ul>\n","protected":false},"excerpt":{"rendered":"<p>Bas\u0131n\u00e7 D\u00fc\u015f\u00fcr\u00fcc\u00fc \u00c7ift Kademeli Oksijen Gaz \u00c7\u0131k\u0131\u015f Bas\u0131nc\u0131 :0-1 bar Gaz Giri\u015f Bas\u0131nc\u0131 :0-230 bar Gaz \u00c7\u0131k\u0131\u015f Ba\u011flant\u0131s\u0131 :G 3\/8&#8221; Gaz Giri\u015f Ba\u011flant\u0131s\u0131 :G 3\/4&#8221; Gaz Cinsi :Oksijen &nbsp; Teknik \u00d6zellik TEKN\u0130K \u00d6ZELL\u0130KLER Stabil \u00e7\u0131k\u0131\u015f bas\u0131nc\u0131 gerektiren y\u00fcksek kaliteli kesim, ve laboratuvar uygulamalar\u0131 \u00dcr\u00fcn \u00f6mr\u00fcn\u00fc artt\u0131ran paslanmaz filtre Pirin\u00e7 kapak ve g\u00f6vde tasar\u0131m\u0131 \u00d8 63 mm Manometreler T\u00fcm t\u00fcp korumalar\u0131na [&hellip;]<\/p>\n","protected":false},"featured_media":9949,"comment_status":"open","ping_status":"closed","template":"","meta":[],"product_brand":[],"product_cat":[15,132,131],"product_tag":[],"class_list":{"0":"post-9946","1":"product","2":"type-product","3":"status-publish","4":"has-post-thumbnail","6":"product_cat-genel","7":"product_cat-gaz-armaturleri","8":"product_cat-gaz-armaturleri-basinc-dusuruculer","10":"first","11":"instock","12":"shipping-taxable","13":"product-type-simple"},"_links":{"self":[{"href":"http:\/\/basakcilastik.com.tr\/index.php?rest_route=\/wp\/v2\/product\/9946","targetHints":{"allow":["GET"]}}],"collection":[{"href":"http:\/\/basakcilastik.com.tr\/index.php?rest_route=\/wp\/v2\/product"}],"about":[{"href":"http:\/\/basakcilastik.com.tr\/index.php?rest_route=\/wp\/v2\/types\/product"}],"replies":[{"embeddable":true,"href":"http:\/\/basakcilastik.com.tr\/index.php?rest_route=%2Fwp%2Fv2%2Fcomments&post=9946"}],"wp:featuredmedia":[{"embeddable":true,"href":"http:\/\/basakcilastik.com.tr\/index.php?rest_route=\/wp\/v2\/media\/9949"}],"wp:attachment":[{"href":"http:\/\/basakcilastik.com.tr\/index.php?rest_route=%2Fwp%2Fv2%2Fmedia&parent=9946"}],"wp:term":[{"taxonomy":"product_brand","embeddable":true,"href":"http:\/\/basakcilastik.com.tr\/index.php?rest_route=%2Fwp%2Fv2%2Fproduct_brand&post=9946"},{"taxonomy":"product_cat","embeddable":true,"href":"http:\/\/basakcilastik.com.tr\/index.php?rest_route=%2Fwp%2Fv2%2Fproduct_cat&post=9946"},{"taxonomy":"product_tag","embeddable":true,"href":"http:\/\/basakcilastik.com.tr\/index.php?rest_route=%2Fwp%2Fv2%2Fproduct_tag&post=9946"}],"curies":[{"name":"wp","href":"https:\/\/api.w.org\/{rel}","templated":true}]}}