{"id":9889,"date":"2020-07-20T19:50:32","date_gmt":"2020-07-20T19:50:32","guid":{"rendered":"https:\/\/basakcilastik.com.tr\/?post_type=product&#038;p=9889"},"modified":"2020-07-20T19:50:32","modified_gmt":"2020-07-20T19:50:32","slug":"basinc-dusurucu-co2-muhafazali-5750s","status":"publish","type":"product","link":"http:\/\/basakcilastik.com.tr\/?product=basinc-dusurucu-co2-muhafazali-5750s","title":{"rendered":"Bas\u0131n\u00e7 D\u00fc\u015f\u00fcr\u00fcc\u00fc CO2 &#8211; Muhafazal\u0131 5750S"},"content":{"rendered":"<p><strong>Kod No:<\/strong>\u00a05750S<\/p>\n<p>Bas\u0131n\u00e7 D\u00fc\u015f\u00fcr\u00fcc\u00fc CO2 &#8211; Muhafazal\u0131<\/p>\n<p>&nbsp;<\/p>\n<table width=\"310\">\n<tbody>\n<tr>\n<td width=\"50%\"><strong>Gaz Giri\u015f Ba\u011flant\u0131s\u0131<\/strong><\/td>\n<td>:W 21,8&#215;1\/14&#8243;<\/td>\n<\/tr>\n<tr>\n<td width=\"50%\"><strong>Gaz \u00c7\u0131k\u0131\u015f Ba\u011flant\u0131s\u0131<\/strong><\/td>\n<td>:G 1\/4&#8221;<\/td>\n<\/tr>\n<tr>\n<td width=\"50%\"><strong>Gaz Giri\u015f Bas\u0131nc\u0131<\/strong><\/td>\n<td>:0-230 bar<\/td>\n<\/tr>\n<tr>\n<td width=\"50%\"><strong>Gaz \u00c7\u0131k\u0131\u015f Debisi<\/strong><\/td>\n<td>:0-21 l\/dak<\/td>\n<\/tr>\n<\/tbody>\n<\/table>\n<p>&nbsp;<\/p>\n<p>TEKN\u0130K \u00d6ZELL\u0130KLER<\/p>\n<ul>\n<li>MIG\/MAG, Plazma Kesim, Lazer kesim<\/li>\n<li>EN ISO 2503 standard\u0131na uygunluk (TSE,APRAGAZ)<\/li>\n<li>Krom kaplama kapak ve pirin\u00e7 g\u00f6vde tasar\u0131m\u0131<\/li>\n<li>Gaz cinsine \u00f6zel renkli tek manometre muhafazas\u0131<\/li>\n<li>G\u00fcvenli\u011fi sa\u011flayan geli\u015ftirilmi\u015f sigorta sistemi<\/li>\n<li>Arkadan giri\u015f Ba\u011flant\u0131l\u0131<\/li>\n<li>\u00d8 63 mm Flow (ak\u0131\u015f) manometreli<\/li>\n<li>T\u00fcm t\u00fcp korumalar\u0131na uygun tasarlanm\u0131\u015f t\u00fcp ba\u011flant\u0131s\u0131<\/li>\n<li>\u00d84 &#8211; \u00d86 mm hortum rakoru<\/li>\n<\/ul>\n","protected":false},"excerpt":{"rendered":"<p>Kod No:\u00a05750S Bas\u0131n\u00e7 D\u00fc\u015f\u00fcr\u00fcc\u00fc CO2 &#8211; Muhafazal\u0131 &nbsp; Gaz Giri\u015f Ba\u011flant\u0131s\u0131 :W 21,8&#215;1\/14&#8243; Gaz \u00c7\u0131k\u0131\u015f Ba\u011flant\u0131s\u0131 :G 1\/4&#8221; Gaz Giri\u015f Bas\u0131nc\u0131 :0-230 bar Gaz \u00c7\u0131k\u0131\u015f Debisi :0-21 l\/dak &nbsp; TEKN\u0130K \u00d6ZELL\u0130KLER MIG\/MAG, Plazma Kesim, Lazer kesim EN ISO 2503 standard\u0131na uygunluk (TSE,APRAGAZ) Krom kaplama kapak ve pirin\u00e7 g\u00f6vde tasar\u0131m\u0131 Gaz cinsine \u00f6zel renkli tek manometre muhafazas\u0131 G\u00fcvenli\u011fi sa\u011flayan geli\u015ftirilmi\u015f sigorta [&hellip;]<\/p>\n","protected":false},"featured_media":9890,"comment_status":"open","ping_status":"closed","template":"","meta":[],"product_brand":[],"product_cat":[15,132,131],"product_tag":[],"class_list":{"0":"post-9889","1":"product","2":"type-product","3":"status-publish","4":"has-post-thumbnail","6":"product_cat-genel","7":"product_cat-gaz-armaturleri","8":"product_cat-gaz-armaturleri-basinc-dusuruculer","10":"first","11":"instock","12":"shipping-taxable","13":"product-type-simple"},"_links":{"self":[{"href":"http:\/\/basakcilastik.com.tr\/index.php?rest_route=\/wp\/v2\/product\/9889","targetHints":{"allow":["GET"]}}],"collection":[{"href":"http:\/\/basakcilastik.com.tr\/index.php?rest_route=\/wp\/v2\/product"}],"about":[{"href":"http:\/\/basakcilastik.com.tr\/index.php?rest_route=\/wp\/v2\/types\/product"}],"replies":[{"embeddable":true,"href":"http:\/\/basakcilastik.com.tr\/index.php?rest_route=%2Fwp%2Fv2%2Fcomments&post=9889"}],"wp:featuredmedia":[{"embeddable":true,"href":"http:\/\/basakcilastik.com.tr\/index.php?rest_route=\/wp\/v2\/media\/9890"}],"wp:attachment":[{"href":"http:\/\/basakcilastik.com.tr\/index.php?rest_route=%2Fwp%2Fv2%2Fmedia&parent=9889"}],"wp:term":[{"taxonomy":"product_brand","embeddable":true,"href":"http:\/\/basakcilastik.com.tr\/index.php?rest_route=%2Fwp%2Fv2%2Fproduct_brand&post=9889"},{"taxonomy":"product_cat","embeddable":true,"href":"http:\/\/basakcilastik.com.tr\/index.php?rest_route=%2Fwp%2Fv2%2Fproduct_cat&post=9889"},{"taxonomy":"product_tag","embeddable":true,"href":"http:\/\/basakcilastik.com.tr\/index.php?rest_route=%2Fwp%2Fv2%2Fproduct_tag&post=9889"}],"curies":[{"name":"wp","href":"https:\/\/api.w.org\/{rel}","templated":true}]}}