{"id":9881,"date":"2020-07-17T02:58:15","date_gmt":"2020-07-17T02:58:15","guid":{"rendered":"https:\/\/basakcilastik.com.tr\/?post_type=product&#038;p=9881"},"modified":"2020-07-17T02:58:16","modified_gmt":"2020-07-17T02:58:16","slug":"ken-9283-titresimli-zimpara","status":"publish","type":"product","link":"http:\/\/basakcilastik.com.tr\/?product=ken-9283-titresimli-zimpara","title":{"rendered":"KEN 9283 T\u0130TRE\u015e\u0130ML\u0130 ZIMPARA"},"content":{"rendered":"<p>KEN 9283 T\u0130TRE\u015e\u0130ML\u0130 ZIMPARA<\/p>\n<p>220 W<\/p>\n<p>10000 d\/dk<\/p>\n<p>92X183 MM<\/p>\n<p>1.8 Kg<\/p>\n","protected":false},"excerpt":{"rendered":"<p>KEN 9283 T\u0130TRE\u015e\u0130ML\u0130 ZIMPARA 220 W 10000 d\/dk 92X183 MM 1.8 Kg<\/p>\n","protected":false},"featured_media":9882,"comment_status":"open","ping_status":"closed","template":"","meta":[],"product_brand":[],"product_cat":[15,52,71],"product_tag":[],"class_list":{"0":"post-9881","1":"product","2":"type-product","3":"status-publish","4":"has-post-thumbnail","6":"product_cat-genel","7":"product_cat-akulu-aletler","8":"product_cat-zimpara-ve-taslama-makinalari","10":"first","11":"instock","12":"shipping-taxable","13":"product-type-simple"},"_links":{"self":[{"href":"http:\/\/basakcilastik.com.tr\/index.php?rest_route=\/wp\/v2\/product\/9881","targetHints":{"allow":["GET"]}}],"collection":[{"href":"http:\/\/basakcilastik.com.tr\/index.php?rest_route=\/wp\/v2\/product"}],"about":[{"href":"http:\/\/basakcilastik.com.tr\/index.php?rest_route=\/wp\/v2\/types\/product"}],"replies":[{"embeddable":true,"href":"http:\/\/basakcilastik.com.tr\/index.php?rest_route=%2Fwp%2Fv2%2Fcomments&post=9881"}],"wp:featuredmedia":[{"embeddable":true,"href":"http:\/\/basakcilastik.com.tr\/index.php?rest_route=\/wp\/v2\/media\/9882"}],"wp:attachment":[{"href":"http:\/\/basakcilastik.com.tr\/index.php?rest_route=%2Fwp%2Fv2%2Fmedia&parent=9881"}],"wp:term":[{"taxonomy":"product_brand","embeddable":true,"href":"http:\/\/basakcilastik.com.tr\/index.php?rest_route=%2Fwp%2Fv2%2Fproduct_brand&post=9881"},{"taxonomy":"product_cat","embeddable":true,"href":"http:\/\/basakcilastik.com.tr\/index.php?rest_route=%2Fwp%2Fv2%2Fproduct_cat&post=9881"},{"taxonomy":"product_tag","embeddable":true,"href":"http:\/\/basakcilastik.com.tr\/index.php?rest_route=%2Fwp%2Fv2%2Fproduct_tag&post=9881"}],"curies":[{"name":"wp","href":"https:\/\/api.w.org\/{rel}","templated":true}]}}