{"id":9875,"date":"2020-07-17T02:54:54","date_gmt":"2020-07-17T02:54:54","guid":{"rendered":"https:\/\/basakcilastik.com.tr\/?post_type=product&#038;p=9875"},"modified":"2020-07-17T02:54:55","modified_gmt":"2020-07-17T02:54:55","slug":"gwx-750-115-professional-x-lock-ozellikli-taslama-makinesi","status":"publish","type":"product","link":"http:\/\/basakcilastik.com.tr\/?product=gwx-750-115-professional-x-lock-ozellikli-taslama-makinesi","title":{"rendered":"GWX 750-115 Professional X-LOCK \u00f6zellikli ta\u015flama makinesi"},"content":{"rendered":"<p>Teknik veriler<\/p>\n<table width=\"750\">\n<thead>\n<tr>\n<td colspan=\"2\">Ek veriler<\/td>\n<\/tr>\n<\/thead>\n<tbody>\n<tr>\n<td><strong>Nominal giri\u015f g\u00fcc\u00fc*<\/strong><\/td>\n<td><strong>750<\/strong>\u00a0<strong>W<\/strong><\/td>\n<\/tr>\n<tr>\n<td><strong>R\u00f6lanti devir say\u0131s\u0131*<\/strong><\/td>\n<td><strong>11.000<\/strong>\u00a0<strong>dev\/dak<\/strong><\/td>\n<\/tr>\n<tr>\n<td><strong>Disk \u00e7ap\u0131*<\/strong><\/td>\n<td><strong>115<\/strong>\u00a0<strong>mm<\/strong><\/td>\n<\/tr>\n<tr>\n<td>A\u011f\u0131rl\u0131k<\/td>\n<td>2\u00a0kg<\/td>\n<\/tr>\n<tr>\n<td>\u015ealter<\/td>\n<td>2 kanall\u0131<\/td>\n<\/tr>\n<tr>\n<td>\u00c7\u0131k\u0131\u015f g\u00fcc\u00fc<\/td>\n<td>380\u00a0W<\/td>\n<\/tr>\n<tr>\n<td>Tak\u0131m \u00f6l\u00e7\u00fcleri (geni\u015flik)<\/td>\n<td>73\u00a0mm<\/td>\n<\/tr>\n<tr>\n<td>Tak\u0131m \u00f6l\u00e7\u00fcleri (uzunluk)<\/td>\n<td>280\u00a0mm<\/td>\n<\/tr>\n<tr>\n<td>Tak\u0131m \u00f6l\u00e7\u00fcleri (y\u00fckseklik)<\/td>\n<td>100\u00a0mm<\/td>\n<\/tr>\n<\/tbody>\n<\/table>\n<p>&nbsp;<\/p>\n<table width=\"750\">\n<thead>\n<tr>\n<td colspan=\"2\">Toplam titre\u015fim de\u011feri (\u00dcst y\u00fczey z\u0131mparalama (kaz\u0131ma))<\/td>\n<\/tr>\n<\/thead>\n<tbody>\n<tr>\n<td>Titre\u015fim emisyon de\u011feri ah<\/td>\n<td>6,5\u00a0m\/s\u00b2<\/td>\n<\/tr>\n<tr>\n<td>Tolerans K<\/td>\n<td>1,5\u00a0m\/s\u00b2<\/td>\n<\/tr>\n<\/tbody>\n<\/table>\n<p>&nbsp;<\/p>\n<table width=\"750\">\n<thead>\n<tr>\n<td colspan=\"2\">Toplam titre\u015fim de\u011feri (Z\u0131mpara ka\u011f\u0131d\u0131 ile z\u0131mparalama)<\/td>\n<\/tr>\n<\/thead>\n<tbody>\n<tr>\n<td>Titre\u015fim emisyon de\u011feri ah<\/td>\n<td>6\u00a0m\/s\u00b2<\/td>\n<\/tr>\n<tr>\n<td>Tolerans K<\/td>\n<td>1,5\u00a0m\/s\u00b2<\/td>\n<\/tr>\n<\/tbody>\n<\/table>\n<p>* Vurgulanan Veriler<\/p>\n<p>Elektrikli el aletinin A-dereceli g\u00fcr\u00fclt\u00fc seviyesi tipik olarak \u015fu de\u011ferlere sahiptir: Ses bas\u0131nc\u0131 seviyesi 93 dB(A); Ses performans\u0131 seviyesi 104 dB(A). K belirsizli\u011fi= 3 dB.<\/p>\n","protected":false},"excerpt":{"rendered":"<p>Teknik veriler Ek veriler Nominal giri\u015f g\u00fcc\u00fc* 750\u00a0W R\u00f6lanti devir say\u0131s\u0131* 11.000\u00a0dev\/dak Disk \u00e7ap\u0131* 115\u00a0mm A\u011f\u0131rl\u0131k 2\u00a0kg \u015ealter 2 kanall\u0131 \u00c7\u0131k\u0131\u015f g\u00fcc\u00fc 380\u00a0W Tak\u0131m \u00f6l\u00e7\u00fcleri (geni\u015flik) 73\u00a0mm Tak\u0131m \u00f6l\u00e7\u00fcleri (uzunluk) 280\u00a0mm Tak\u0131m \u00f6l\u00e7\u00fcleri (y\u00fckseklik) 100\u00a0mm &nbsp; Toplam titre\u015fim de\u011feri (\u00dcst y\u00fczey z\u0131mparalama (kaz\u0131ma)) Titre\u015fim emisyon de\u011feri ah 6,5\u00a0m\/s\u00b2 Tolerans K 1,5\u00a0m\/s\u00b2 &nbsp; Toplam titre\u015fim de\u011feri (Z\u0131mpara ka\u011f\u0131d\u0131 ile z\u0131mparalama) Titre\u015fim [&hellip;]<\/p>\n","protected":false},"featured_media":9876,"comment_status":"open","ping_status":"closed","template":"","meta":[],"product_brand":[],"product_cat":[15,52,71],"product_tag":[],"class_list":{"0":"post-9875","1":"product","2":"type-product","3":"status-publish","4":"has-post-thumbnail","6":"product_cat-genel","7":"product_cat-akulu-aletler","8":"product_cat-zimpara-ve-taslama-makinalari","10":"first","11":"instock","12":"shipping-taxable","13":"product-type-simple"},"_links":{"self":[{"href":"http:\/\/basakcilastik.com.tr\/index.php?rest_route=\/wp\/v2\/product\/9875","targetHints":{"allow":["GET"]}}],"collection":[{"href":"http:\/\/basakcilastik.com.tr\/index.php?rest_route=\/wp\/v2\/product"}],"about":[{"href":"http:\/\/basakcilastik.com.tr\/index.php?rest_route=\/wp\/v2\/types\/product"}],"replies":[{"embeddable":true,"href":"http:\/\/basakcilastik.com.tr\/index.php?rest_route=%2Fwp%2Fv2%2Fcomments&post=9875"}],"wp:featuredmedia":[{"embeddable":true,"href":"http:\/\/basakcilastik.com.tr\/index.php?rest_route=\/wp\/v2\/media\/9876"}],"wp:attachment":[{"href":"http:\/\/basakcilastik.com.tr\/index.php?rest_route=%2Fwp%2Fv2%2Fmedia&parent=9875"}],"wp:term":[{"taxonomy":"product_brand","embeddable":true,"href":"http:\/\/basakcilastik.com.tr\/index.php?rest_route=%2Fwp%2Fv2%2Fproduct_brand&post=9875"},{"taxonomy":"product_cat","embeddable":true,"href":"http:\/\/basakcilastik.com.tr\/index.php?rest_route=%2Fwp%2Fv2%2Fproduct_cat&post=9875"},{"taxonomy":"product_tag","embeddable":true,"href":"http:\/\/basakcilastik.com.tr\/index.php?rest_route=%2Fwp%2Fv2%2Fproduct_tag&post=9875"}],"curies":[{"name":"wp","href":"https:\/\/api.w.org\/{rel}","templated":true}]}}