{"id":9869,"date":"2020-07-17T02:51:26","date_gmt":"2020-07-17T02:51:26","guid":{"rendered":"https:\/\/basakcilastik.com.tr\/?post_type=product&#038;p=9869"},"modified":"2020-07-17T02:51:27","modified_gmt":"2020-07-17T02:51:27","slug":"gwx-18v-8-professional-x-lock-ozellikli-akulu-taslama-makinesi","status":"publish","type":"product","link":"http:\/\/basakcilastik.com.tr\/?product=gwx-18v-8-professional-x-lock-ozellikli-akulu-taslama-makinesi","title":{"rendered":"GWX 18V-8 Professional X-LOCK \u00f6zellikli ak\u00fcl\u00fc ta\u015flama makinesi"},"content":{"rendered":"<p>Teknik veriler<\/p>\n<table width=\"750\">\n<thead>\n<tr>\n<td colspan=\"2\">Ek veriler<\/td>\n<\/tr>\n<\/thead>\n<tbody>\n<tr>\n<td><strong>Ak\u00fc gerilimi*<\/strong><\/td>\n<td><strong>18<\/strong>\u00a0<strong>V<\/strong><\/td>\n<\/tr>\n<tr>\n<td><strong>R\u00f6lanti devir say\u0131s\u0131*<\/strong><\/td>\n<td><strong>11.000<\/strong>\u00a0<strong>dev\/dak<\/strong><\/td>\n<\/tr>\n<tr>\n<td>Ak\u00fc hari\u00e7 a\u011f\u0131rl\u0131\u011f\u0131<\/td>\n<td>1,8\u00a0kg<\/td>\n<\/tr>\n<\/tbody>\n<\/table>\n<p>&nbsp;<\/p>\n<table width=\"750\">\n<thead>\n<tr>\n<td colspan=\"2\">U\u00e7lar<\/td>\n<\/tr>\n<\/thead>\n<tbody>\n<tr>\n<td><strong>Ta\u015flama ve kesme diski \u00e7ap\u0131*<\/strong><\/td>\n<td><strong>125<\/strong>\u00a0<strong>mm<\/strong><\/td>\n<\/tr>\n<tr>\n<td>Lastik z\u0131mpara taban\u0131 \u00e7ap\u0131<\/td>\n<td>125\u00a0mm<\/td>\n<\/tr>\n<\/tbody>\n<\/table>\n<p>&nbsp;<\/p>\n<table width=\"750\">\n<thead>\n<tr>\n<td colspan=\"2\">Toplam titre\u015fim de\u011feri (\u00dcst y\u00fczey z\u0131mparalama (kaz\u0131ma))<\/td>\n<\/tr>\n<\/thead>\n<tbody>\n<tr>\n<td>Titre\u015fim emisyon de\u011feri ah<\/td>\n<td>6\u00a0m\/s\u00b2<\/td>\n<\/tr>\n<tr>\n<td>Tolerans K<\/td>\n<td>1,5\u00a0m\/s\u00b2<\/td>\n<\/tr>\n<\/tbody>\n<\/table>\n<p>&nbsp;<\/p>\n<table width=\"750\">\n<thead>\n<tr>\n<td colspan=\"2\">Toplam titre\u015fim de\u011feri (Z\u0131mpara ka\u011f\u0131d\u0131 ile z\u0131mparalama)<\/td>\n<\/tr>\n<\/thead>\n<tbody>\n<tr>\n<td>Titre\u015fim emisyon de\u011feri ah<\/td>\n<td>2,5\u00a0m\/s\u00b2<\/td>\n<\/tr>\n<tr>\n<td>Tolerans K<\/td>\n<td>1,5\u00a0m\/s\u00b2<\/td>\n<\/tr>\n<\/tbody>\n<\/table>\n<p>* Vurgulanan Veriler<\/p>\n<p>Elektrikli el aletinin A-dereceli g\u00fcr\u00fclt\u00fc seviyesi tipik olarak \u015fu de\u011ferlere sahiptir: Ses bas\u0131nc\u0131 seviyesi 82 dB(A); Ses performans\u0131 seviyesi 93 dB(A). K belirsizli\u011fi= 3 dB.<\/p>\n","protected":false},"excerpt":{"rendered":"<p>Teknik veriler Ek veriler Ak\u00fc gerilimi* 18\u00a0V R\u00f6lanti devir say\u0131s\u0131* 11.000\u00a0dev\/dak Ak\u00fc hari\u00e7 a\u011f\u0131rl\u0131\u011f\u0131 1,8\u00a0kg &nbsp; U\u00e7lar Ta\u015flama ve kesme diski \u00e7ap\u0131* 125\u00a0mm Lastik z\u0131mpara taban\u0131 \u00e7ap\u0131 125\u00a0mm &nbsp; Toplam titre\u015fim de\u011feri (\u00dcst y\u00fczey z\u0131mparalama (kaz\u0131ma)) Titre\u015fim emisyon de\u011feri ah 6\u00a0m\/s\u00b2 Tolerans K 1,5\u00a0m\/s\u00b2 &nbsp; Toplam titre\u015fim de\u011feri (Z\u0131mpara ka\u011f\u0131d\u0131 ile z\u0131mparalama) Titre\u015fim emisyon de\u011feri ah 2,5\u00a0m\/s\u00b2 Tolerans K 1,5\u00a0m\/s\u00b2 [&hellip;]<\/p>\n","protected":false},"featured_media":9870,"comment_status":"open","ping_status":"closed","template":"","meta":[],"product_brand":[],"product_cat":[15,52,71],"product_tag":[],"class_list":{"0":"post-9869","1":"product","2":"type-product","3":"status-publish","4":"has-post-thumbnail","6":"product_cat-genel","7":"product_cat-akulu-aletler","8":"product_cat-zimpara-ve-taslama-makinalari","10":"first","11":"instock","12":"shipping-taxable","13":"product-type-simple"},"_links":{"self":[{"href":"http:\/\/basakcilastik.com.tr\/index.php?rest_route=\/wp\/v2\/product\/9869","targetHints":{"allow":["GET"]}}],"collection":[{"href":"http:\/\/basakcilastik.com.tr\/index.php?rest_route=\/wp\/v2\/product"}],"about":[{"href":"http:\/\/basakcilastik.com.tr\/index.php?rest_route=\/wp\/v2\/types\/product"}],"replies":[{"embeddable":true,"href":"http:\/\/basakcilastik.com.tr\/index.php?rest_route=%2Fwp%2Fv2%2Fcomments&post=9869"}],"wp:featuredmedia":[{"embeddable":true,"href":"http:\/\/basakcilastik.com.tr\/index.php?rest_route=\/wp\/v2\/media\/9870"}],"wp:attachment":[{"href":"http:\/\/basakcilastik.com.tr\/index.php?rest_route=%2Fwp%2Fv2%2Fmedia&parent=9869"}],"wp:term":[{"taxonomy":"product_brand","embeddable":true,"href":"http:\/\/basakcilastik.com.tr\/index.php?rest_route=%2Fwp%2Fv2%2Fproduct_brand&post=9869"},{"taxonomy":"product_cat","embeddable":true,"href":"http:\/\/basakcilastik.com.tr\/index.php?rest_route=%2Fwp%2Fv2%2Fproduct_cat&post=9869"},{"taxonomy":"product_tag","embeddable":true,"href":"http:\/\/basakcilastik.com.tr\/index.php?rest_route=%2Fwp%2Fv2%2Fproduct_tag&post=9869"}],"curies":[{"name":"wp","href":"https:\/\/api.w.org\/{rel}","templated":true}]}}