{"id":9841,"date":"2020-07-17T02:42:11","date_gmt":"2020-07-17T02:42:11","guid":{"rendered":"https:\/\/basakcilastik.com.tr\/?post_type=product&#038;p=9841"},"modified":"2020-07-17T02:42:12","modified_gmt":"2020-07-17T02:42:12","slug":"gws-26-180-jh-professional-taslama-makinesi","status":"publish","type":"product","link":"http:\/\/basakcilastik.com.tr\/?product=gws-26-180-jh-professional-taslama-makinesi","title":{"rendered":"GWS 26-180 JH Professional Ta\u015flama Makinesi"},"content":{"rendered":"<p>Teknik veriler<\/p>\n<table width=\"750\">\n<thead>\n<tr>\n<td colspan=\"2\">Ek veriler<\/td>\n<\/tr>\n<\/thead>\n<tbody>\n<tr>\n<td><strong>Nominal giri\u015f g\u00fcc\u00fc*<\/strong><\/td>\n<td><strong>2.600<\/strong>\u00a0<strong>W<\/strong><\/td>\n<\/tr>\n<tr>\n<td><strong>R\u00f6lanti devir say\u0131s\u0131*<\/strong><\/td>\n<td><strong>8.500<\/strong>\u00a0<strong>dev\/dak<\/strong><\/td>\n<\/tr>\n<tr>\n<td><strong>Disk \u00e7ap\u0131*<\/strong><\/td>\n<td><strong>180<\/strong>\u00a0<strong>mm<\/strong><\/td>\n<\/tr>\n<tr>\n<td>Ta\u015flama mili di\u015fi<\/td>\n<td>M 14<\/td>\n<\/tr>\n<tr>\n<td>Ana tutamak<\/td>\n<td>D\u00fcz<\/td>\n<\/tr>\n<tr>\n<td>A\u011f\u0131rl\u0131k<\/td>\n<td>6\u00a0kg<\/td>\n<\/tr>\n<tr>\n<td>\u015ealter<\/td>\n<td>Tricontrol<\/td>\n<\/tr>\n<\/tbody>\n<\/table>\n<p>&nbsp;<\/p>\n<table width=\"750\">\n<thead>\n<tr>\n<td colspan=\"2\">Toplam titre\u015fim de\u011feri (\u00dcst y\u00fczey z\u0131mparalama (kaz\u0131ma))<\/td>\n<\/tr>\n<\/thead>\n<tbody>\n<tr>\n<td>Titre\u015fim emisyon de\u011feri ah<\/td>\n<td>7,5\u00a0m\/s\u00b2<\/td>\n<\/tr>\n<tr>\n<td>Tolerans K<\/td>\n<td>1,5\u00a0m\/s\u00b2<\/td>\n<\/tr>\n<\/tbody>\n<\/table>\n<p>&nbsp;<\/p>\n<table width=\"750\">\n<thead>\n<tr>\n<td colspan=\"2\">Toplam titre\u015fim de\u011feri (Z\u0131mpara ka\u011f\u0131d\u0131 ile z\u0131mparalama)<\/td>\n<\/tr>\n<\/thead>\n<tbody>\n<tr>\n<td>Titre\u015fim emisyon de\u011feri ah<\/td>\n<td>4,5\u00a0m\/s\u00b2<\/td>\n<\/tr>\n<tr>\n<td>Tolerans K<\/td>\n<td>1,5\u00a0m\/s\u00b2<\/td>\n<\/tr>\n<\/tbody>\n<\/table>\n<p>* Vurgulanan Veriler<\/p>\n<p>Elektrikli el aletinin A-dereceli g\u00fcr\u00fclt\u00fc seviyesi tipik olarak \u015fu de\u011ferlere sahiptir: Ses bas\u0131nc\u0131 seviyesi 93 dB(A); Ses performans\u0131 seviyesi 104 dB(A). K belirsizli\u011fi= 3 dB.<\/p>\n","protected":false},"excerpt":{"rendered":"<p>Teknik veriler Ek veriler Nominal giri\u015f g\u00fcc\u00fc* 2.600\u00a0W R\u00f6lanti devir say\u0131s\u0131* 8.500\u00a0dev\/dak Disk \u00e7ap\u0131* 180\u00a0mm Ta\u015flama mili di\u015fi M 14 Ana tutamak D\u00fcz A\u011f\u0131rl\u0131k 6\u00a0kg \u015ealter Tricontrol &nbsp; Toplam titre\u015fim de\u011feri (\u00dcst y\u00fczey z\u0131mparalama (kaz\u0131ma)) Titre\u015fim emisyon de\u011feri ah 7,5\u00a0m\/s\u00b2 Tolerans K 1,5\u00a0m\/s\u00b2 &nbsp; Toplam titre\u015fim de\u011feri (Z\u0131mpara ka\u011f\u0131d\u0131 ile z\u0131mparalama) Titre\u015fim emisyon de\u011feri ah 4,5\u00a0m\/s\u00b2 Tolerans K 1,5\u00a0m\/s\u00b2 * [&hellip;]<\/p>\n","protected":false},"featured_media":9843,"comment_status":"open","ping_status":"closed","template":"","meta":[],"product_brand":[],"product_cat":[15,52,71],"product_tag":[],"class_list":{"0":"post-9841","1":"product","2":"type-product","3":"status-publish","4":"has-post-thumbnail","6":"product_cat-genel","7":"product_cat-akulu-aletler","8":"product_cat-zimpara-ve-taslama-makinalari","10":"first","11":"instock","12":"shipping-taxable","13":"product-type-simple"},"_links":{"self":[{"href":"http:\/\/basakcilastik.com.tr\/index.php?rest_route=\/wp\/v2\/product\/9841","targetHints":{"allow":["GET"]}}],"collection":[{"href":"http:\/\/basakcilastik.com.tr\/index.php?rest_route=\/wp\/v2\/product"}],"about":[{"href":"http:\/\/basakcilastik.com.tr\/index.php?rest_route=\/wp\/v2\/types\/product"}],"replies":[{"embeddable":true,"href":"http:\/\/basakcilastik.com.tr\/index.php?rest_route=%2Fwp%2Fv2%2Fcomments&post=9841"}],"wp:featuredmedia":[{"embeddable":true,"href":"http:\/\/basakcilastik.com.tr\/index.php?rest_route=\/wp\/v2\/media\/9843"}],"wp:attachment":[{"href":"http:\/\/basakcilastik.com.tr\/index.php?rest_route=%2Fwp%2Fv2%2Fmedia&parent=9841"}],"wp:term":[{"taxonomy":"product_brand","embeddable":true,"href":"http:\/\/basakcilastik.com.tr\/index.php?rest_route=%2Fwp%2Fv2%2Fproduct_brand&post=9841"},{"taxonomy":"product_cat","embeddable":true,"href":"http:\/\/basakcilastik.com.tr\/index.php?rest_route=%2Fwp%2Fv2%2Fproduct_cat&post=9841"},{"taxonomy":"product_tag","embeddable":true,"href":"http:\/\/basakcilastik.com.tr\/index.php?rest_route=%2Fwp%2Fv2%2Fproduct_tag&post=9841"}],"curies":[{"name":"wp","href":"https:\/\/api.w.org\/{rel}","templated":true}]}}