{"id":9764,"date":"2020-07-17T02:07:28","date_gmt":"2020-07-17T02:07:28","guid":{"rendered":"https:\/\/basakcilastik.com.tr\/?post_type=product&#038;p=9764"},"modified":"2020-07-17T02:07:28","modified_gmt":"2020-07-17T02:07:28","slug":"basinc-dusurucu-argon-sabit-basinc-ayari-5241sc","status":"publish","type":"product","link":"http:\/\/basakcilastik.com.tr\/?product=basinc-dusurucu-argon-sabit-basinc-ayari-5241sc","title":{"rendered":"Bas\u0131n\u00e7 D\u00fc\u015f\u00fcr\u00fcc\u00fc Argon (Sabit Bas\u0131n\u00e7 Ayar\u0131) 5241SC"},"content":{"rendered":"<p><strong>Kod No:<\/strong>\u00a05241SC<\/p>\n<p>Bas\u0131n\u00e7 D\u00fc\u015f\u00fcr\u00fcc\u00fc Argon (Sabit Bas\u0131n\u00e7 Ayar\u0131)<\/p>\n<p>&nbsp;<\/p>\n<table width=\"310\">\n<tbody>\n<tr>\n<td width=\"50%\"><strong>Gaz \u00c7\u0131k\u0131\u015f Bas\u0131nc\u0131<\/strong><\/td>\n<td>:0 &#8211; 10 bar<\/td>\n<\/tr>\n<tr>\n<td width=\"50%\"><strong>Gaz Giri\u015f Bas\u0131nc\u0131<\/strong><\/td>\n<td>:0 &#8211; 230 bar<\/td>\n<\/tr>\n<tr>\n<td width=\"50%\"><strong>Gaz \u00c7\u0131k\u0131\u015f Ba\u011flant\u0131s\u0131<\/strong><\/td>\n<td>:G 3\/8&#8221;<\/td>\n<\/tr>\n<tr>\n<td width=\"50%\"><strong>Gaz Giri\u015f Ba\u011flant\u0131s\u0131<\/strong><\/td>\n<td>:G 5\/8&#8221; D\u0131\u015f<\/td>\n<\/tr>\n<\/tbody>\n<\/table>\n<p>TEKN\u0130K \u00d6ZELL\u0130KLER<\/p>\n<ul>\n<li>TIG ve koruyucu gaz uygulamalar\u0131<\/li>\n<li>Tek kademeli bas\u0131n\u00e7 d\u00fc\u015f\u00fcr\u00fcc\u00fc<\/li>\n<li>EN ISO 2503 standard\u0131na uygunluk (TSE,APRAGAZ)<\/li>\n<li>\u00dcr\u00fcn \u00f6mr\u00fcn\u00fc artt\u0131ran paslanmaz filtre<\/li>\n<li>Krom kaplama kapak ve pirin\u00e7 g\u00f6vde tasar\u0131m\u0131<\/li>\n<li>G\u00fcvenli\u011fi sa\u011flayan geli\u015ftirilmi\u015f sigorta sistemi<\/li>\n<li>Flow (ak\u0131\u015f) manometreli<\/li>\n<li>T\u00fcm t\u00fcp korumalar\u0131na uygun tasarlanm\u0131\u015f t\u00fcp ba\u011flant\u0131s\u0131<\/li>\n<li>\u00d84 &#8211; \u00d86 mm hortum rakoru<\/li>\n<li>Bas\u0131n\u00e7 d\u00fc\u015fme ya da y\u00fckselmesini \u00f6nleyen\u00a0geli\u015ftirilmi\u015f sabit bas\u0131n\u00e7 kontrol sistemi<\/li>\n<\/ul>\n","protected":false},"excerpt":{"rendered":"<p>Kod No:\u00a05241SC Bas\u0131n\u00e7 D\u00fc\u015f\u00fcr\u00fcc\u00fc Argon (Sabit Bas\u0131n\u00e7 Ayar\u0131) &nbsp; Gaz \u00c7\u0131k\u0131\u015f Bas\u0131nc\u0131 :0 &#8211; 10 bar Gaz Giri\u015f Bas\u0131nc\u0131 :0 &#8211; 230 bar Gaz \u00c7\u0131k\u0131\u015f Ba\u011flant\u0131s\u0131 :G 3\/8&#8221; Gaz Giri\u015f Ba\u011flant\u0131s\u0131 :G 5\/8&#8221; D\u0131\u015f TEKN\u0130K \u00d6ZELL\u0130KLER TIG ve koruyucu gaz uygulamalar\u0131 Tek kademeli bas\u0131n\u00e7 d\u00fc\u015f\u00fcr\u00fcc\u00fc EN ISO 2503 standard\u0131na uygunluk (TSE,APRAGAZ) \u00dcr\u00fcn \u00f6mr\u00fcn\u00fc artt\u0131ran paslanmaz filtre Krom kaplama kapak ve [&hellip;]<\/p>\n","protected":false},"featured_media":9766,"comment_status":"open","ping_status":"closed","template":"","meta":[],"product_brand":[],"product_cat":[15,132,131],"product_tag":[],"class_list":{"0":"post-9764","1":"product","2":"type-product","3":"status-publish","4":"has-post-thumbnail","6":"product_cat-genel","7":"product_cat-gaz-armaturleri","8":"product_cat-gaz-armaturleri-basinc-dusuruculer","10":"first","11":"instock","12":"shipping-taxable","13":"product-type-simple"},"_links":{"self":[{"href":"http:\/\/basakcilastik.com.tr\/index.php?rest_route=\/wp\/v2\/product\/9764","targetHints":{"allow":["GET"]}}],"collection":[{"href":"http:\/\/basakcilastik.com.tr\/index.php?rest_route=\/wp\/v2\/product"}],"about":[{"href":"http:\/\/basakcilastik.com.tr\/index.php?rest_route=\/wp\/v2\/types\/product"}],"replies":[{"embeddable":true,"href":"http:\/\/basakcilastik.com.tr\/index.php?rest_route=%2Fwp%2Fv2%2Fcomments&post=9764"}],"wp:featuredmedia":[{"embeddable":true,"href":"http:\/\/basakcilastik.com.tr\/index.php?rest_route=\/wp\/v2\/media\/9766"}],"wp:attachment":[{"href":"http:\/\/basakcilastik.com.tr\/index.php?rest_route=%2Fwp%2Fv2%2Fmedia&parent=9764"}],"wp:term":[{"taxonomy":"product_brand","embeddable":true,"href":"http:\/\/basakcilastik.com.tr\/index.php?rest_route=%2Fwp%2Fv2%2Fproduct_brand&post=9764"},{"taxonomy":"product_cat","embeddable":true,"href":"http:\/\/basakcilastik.com.tr\/index.php?rest_route=%2Fwp%2Fv2%2Fproduct_cat&post=9764"},{"taxonomy":"product_tag","embeddable":true,"href":"http:\/\/basakcilastik.com.tr\/index.php?rest_route=%2Fwp%2Fv2%2Fproduct_tag&post=9764"}],"curies":[{"name":"wp","href":"https:\/\/api.w.org\/{rel}","templated":true}]}}