{"id":9741,"date":"2020-07-17T01:59:03","date_gmt":"2020-07-17T01:59:03","guid":{"rendered":"https:\/\/basakcilastik.com.tr\/?post_type=product&#038;p=9741"},"modified":"2020-07-17T01:59:04","modified_gmt":"2020-07-17T01:59:04","slug":"basinc-dusurucu-argon-flowmetreli-5240sf16","status":"publish","type":"product","link":"http:\/\/basakcilastik.com.tr\/?product=basinc-dusurucu-argon-flowmetreli-5240sf16","title":{"rendered":"Bas\u0131n\u00e7 D\u00fc\u015f\u00fcr\u00fcc\u00fc Argon (Flowmetreli) 5240SF16"},"content":{"rendered":"<p><strong>Kod No:<\/strong>\u00a05240SF16<\/p>\n<p>Bas\u0131n\u00e7 D\u00fc\u015f\u00fcr\u00fcc\u00fc Argon (Flowmetreli)<\/p>\n<p>&nbsp;<\/p>\n<table width=\"310\">\n<tbody>\n<tr>\n<td width=\"50%\"><strong>Gaz \u00c7\u0131k\u0131\u015f Debisi<\/strong><\/td>\n<td>:16 l\/min.<\/td>\n<\/tr>\n<tr>\n<td width=\"50%\"><strong>Gaz Giri\u015f Bas\u0131nc\u0131<\/strong><\/td>\n<td>:0-230 bar<\/td>\n<\/tr>\n<tr>\n<td width=\"50%\"><strong>Gaz \u00c7\u0131k\u0131\u015f Ba\u011flant\u0131s\u0131<\/strong><\/td>\n<td>:G 1\/4&#8221;<\/td>\n<\/tr>\n<tr>\n<td width=\"50%\"><strong>Gaz Giri\u015f Ba\u011flant\u0131s\u0131<\/strong><\/td>\n<td>:G 5\/8&#8221; D\u0131\u015f<\/td>\n<\/tr>\n<tr>\n<td width=\"50%\"><strong>Gaz Cinsi<\/strong><\/td>\n<td>:Argon<\/td>\n<\/tr>\n<\/tbody>\n<\/table>\n<p>&nbsp;<\/p>\n<p>TEKN\u0130K \u00d6ZELL\u0130KLER<\/p>\n<ul>\n<li>MIG\/MAG, Plazma Kesim, Lazer kesim<\/li>\n<li>Tek Kademeli Bas\u0131n\u00e7 D\u00fc\u015f\u00fcr\u00fcc\u00fc<\/li>\n<li>Bas\u0131n\u00e7 d\u00fc\u015fme yada y\u00fckselmesini \u00f6nleyen geli\u015ftirilmi\u015f tasar\u0131m<\/li>\n<li>EN ISO 2503 standard\u0131na uygunluk (TSE,APRAGAZ)<\/li>\n<li>\u00dcr\u00fcn \u00f6mr\u00fcn\u00fc artt\u0131ran paslanmaz filtre<\/li>\n<li>Krom kaplama kapak ve pirin\u00e7 g\u00f6vde tasar\u0131m\u0131<\/li>\n<li>T\u00fcm t\u00fcp korumalar\u0131na uygun tasarlanm\u0131\u015f t\u00fcp ba\u011flant\u0131s\u0131<\/li>\n<li>G\u00fcvenli\u011fi sa\u011flayan geli\u015ftirilmi\u015f sigorta sistemi<\/li>\n<li>Hassas Debi ayar\u0131 i\u00e7in Flowmetreli Tasar\u0131m<\/li>\n<li>\u00d86 &#8211; \u00d88 mm hortumlara uygun ba\u011flant\u0131 rakoru<\/li>\n<\/ul>\n","protected":false},"excerpt":{"rendered":"<p>Kod No:\u00a05240SF16 Bas\u0131n\u00e7 D\u00fc\u015f\u00fcr\u00fcc\u00fc Argon (Flowmetreli) &nbsp; Gaz \u00c7\u0131k\u0131\u015f Debisi :16 l\/min. Gaz Giri\u015f Bas\u0131nc\u0131 :0-230 bar Gaz \u00c7\u0131k\u0131\u015f Ba\u011flant\u0131s\u0131 :G 1\/4&#8221; Gaz Giri\u015f Ba\u011flant\u0131s\u0131 :G 5\/8&#8221; D\u0131\u015f Gaz Cinsi :Argon &nbsp; TEKN\u0130K \u00d6ZELL\u0130KLER MIG\/MAG, Plazma Kesim, Lazer kesim Tek Kademeli Bas\u0131n\u00e7 D\u00fc\u015f\u00fcr\u00fcc\u00fc Bas\u0131n\u00e7 d\u00fc\u015fme yada y\u00fckselmesini \u00f6nleyen geli\u015ftirilmi\u015f tasar\u0131m EN ISO 2503 standard\u0131na uygunluk (TSE,APRAGAZ) \u00dcr\u00fcn \u00f6mr\u00fcn\u00fc artt\u0131ran paslanmaz [&hellip;]<\/p>\n","protected":false},"featured_media":9743,"comment_status":"open","ping_status":"closed","template":"","meta":[],"product_brand":[],"product_cat":[15,132,131],"product_tag":[],"class_list":{"0":"post-9741","1":"product","2":"type-product","3":"status-publish","4":"has-post-thumbnail","6":"product_cat-genel","7":"product_cat-gaz-armaturleri","8":"product_cat-gaz-armaturleri-basinc-dusuruculer","10":"first","11":"instock","12":"shipping-taxable","13":"product-type-simple"},"_links":{"self":[{"href":"http:\/\/basakcilastik.com.tr\/index.php?rest_route=\/wp\/v2\/product\/9741","targetHints":{"allow":["GET"]}}],"collection":[{"href":"http:\/\/basakcilastik.com.tr\/index.php?rest_route=\/wp\/v2\/product"}],"about":[{"href":"http:\/\/basakcilastik.com.tr\/index.php?rest_route=\/wp\/v2\/types\/product"}],"replies":[{"embeddable":true,"href":"http:\/\/basakcilastik.com.tr\/index.php?rest_route=%2Fwp%2Fv2%2Fcomments&post=9741"}],"wp:featuredmedia":[{"embeddable":true,"href":"http:\/\/basakcilastik.com.tr\/index.php?rest_route=\/wp\/v2\/media\/9743"}],"wp:attachment":[{"href":"http:\/\/basakcilastik.com.tr\/index.php?rest_route=%2Fwp%2Fv2%2Fmedia&parent=9741"}],"wp:term":[{"taxonomy":"product_brand","embeddable":true,"href":"http:\/\/basakcilastik.com.tr\/index.php?rest_route=%2Fwp%2Fv2%2Fproduct_brand&post=9741"},{"taxonomy":"product_cat","embeddable":true,"href":"http:\/\/basakcilastik.com.tr\/index.php?rest_route=%2Fwp%2Fv2%2Fproduct_cat&post=9741"},{"taxonomy":"product_tag","embeddable":true,"href":"http:\/\/basakcilastik.com.tr\/index.php?rest_route=%2Fwp%2Fv2%2Fproduct_tag&post=9741"}],"curies":[{"name":"wp","href":"https:\/\/api.w.org\/{rel}","templated":true}]}}