{"id":9734,"date":"2020-07-17T01:56:37","date_gmt":"2020-07-17T01:56:37","guid":{"rendered":"https:\/\/basakcilastik.com.tr\/?post_type=product&#038;p=9734"},"modified":"2020-07-17T01:56:38","modified_gmt":"2020-07-17T01:56:38","slug":"gws-9-115-p-professional-taslama-makinesi","status":"publish","type":"product","link":"http:\/\/basakcilastik.com.tr\/?product=gws-9-115-p-professional-taslama-makinesi","title":{"rendered":"GWS 9-115 P Professional Ta\u015flama Makinesi"},"content":{"rendered":"<p>Teknik veriler<\/p>\n<table width=\"750\">\n<thead>\n<tr>\n<td colspan=\"2\">Ek veriler<\/td>\n<\/tr>\n<\/thead>\n<tbody>\n<tr>\n<td><strong>R\u00f6lanti devir say\u0131s\u0131*<\/strong><\/td>\n<td><strong>11.000 \u2013 11.000<\/strong>\u00a0<strong>dev\/dak<\/strong><\/td>\n<\/tr>\n<tr>\n<td><strong>Nominal giri\u015f g\u00fcc\u00fc*<\/strong><\/td>\n<td><strong>900<\/strong>\u00a0<strong>W<\/strong><\/td>\n<\/tr>\n<tr>\n<td><strong>Disk \u00e7ap\u0131*<\/strong><\/td>\n<td><strong>115<\/strong>\u00a0<strong>mm<\/strong><\/td>\n<\/tr>\n<tr>\n<td>Ta\u015flama mili di\u015fi<\/td>\n<td>M 14<\/td>\n<\/tr>\n<tr>\n<td>A\u011f\u0131rl\u0131k<\/td>\n<td>1,9\u00a0kg<\/td>\n<\/tr>\n<tr>\n<td>\u015ealter<\/td>\n<td>PROtection<\/td>\n<\/tr>\n<tr>\n<td>Tak\u0131m \u00f6l\u00e7\u00fcleri (geni\u015flik)<\/td>\n<td>73\u00a0mm<\/td>\n<\/tr>\n<tr>\n<td>Tak\u0131m \u00f6l\u00e7\u00fcleri (uzunluk)<\/td>\n<td>280\u00a0mm<\/td>\n<\/tr>\n<tr>\n<td>Tak\u0131m \u00f6l\u00e7\u00fcleri (y\u00fckseklik)<\/td>\n<td>100\u00a0mm<\/td>\n<\/tr>\n<\/tbody>\n<\/table>\n<p>* Vurgulanan Veriler<\/p>\n<p>Elektrikli el aletinin A-dereceli g\u00fcr\u00fclt\u00fc seviyesi tipik olarak \u015fu de\u011ferlere sahiptir: Ses bas\u0131nc\u0131 seviyesi dB(A); Ses performans\u0131 seviyesi dB(A). K belirsizli\u011fi= dB.<\/p>\n","protected":false},"excerpt":{"rendered":"<p>Teknik veriler Ek veriler R\u00f6lanti devir say\u0131s\u0131* 11.000 \u2013 11.000\u00a0dev\/dak Nominal giri\u015f g\u00fcc\u00fc* 900\u00a0W Disk \u00e7ap\u0131* 115\u00a0mm Ta\u015flama mili di\u015fi M 14 A\u011f\u0131rl\u0131k 1,9\u00a0kg \u015ealter PROtection Tak\u0131m \u00f6l\u00e7\u00fcleri (geni\u015flik) 73\u00a0mm Tak\u0131m \u00f6l\u00e7\u00fcleri (uzunluk) 280\u00a0mm Tak\u0131m \u00f6l\u00e7\u00fcleri (y\u00fckseklik) 100\u00a0mm * Vurgulanan Veriler Elektrikli el aletinin A-dereceli g\u00fcr\u00fclt\u00fc seviyesi tipik olarak \u015fu de\u011ferlere sahiptir: Ses bas\u0131nc\u0131 seviyesi dB(A); Ses performans\u0131 seviyesi dB(A). [&hellip;]<\/p>\n","protected":false},"featured_media":9736,"comment_status":"open","ping_status":"closed","template":"","meta":[],"product_brand":[],"product_cat":[15,52,71],"product_tag":[],"class_list":{"0":"post-9734","1":"product","2":"type-product","3":"status-publish","4":"has-post-thumbnail","6":"product_cat-genel","7":"product_cat-akulu-aletler","8":"product_cat-zimpara-ve-taslama-makinalari","10":"first","11":"instock","12":"shipping-taxable","13":"product-type-simple"},"_links":{"self":[{"href":"http:\/\/basakcilastik.com.tr\/index.php?rest_route=\/wp\/v2\/product\/9734","targetHints":{"allow":["GET"]}}],"collection":[{"href":"http:\/\/basakcilastik.com.tr\/index.php?rest_route=\/wp\/v2\/product"}],"about":[{"href":"http:\/\/basakcilastik.com.tr\/index.php?rest_route=\/wp\/v2\/types\/product"}],"replies":[{"embeddable":true,"href":"http:\/\/basakcilastik.com.tr\/index.php?rest_route=%2Fwp%2Fv2%2Fcomments&post=9734"}],"wp:featuredmedia":[{"embeddable":true,"href":"http:\/\/basakcilastik.com.tr\/index.php?rest_route=\/wp\/v2\/media\/9736"}],"wp:attachment":[{"href":"http:\/\/basakcilastik.com.tr\/index.php?rest_route=%2Fwp%2Fv2%2Fmedia&parent=9734"}],"wp:term":[{"taxonomy":"product_brand","embeddable":true,"href":"http:\/\/basakcilastik.com.tr\/index.php?rest_route=%2Fwp%2Fv2%2Fproduct_brand&post=9734"},{"taxonomy":"product_cat","embeddable":true,"href":"http:\/\/basakcilastik.com.tr\/index.php?rest_route=%2Fwp%2Fv2%2Fproduct_cat&post=9734"},{"taxonomy":"product_tag","embeddable":true,"href":"http:\/\/basakcilastik.com.tr\/index.php?rest_route=%2Fwp%2Fv2%2Fproduct_tag&post=9734"}],"curies":[{"name":"wp","href":"https:\/\/api.w.org\/{rel}","templated":true}]}}