{"id":9697,"date":"2020-07-17T01:44:38","date_gmt":"2020-07-17T01:44:38","guid":{"rendered":"https:\/\/basakcilastik.com.tr\/?post_type=product&#038;p=9697"},"modified":"2020-07-17T01:44:39","modified_gmt":"2020-07-17T01:44:39","slug":"basinc-dusurucu-yuksek-basinc-azot-20-bar-50230s","status":"publish","type":"product","link":"http:\/\/basakcilastik.com.tr\/?product=basinc-dusurucu-yuksek-basinc-azot-20-bar-50230s","title":{"rendered":"Bas\u0131n\u00e7 D\u00fcs\u00fcr\u00fcc\u00fc Y\u00fcksek Bas\u0131n\u00e7 Azot 20 bar 50230S"},"content":{"rendered":"<p><strong>Kod No:<\/strong>\u00a050230S<\/p>\n<p>Bas\u0131n\u00e7 D\u00fc\u015f\u00fcr\u00fcc\u00fc Y\u00fcksek Bas\u0131n\u00e7 Azot 20 bar<\/p>\n<p>&nbsp;<\/p>\n<table width=\"310\">\n<tbody>\n<tr>\n<td width=\"50%\"><strong>Gaz Cinsi<\/strong><\/td>\n<td>:Azot<\/td>\n<\/tr>\n<tr>\n<td width=\"50%\"><strong>Gaz Giri\u015f Ba\u011flant\u0131s\u0131<\/strong><\/td>\n<td>:G 5\/8<\/td>\n<\/tr>\n<tr>\n<td width=\"50%\"><strong>Gaz \u00c7\u0131k\u0131\u015f Ba\u011flant\u0131s\u0131<\/strong><\/td>\n<td>:G 3\/8<\/td>\n<\/tr>\n<tr>\n<td width=\"50%\"><strong>Red\u00fcksiyon Ba\u011flant\u0131s\u0131<\/strong><\/td>\n<td>:W21,80 x 1\/14<\/td>\n<\/tr>\n<tr>\n<td width=\"50%\"><strong>Gaz Giri\u015f Bas\u0131nc\u0131<\/strong><\/td>\n<td>:0-200 bar<\/td>\n<\/tr>\n<tr>\n<td width=\"50%\"><strong>Gaz \u00c7\u0131k\u0131\u015f Bas\u0131nc\u0131<\/strong><\/td>\n<td>:0-20 bar<\/td>\n<\/tr>\n<\/tbody>\n<\/table>\n<p>&nbsp;<\/p>\n<p>TEKN\u0130K \u00d6ZELL\u0130KLER<\/p>\n<ul>\n<li>Y\u00fcksek bas\u0131n\u00e7 gerektiren uygulamalarda kullan\u0131l\u0131r<\/li>\n<li>\u00dcr\u00fcn \u00f6mr\u00fcn\u00fc artt\u0131ran paslanmaz filtre<\/li>\n<li>Y\u00fcksek bas\u0131nca dayan\u0131kl\u0131 pirin\u00e7 diyafram<\/li>\n<li>Pirin\u00e7 kapak ve g\u00f6vde tasar\u0131m\u0131<\/li>\n<li>\u00d8 63 mm Manometreler<\/li>\n<li>T\u00fcm t\u00fcp korumalar\u0131na uygun tasarlanm\u0131\u015f\u00a0t\u00fcp ba\u011flant\u0131s\u0131<\/li>\n<\/ul>\n","protected":false},"excerpt":{"rendered":"<p>Kod No:\u00a050230S Bas\u0131n\u00e7 D\u00fc\u015f\u00fcr\u00fcc\u00fc Y\u00fcksek Bas\u0131n\u00e7 Azot 20 bar &nbsp; Gaz Cinsi :Azot Gaz Giri\u015f Ba\u011flant\u0131s\u0131 :G 5\/8 Gaz \u00c7\u0131k\u0131\u015f Ba\u011flant\u0131s\u0131 :G 3\/8 Red\u00fcksiyon Ba\u011flant\u0131s\u0131 :W21,80 x 1\/14 Gaz Giri\u015f Bas\u0131nc\u0131 :0-200 bar Gaz \u00c7\u0131k\u0131\u015f Bas\u0131nc\u0131 :0-20 bar &nbsp; TEKN\u0130K \u00d6ZELL\u0130KLER Y\u00fcksek bas\u0131n\u00e7 gerektiren uygulamalarda kullan\u0131l\u0131r \u00dcr\u00fcn \u00f6mr\u00fcn\u00fc artt\u0131ran paslanmaz filtre Y\u00fcksek bas\u0131nca dayan\u0131kl\u0131 pirin\u00e7 diyafram Pirin\u00e7 kapak ve g\u00f6vde [&hellip;]<\/p>\n","protected":false},"featured_media":9699,"comment_status":"open","ping_status":"closed","template":"","meta":[],"product_brand":[],"product_cat":[15,132,131],"product_tag":[],"class_list":{"0":"post-9697","1":"product","2":"type-product","3":"status-publish","4":"has-post-thumbnail","6":"product_cat-genel","7":"product_cat-gaz-armaturleri","8":"product_cat-gaz-armaturleri-basinc-dusuruculer","10":"first","11":"instock","12":"shipping-taxable","13":"product-type-simple"},"_links":{"self":[{"href":"http:\/\/basakcilastik.com.tr\/index.php?rest_route=\/wp\/v2\/product\/9697","targetHints":{"allow":["GET"]}}],"collection":[{"href":"http:\/\/basakcilastik.com.tr\/index.php?rest_route=\/wp\/v2\/product"}],"about":[{"href":"http:\/\/basakcilastik.com.tr\/index.php?rest_route=\/wp\/v2\/types\/product"}],"replies":[{"embeddable":true,"href":"http:\/\/basakcilastik.com.tr\/index.php?rest_route=%2Fwp%2Fv2%2Fcomments&post=9697"}],"wp:featuredmedia":[{"embeddable":true,"href":"http:\/\/basakcilastik.com.tr\/index.php?rest_route=\/wp\/v2\/media\/9699"}],"wp:attachment":[{"href":"http:\/\/basakcilastik.com.tr\/index.php?rest_route=%2Fwp%2Fv2%2Fmedia&parent=9697"}],"wp:term":[{"taxonomy":"product_brand","embeddable":true,"href":"http:\/\/basakcilastik.com.tr\/index.php?rest_route=%2Fwp%2Fv2%2Fproduct_brand&post=9697"},{"taxonomy":"product_cat","embeddable":true,"href":"http:\/\/basakcilastik.com.tr\/index.php?rest_route=%2Fwp%2Fv2%2Fproduct_cat&post=9697"},{"taxonomy":"product_tag","embeddable":true,"href":"http:\/\/basakcilastik.com.tr\/index.php?rest_route=%2Fwp%2Fv2%2Fproduct_tag&post=9697"}],"curies":[{"name":"wp","href":"https:\/\/api.w.org\/{rel}","templated":true}]}}