{"id":9680,"date":"2020-07-17T01:39:01","date_gmt":"2020-07-17T01:39:01","guid":{"rendered":"https:\/\/basakcilastik.com.tr\/?post_type=product&#038;p=9680"},"modified":"2020-07-17T01:39:01","modified_gmt":"2020-07-17T01:39:01","slug":"aygaz-tup-adaptoru-5120-icin-1003","status":"publish","type":"product","link":"http:\/\/basakcilastik.com.tr\/?product=aygaz-tup-adaptoru-5120-icin-1003","title":{"rendered":"Aygaz T\u00fcp Adapt\u00f6r\u00fc (5120 i\u00e7in) 1003"},"content":{"rendered":"<p>Aygaz T\u00fcp Adapt\u00f6r\u00fc (5120 i\u00e7in) 1003<\/p>\n","protected":false},"excerpt":{"rendered":"<p>Aygaz T\u00fcp Adapt\u00f6r\u00fc (5120 i\u00e7in) 1003<\/p>\n","protected":false},"featured_media":9682,"comment_status":"open","ping_status":"closed","template":"","meta":[],"product_brand":[],"product_cat":[15,132,131],"product_tag":[],"class_list":{"0":"post-9680","1":"product","2":"type-product","3":"status-publish","4":"has-post-thumbnail","6":"product_cat-genel","7":"product_cat-gaz-armaturleri","8":"product_cat-gaz-armaturleri-basinc-dusuruculer","10":"first","11":"instock","12":"shipping-taxable","13":"product-type-simple"},"_links":{"self":[{"href":"http:\/\/basakcilastik.com.tr\/index.php?rest_route=\/wp\/v2\/product\/9680","targetHints":{"allow":["GET"]}}],"collection":[{"href":"http:\/\/basakcilastik.com.tr\/index.php?rest_route=\/wp\/v2\/product"}],"about":[{"href":"http:\/\/basakcilastik.com.tr\/index.php?rest_route=\/wp\/v2\/types\/product"}],"replies":[{"embeddable":true,"href":"http:\/\/basakcilastik.com.tr\/index.php?rest_route=%2Fwp%2Fv2%2Fcomments&post=9680"}],"wp:featuredmedia":[{"embeddable":true,"href":"http:\/\/basakcilastik.com.tr\/index.php?rest_route=\/wp\/v2\/media\/9682"}],"wp:attachment":[{"href":"http:\/\/basakcilastik.com.tr\/index.php?rest_route=%2Fwp%2Fv2%2Fmedia&parent=9680"}],"wp:term":[{"taxonomy":"product_brand","embeddable":true,"href":"http:\/\/basakcilastik.com.tr\/index.php?rest_route=%2Fwp%2Fv2%2Fproduct_brand&post=9680"},{"taxonomy":"product_cat","embeddable":true,"href":"http:\/\/basakcilastik.com.tr\/index.php?rest_route=%2Fwp%2Fv2%2Fproduct_cat&post=9680"},{"taxonomy":"product_tag","embeddable":true,"href":"http:\/\/basakcilastik.com.tr\/index.php?rest_route=%2Fwp%2Fv2%2Fproduct_tag&post=9680"}],"curies":[{"name":"wp","href":"https:\/\/api.w.org\/{rel}","templated":true}]}}