{"id":9607,"date":"2020-07-17T01:03:38","date_gmt":"2020-07-17T01:03:38","guid":{"rendered":"https:\/\/basakcilastik.com.tr\/?post_type=product&#038;p=9607"},"modified":"2020-07-17T01:03:39","modified_gmt":"2020-07-17T01:03:39","slug":"alev-emniyet-valfi-hortum-arasi-icin-oksijen-1028","status":"publish","type":"product","link":"http:\/\/basakcilastik.com.tr\/?product=alev-emniyet-valfi-hortum-arasi-icin-oksijen-1028","title":{"rendered":"Alev Emniyet Valfi Hortum Arasi I\u00e7in Oksijen 1028"},"content":{"rendered":"<p><strong>Kod No:<\/strong>\u00a01028<\/p>\n<p>Alev Emniyet Valfi Hortum Arasi I\u00e7in Oksijen<\/p>\n<p>&nbsp;<\/p>\n<table width=\"310\">\n<tbody>\n<tr>\n<td width=\"50%\"><strong>Giri\u015f Ba\u011flant\u0131s\u0131<\/strong><\/td>\n<td>:6,3 mm<\/td>\n<\/tr>\n<tr>\n<td width=\"50%\"><strong>Debisi<\/strong><\/td>\n<td>:35 m3\/h<\/td>\n<\/tr>\n<tr>\n<td width=\"50%\"><strong>Kullan\u0131m Bas\u0131nc\u0131<\/strong><\/td>\n<td>:10 bar<\/td>\n<\/tr>\n<tr>\n<td width=\"50%\"><strong>Gaz Cinsi<\/strong><\/td>\n<td>:Oksijen<\/td>\n<\/tr>\n<tr>\n<td width=\"50%\"><strong>Kullan\u0131m Yeri<\/strong><\/td>\n<td>:Hortum Aras\u0131 \u0130\u00e7in Oksijen<\/td>\n<\/tr>\n<tr>\n<td width=\"50%\"><strong>\u00c7\u0131k\u0131\u015f Ba\u011flant\u0131s\u0131<\/strong><\/td>\n<td>:6,3 mm<\/td>\n<\/tr>\n<\/tbody>\n<\/table>\n<p>Teknik \u00d6zellik<\/p>\n<p>Teknik \u00d6zellikler<\/p>\n<ul>\n<li>\u00c7ek Valf, Alev Tutucu Emniyet Tertibat\u0131<\/li>\n<li>Alev Emniyet Valfinin i\u00e7inde bulunan yay, s\u00fcrekli bask\u0131 halinde bulundu\u011fundan ters\u00a0y\u00f6ndeki gaz ak\u0131\u015f\u0131na m\u00fcsaade etmez. B\u00f6ylelikle al\u00e7ak ve y\u00fcksek bas\u0131n\u00e7larda gaz geri\u00a0tepmelerinden dolay\u0131 gazlar\u0131n hor tumlarda kar\u0131\u015fmalar\u0131n\u0131 ve patlay\u0131c\u0131 \u00f6zellik\u00a0kazanmas\u0131n\u0131 \u00f6nler.<\/li>\n<li>Gaz ak\u0131\u015f bas\u0131nc\u0131, valf \u00fczerindeki yay\u0131n bask\u0131s\u0131n\u0131 kald\u0131rarak valfi a\u00e7ar ve gaz\u0131n hamlaca\u00a0do\u011fru ak\u0131\u015f\u0131 sa\u011flan\u0131r.<\/li>\n<li>Hor tum Aras\u0131 Emniyet Valfleri, hamla\u00e7 arkas\u0131na ba\u011flanan Alev Emniyet Valflerinin\u00a0ba\u011flant\u0131s\u0131 yap\u0131lamad\u0131\u011f\u0131 durumlarda kullan\u0131l\u0131r.<\/li>\n<\/ul>\n<p>&nbsp;<\/p>\n","protected":false},"excerpt":{"rendered":"<p>Kod No:\u00a01028 Alev Emniyet Valfi Hortum Arasi I\u00e7in Oksijen &nbsp; Giri\u015f Ba\u011flant\u0131s\u0131 :6,3 mm Debisi :35 m3\/h Kullan\u0131m Bas\u0131nc\u0131 :10 bar Gaz Cinsi :Oksijen Kullan\u0131m Yeri :Hortum Aras\u0131 \u0130\u00e7in Oksijen \u00c7\u0131k\u0131\u015f Ba\u011flant\u0131s\u0131 :6,3 mm Teknik \u00d6zellik Teknik \u00d6zellikler \u00c7ek Valf, Alev Tutucu Emniyet Tertibat\u0131 Alev Emniyet Valfinin i\u00e7inde bulunan yay, s\u00fcrekli bask\u0131 halinde bulundu\u011fundan ters\u00a0y\u00f6ndeki gaz ak\u0131\u015f\u0131na m\u00fcsaade etmez. B\u00f6ylelikle [&hellip;]<\/p>\n","protected":false},"featured_media":9609,"comment_status":"open","ping_status":"closed","template":"","meta":[],"product_brand":[],"product_cat":[15,132,131],"product_tag":[],"class_list":{"0":"post-9607","1":"product","2":"type-product","3":"status-publish","4":"has-post-thumbnail","6":"product_cat-genel","7":"product_cat-gaz-armaturleri","8":"product_cat-gaz-armaturleri-basinc-dusuruculer","10":"first","11":"instock","12":"shipping-taxable","13":"product-type-simple"},"_links":{"self":[{"href":"http:\/\/basakcilastik.com.tr\/index.php?rest_route=\/wp\/v2\/product\/9607","targetHints":{"allow":["GET"]}}],"collection":[{"href":"http:\/\/basakcilastik.com.tr\/index.php?rest_route=\/wp\/v2\/product"}],"about":[{"href":"http:\/\/basakcilastik.com.tr\/index.php?rest_route=\/wp\/v2\/types\/product"}],"replies":[{"embeddable":true,"href":"http:\/\/basakcilastik.com.tr\/index.php?rest_route=%2Fwp%2Fv2%2Fcomments&post=9607"}],"wp:featuredmedia":[{"embeddable":true,"href":"http:\/\/basakcilastik.com.tr\/index.php?rest_route=\/wp\/v2\/media\/9609"}],"wp:attachment":[{"href":"http:\/\/basakcilastik.com.tr\/index.php?rest_route=%2Fwp%2Fv2%2Fmedia&parent=9607"}],"wp:term":[{"taxonomy":"product_brand","embeddable":true,"href":"http:\/\/basakcilastik.com.tr\/index.php?rest_route=%2Fwp%2Fv2%2Fproduct_brand&post=9607"},{"taxonomy":"product_cat","embeddable":true,"href":"http:\/\/basakcilastik.com.tr\/index.php?rest_route=%2Fwp%2Fv2%2Fproduct_cat&post=9607"},{"taxonomy":"product_tag","embeddable":true,"href":"http:\/\/basakcilastik.com.tr\/index.php?rest_route=%2Fwp%2Fv2%2Fproduct_tag&post=9607"}],"curies":[{"name":"wp","href":"https:\/\/api.w.org\/{rel}","templated":true}]}}