{"id":9597,"date":"2020-07-17T00:58:49","date_gmt":"2020-07-17T00:58:49","guid":{"rendered":"https:\/\/basakcilastik.com.tr\/?post_type=product&#038;p=9597"},"modified":"2020-07-17T00:58:49","modified_gmt":"2020-07-17T00:58:49","slug":"einhell-tc-rs-38-e-eksantrik-zimpara","status":"publish","type":"product","link":"http:\/\/basakcilastik.com.tr\/?product=einhell-tc-rs-38-e-eksantrik-zimpara","title":{"rendered":"Einhell TC-RS 38 E Eksantrik Z\u0131mpara"},"content":{"rendered":"<p><strong>\u00dcr\u00fcn a\u00e7\u0131klamas\u0131<\/strong><\/p>\n<p>Einhell TC-RS 38 E Eksantrik Z\u0131mpara ah\u015fap, plastik ve metal malzemelerde z\u0131mparalama i\u015flerinde iyi hizmet veren sa\u011flam ve kullan\u0131\u015fl\u0131 bir \u00fcr\u00fcnd\u00fcr. Elektronik h\u0131z kontrol\u00fc \u00e7al\u0131\u015f\u0131lan malzemeye uygun olarak h\u0131z\u0131n ayarlanmas\u0131n\u0131 sa\u011flar. Hook and loop c\u0131rt bant sistemi ile z\u0131mpara ka\u011f\u0131d\u0131 kolay ve h\u0131zl\u0131ca de\u011fi\u015ftirilebilir. Geni\u015f tutamaklar\u0131 uzun \u00e7al\u0131\u015fma s\u00fcrelerinde bile konforlu bir tutu\u015f sa\u011flar. Toz torbas\u0131 ve z\u0131mpara ka\u011f\u0131d\u0131 ile birlikte gelir.<\/p>\n<p><strong>\u00d6zellikler<\/strong><\/p>\n<p>Eksantrik Z\u0131mpara TC-RS 38 E i\u00e7in detaylar, \u015fekiller ve bilgiler: burada ayr\u0131nt\u0131l\u0131 teknik veriler ve bu Einhell \u00fcr\u00fcn\u00fcn\u00fcn boyutlar\u0131, a\u011f\u0131rl\u0131\u011f\u0131 ve ambalaj\u0131 hakk\u0131nda \u00f6zel bilgiler bulacaks\u0131n\u0131z.<\/p>\n<table>\n<tbody>\n<tr>\n<td colspan=\"2\"><strong>Teknik \u00d6zellikler<\/strong><\/td>\n<\/tr>\n<tr>\n<td><strong>Giri\u015f voltaj\u0131<\/strong><\/td>\n<td>230 V | 50 Hz<\/td>\n<\/tr>\n<tr>\n<td><strong>G\u00fc\u00e7<\/strong><\/td>\n<td>380 W<\/td>\n<\/tr>\n<tr>\n<td><strong>Titre\u015fim h\u0131z\u0131<\/strong><\/td>\n<td>12000 &#8211; 26000 min^-1<\/td>\n<\/tr>\n<tr>\n<td><strong>Titre\u015fim \u00e7ap\u0131<\/strong><\/td>\n<td>2 mm<\/td>\n<\/tr>\n<tr>\n<td><strong>destek \u00e7ap\u0131<\/strong><\/td>\n<td>125 mm<\/td>\n<\/tr>\n<\/tbody>\n<\/table>\n","protected":false},"excerpt":{"rendered":"<p>\u00dcr\u00fcn a\u00e7\u0131klamas\u0131 Einhell TC-RS 38 E Eksantrik Z\u0131mpara ah\u015fap, plastik ve metal malzemelerde z\u0131mparalama i\u015flerinde iyi hizmet veren sa\u011flam ve kullan\u0131\u015fl\u0131 bir \u00fcr\u00fcnd\u00fcr. Elektronik h\u0131z kontrol\u00fc \u00e7al\u0131\u015f\u0131lan malzemeye uygun olarak h\u0131z\u0131n ayarlanmas\u0131n\u0131 sa\u011flar. Hook and loop c\u0131rt bant sistemi ile z\u0131mpara ka\u011f\u0131d\u0131 kolay ve h\u0131zl\u0131ca de\u011fi\u015ftirilebilir. Geni\u015f tutamaklar\u0131 uzun \u00e7al\u0131\u015fma s\u00fcrelerinde bile konforlu bir tutu\u015f sa\u011flar. Toz torbas\u0131 ve z\u0131mpara [&hellip;]<\/p>\n","protected":false},"featured_media":9598,"comment_status":"open","ping_status":"closed","template":"","meta":[],"product_brand":[],"product_cat":[15,52,71],"product_tag":[],"class_list":{"0":"post-9597","1":"product","2":"type-product","3":"status-publish","4":"has-post-thumbnail","6":"product_cat-genel","7":"product_cat-akulu-aletler","8":"product_cat-zimpara-ve-taslama-makinalari","10":"first","11":"instock","12":"shipping-taxable","13":"product-type-simple"},"_links":{"self":[{"href":"http:\/\/basakcilastik.com.tr\/index.php?rest_route=\/wp\/v2\/product\/9597","targetHints":{"allow":["GET"]}}],"collection":[{"href":"http:\/\/basakcilastik.com.tr\/index.php?rest_route=\/wp\/v2\/product"}],"about":[{"href":"http:\/\/basakcilastik.com.tr\/index.php?rest_route=\/wp\/v2\/types\/product"}],"replies":[{"embeddable":true,"href":"http:\/\/basakcilastik.com.tr\/index.php?rest_route=%2Fwp%2Fv2%2Fcomments&post=9597"}],"wp:featuredmedia":[{"embeddable":true,"href":"http:\/\/basakcilastik.com.tr\/index.php?rest_route=\/wp\/v2\/media\/9598"}],"wp:attachment":[{"href":"http:\/\/basakcilastik.com.tr\/index.php?rest_route=%2Fwp%2Fv2%2Fmedia&parent=9597"}],"wp:term":[{"taxonomy":"product_brand","embeddable":true,"href":"http:\/\/basakcilastik.com.tr\/index.php?rest_route=%2Fwp%2Fv2%2Fproduct_brand&post=9597"},{"taxonomy":"product_cat","embeddable":true,"href":"http:\/\/basakcilastik.com.tr\/index.php?rest_route=%2Fwp%2Fv2%2Fproduct_cat&post=9597"},{"taxonomy":"product_tag","embeddable":true,"href":"http:\/\/basakcilastik.com.tr\/index.php?rest_route=%2Fwp%2Fv2%2Fproduct_tag&post=9597"}],"curies":[{"name":"wp","href":"https:\/\/api.w.org\/{rel}","templated":true}]}}