{"id":9592,"date":"2020-07-17T00:57:21","date_gmt":"2020-07-17T00:57:21","guid":{"rendered":"https:\/\/basakcilastik.com.tr\/?post_type=product&#038;p=9592"},"modified":"2020-07-17T00:57:21","modified_gmt":"2020-07-17T00:57:21","slug":"einhell-tc-os-1520-titresim-zimpara","status":"publish","type":"product","link":"http:\/\/basakcilastik.com.tr\/?product=einhell-tc-os-1520-titresim-zimpara","title":{"rendered":"Einhell TC-OS 1520 Titre\u015fim Z\u0131mpara"},"content":{"rendered":"<ul>\n<li><strong>\u00dcr\u00fcn a\u00e7\u0131klamas\u0131<\/strong><\/li>\n<li>Einhell TC-OS 1520 Titre\u015fim Z\u0131mpara d\u00fcz y\u00fczeylerin z\u0131mparalanmas\u0131nda y\u00fcksek kalitesi ile kullan\u0131\u015fl\u0131 bir cihazd\u0131r. K\u0131ska\u00e7l\u0131 z\u0131mpara taban\u0131 Hook and loop tabanl\u0131 olmayan z\u0131mpara ka\u011f\u0131tlar\u0131da kolayca kullan\u0131labilir. Geni\u015f ergonomik yumu\u015fak kavrama b\u00f6l\u00fcmleri sayesinde rahat bir kullan\u0131m sunar ve kusursuz z\u0131mpara sonu\u00e7lar\u0131 veriri. Pratik vakum adapt\u00f6r\u00fc z\u0131mpara tozunun \u00e7\u0131kart\u0131lmas\u0131 i\u00e7in bir elektrik s\u00fcp\u00fcrgesine do\u011frudan ba\u011flan\u0131r. Hemen \u00e7al\u0131\u015fmaya ba\u015flaman\u0131z i\u00e7in 3 adet z\u0131mapra ka\u011f\u0131d\u0131 ile gelir.<\/li>\n<\/ul>\n<h2>\u00b7\u00a0\u00a0\u00a0\u00a0\u00a0\u00a0\u00a0\u00a0 \u00d6zellikler<\/h2>\n<ul>\n<li>Titre\u015fim Z\u0131mpara TC-OS 1520 i\u00e7in detaylar, \u015fekiller ve bilgiler: burada ayr\u0131nt\u0131l\u0131 teknik veriler ve bu Einhell \u00fcr\u00fcn\u00fcn\u00fcn boyutlar\u0131, a\u011f\u0131rl\u0131\u011f\u0131 ve ambalaj\u0131 hakk\u0131nda \u00f6zel bilgiler bulacaks\u0131n\u0131z.<\/li>\n<\/ul>\n<table>\n<tbody>\n<tr>\n<td colspan=\"2\"><strong>Teknik \u00d6zellikler<\/strong><\/td>\n<\/tr>\n<tr>\n<td><strong>Giri\u015f voltaj\u0131<\/strong><\/td>\n<td><\/td>\n<\/tr>\n<tr>\n<td><strong>G\u00fc\u00e7<\/strong><\/td>\n<td>150 W<\/td>\n<\/tr>\n<tr>\n<td><strong>Titre\u015fim h\u0131z\u0131<\/strong><\/td>\n<td>23000 min^-1<\/td>\n<\/tr>\n<tr>\n<td><strong>Titre\u015fim \u00e7ap\u0131<\/strong><\/td>\n<td>2 mm<\/td>\n<\/tr>\n<tr>\n<td><strong>Z\u0131mpara ka\u011f\u0131d\u0131 \u00f6l\u00e7\u00fcs\u00fc(k\u0131ska\u00e7l\u0131)<\/strong><\/td>\n<td><\/td>\n<\/tr>\n<tr>\n<td><strong>Z\u0131mpara ka\u011f\u0131d\u0131 \u00f6l\u00e7\u00fcs\u00fc (hook and loop)<\/strong><\/td>\n<td><\/td>\n<\/tr>\n<\/tbody>\n<\/table>\n","protected":false},"excerpt":{"rendered":"<p>\u00dcr\u00fcn a\u00e7\u0131klamas\u0131 Einhell TC-OS 1520 Titre\u015fim Z\u0131mpara d\u00fcz y\u00fczeylerin z\u0131mparalanmas\u0131nda y\u00fcksek kalitesi ile kullan\u0131\u015fl\u0131 bir cihazd\u0131r. K\u0131ska\u00e7l\u0131 z\u0131mpara taban\u0131 Hook and loop tabanl\u0131 olmayan z\u0131mpara ka\u011f\u0131tlar\u0131da kolayca kullan\u0131labilir. Geni\u015f ergonomik yumu\u015fak kavrama b\u00f6l\u00fcmleri sayesinde rahat bir kullan\u0131m sunar ve kusursuz z\u0131mpara sonu\u00e7lar\u0131 veriri. Pratik vakum adapt\u00f6r\u00fc z\u0131mpara tozunun \u00e7\u0131kart\u0131lmas\u0131 i\u00e7in bir elektrik s\u00fcp\u00fcrgesine do\u011frudan ba\u011flan\u0131r. Hemen \u00e7al\u0131\u015fmaya ba\u015flaman\u0131z i\u00e7in 3 [&hellip;]<\/p>\n","protected":false},"featured_media":9595,"comment_status":"open","ping_status":"closed","template":"","meta":[],"product_brand":[],"product_cat":[15,52,71],"product_tag":[],"class_list":{"0":"post-9592","1":"product","2":"type-product","3":"status-publish","4":"has-post-thumbnail","6":"product_cat-genel","7":"product_cat-akulu-aletler","8":"product_cat-zimpara-ve-taslama-makinalari","10":"first","11":"instock","12":"shipping-taxable","13":"product-type-simple"},"_links":{"self":[{"href":"http:\/\/basakcilastik.com.tr\/index.php?rest_route=\/wp\/v2\/product\/9592","targetHints":{"allow":["GET"]}}],"collection":[{"href":"http:\/\/basakcilastik.com.tr\/index.php?rest_route=\/wp\/v2\/product"}],"about":[{"href":"http:\/\/basakcilastik.com.tr\/index.php?rest_route=\/wp\/v2\/types\/product"}],"replies":[{"embeddable":true,"href":"http:\/\/basakcilastik.com.tr\/index.php?rest_route=%2Fwp%2Fv2%2Fcomments&post=9592"}],"wp:featuredmedia":[{"embeddable":true,"href":"http:\/\/basakcilastik.com.tr\/index.php?rest_route=\/wp\/v2\/media\/9595"}],"wp:attachment":[{"href":"http:\/\/basakcilastik.com.tr\/index.php?rest_route=%2Fwp%2Fv2%2Fmedia&parent=9592"}],"wp:term":[{"taxonomy":"product_brand","embeddable":true,"href":"http:\/\/basakcilastik.com.tr\/index.php?rest_route=%2Fwp%2Fv2%2Fproduct_brand&post=9592"},{"taxonomy":"product_cat","embeddable":true,"href":"http:\/\/basakcilastik.com.tr\/index.php?rest_route=%2Fwp%2Fv2%2Fproduct_cat&post=9592"},{"taxonomy":"product_tag","embeddable":true,"href":"http:\/\/basakcilastik.com.tr\/index.php?rest_route=%2Fwp%2Fv2%2Fproduct_tag&post=9592"}],"curies":[{"name":"wp","href":"https:\/\/api.w.org\/{rel}","templated":true}]}}