{"id":9589,"date":"2020-07-17T00:56:06","date_gmt":"2020-07-17T00:56:06","guid":{"rendered":"https:\/\/basakcilastik.com.tr\/?post_type=product&#038;p=9589"},"modified":"2020-07-17T00:56:06","modified_gmt":"2020-07-17T00:56:06","slug":"einhell-tc-mg-135-e-taslama-ve-gravur-seti","status":"publish","type":"product","link":"http:\/\/basakcilastik.com.tr\/?product=einhell-tc-mg-135-e-taslama-ve-gravur-seti","title":{"rendered":"Einhell TC-MG 135 E Ta\u015flama ve Grav\u00fcr seti"},"content":{"rendered":"<p><strong>\u00dcr\u00fcn a\u00e7\u0131klamas\u0131<\/strong><\/p>\n<p>Einhell TC-MG 135 E Ta\u015flama ve Grav\u00fcr seti, geni\u015f aksesuar yelpazesiyle delme, kesme, ta\u015flama ve f\u0131r\u00e7alama gibi \u00e7ok say\u0131da farkl\u0131 uygulamaya uygun y\u00fcksek kaliteli kompakt bir \u00fcr\u00fcnd\u00fcr. Mil kilidi, \u00e7e\u015fitli par\u00e7alar\u0131 h\u0131zl\u0131 bir \u015fekilde s\u00f6k\u00fcp takman\u0131za olanak sa\u011flar. Elektronik h\u0131z kontrol\u00fc d\u00fczg\u00fcn bir \u00e7al\u0131\u015fma sa\u011flarken g\u00fcc\u00fcn belirli bir g\u00f6reve tam olarak ayarlanmas\u0131n\u0131 sa\u011flar. TC-MG 135 E \u00e7al\u0131\u015fma parcalar\u0131n\u0131n ustaca ve kolayca i\u015flenebilmesini sa\u011flayan esnek bir \u015fafta sahiptir. Teleskopik standa sabitlemek i\u00e7in kancas\u0131n\u0131 kullanabilirsiniz . Yumu\u015fak ve ergonomik tasar\u0131m\u0131 sayesinde tutu\u015fu kolayd\u0131r. Ta\u015flama, delme, kesme ve \u00e7ok daha fazlas\u0131 i\u00e7in 189 par\u00e7al\u0131 aksesuar seti pakete dahil edilmi\u015ftir.<\/p>\n<p>&nbsp;<\/p>\n<p><strong>\u00d6zellikler<\/strong><\/p>\n<p>Mini Ta\u015flama ve Grav\u00fcr Aleti TC-MG 135 E i\u00e7in detaylar, \u015fekiller ve bilgiler: burada ayr\u0131nt\u0131l\u0131 teknik veriler ve bu Einhell \u00fcr\u00fcn\u00fcn\u00fcn boyutlar\u0131, a\u011f\u0131rl\u0131\u011f\u0131 ve ambalaj\u0131 hakk\u0131nda \u00f6zel bilgiler bulacaks\u0131n\u0131z.<\/p>\n<table>\n<tbody>\n<tr>\n<td colspan=\"2\"><strong>Teknik \u00d6zellikler<\/strong><\/td>\n<\/tr>\n<tr>\n<td><strong>Giri\u015f voltaj\u0131<\/strong><\/td>\n<td>230 V | 50 Hz<\/td>\n<\/tr>\n<tr>\n<td><strong>G\u00fc\u00e7<\/strong><\/td>\n<td>135 W<\/td>\n<\/tr>\n<tr>\n<td><strong>Bo\u015fta \u00e7al\u0131\u015fma h\u0131z\u0131<\/strong><\/td>\n<td>10000 min^-1 &#8211; 35000 min^-1<\/td>\n<\/tr>\n<\/tbody>\n<\/table>\n","protected":false},"excerpt":{"rendered":"<p>\u00dcr\u00fcn a\u00e7\u0131klamas\u0131 Einhell TC-MG 135 E Ta\u015flama ve Grav\u00fcr seti, geni\u015f aksesuar yelpazesiyle delme, kesme, ta\u015flama ve f\u0131r\u00e7alama gibi \u00e7ok say\u0131da farkl\u0131 uygulamaya uygun y\u00fcksek kaliteli kompakt bir \u00fcr\u00fcnd\u00fcr. Mil kilidi, \u00e7e\u015fitli par\u00e7alar\u0131 h\u0131zl\u0131 bir \u015fekilde s\u00f6k\u00fcp takman\u0131za olanak sa\u011flar. Elektronik h\u0131z kontrol\u00fc d\u00fczg\u00fcn bir \u00e7al\u0131\u015fma sa\u011flarken g\u00fcc\u00fcn belirli bir g\u00f6reve tam olarak ayarlanmas\u0131n\u0131 sa\u011flar. TC-MG 135 E \u00e7al\u0131\u015fma parcalar\u0131n\u0131n [&hellip;]<\/p>\n","protected":false},"featured_media":9590,"comment_status":"open","ping_status":"closed","template":"","meta":[],"product_brand":[],"product_cat":[15,52,71],"product_tag":[],"class_list":{"0":"post-9589","1":"product","2":"type-product","3":"status-publish","4":"has-post-thumbnail","6":"product_cat-genel","7":"product_cat-akulu-aletler","8":"product_cat-zimpara-ve-taslama-makinalari","10":"first","11":"instock","12":"shipping-taxable","13":"product-type-simple"},"_links":{"self":[{"href":"http:\/\/basakcilastik.com.tr\/index.php?rest_route=\/wp\/v2\/product\/9589","targetHints":{"allow":["GET"]}}],"collection":[{"href":"http:\/\/basakcilastik.com.tr\/index.php?rest_route=\/wp\/v2\/product"}],"about":[{"href":"http:\/\/basakcilastik.com.tr\/index.php?rest_route=\/wp\/v2\/types\/product"}],"replies":[{"embeddable":true,"href":"http:\/\/basakcilastik.com.tr\/index.php?rest_route=%2Fwp%2Fv2%2Fcomments&post=9589"}],"wp:featuredmedia":[{"embeddable":true,"href":"http:\/\/basakcilastik.com.tr\/index.php?rest_route=\/wp\/v2\/media\/9590"}],"wp:attachment":[{"href":"http:\/\/basakcilastik.com.tr\/index.php?rest_route=%2Fwp%2Fv2%2Fmedia&parent=9589"}],"wp:term":[{"taxonomy":"product_brand","embeddable":true,"href":"http:\/\/basakcilastik.com.tr\/index.php?rest_route=%2Fwp%2Fv2%2Fproduct_brand&post=9589"},{"taxonomy":"product_cat","embeddable":true,"href":"http:\/\/basakcilastik.com.tr\/index.php?rest_route=%2Fwp%2Fv2%2Fproduct_cat&post=9589"},{"taxonomy":"product_tag","embeddable":true,"href":"http:\/\/basakcilastik.com.tr\/index.php?rest_route=%2Fwp%2Fv2%2Fproduct_tag&post=9589"}],"curies":[{"name":"wp","href":"https:\/\/api.w.org\/{rel}","templated":true}]}}