{"id":9571,"date":"2020-07-17T00:46:28","date_gmt":"2020-07-17T00:46:28","guid":{"rendered":"https:\/\/basakcilastik.com.tr\/?post_type=product&#038;p=9571"},"modified":"2020-07-17T00:46:29","modified_gmt":"2020-07-17T00:46:29","slug":"dewalt-dwe6423-qs-280w-125mm-profesyonel-eksantrik-zimpara","status":"publish","type":"product","link":"http:\/\/basakcilastik.com.tr\/?product=dewalt-dwe6423-qs-280w-125mm-profesyonel-eksantrik-zimpara","title":{"rendered":"Dewalt DWE6423-QS 280W 125mm Profesyonel Eksantrik Z\u0131mpara"},"content":{"rendered":"<table width=\"1016\">\n<tbody>\n<tr>\n<td>Dewalt DWE6423 280Watt 125mm Profesyonel Eksantrik Z\u0131mpara D\u00f6nme h\u0131z\u0131 8000-12000 devir\/dak Dak. Titre\u015fim adedi 1400-24000 tit\/dak Y\u00f6r\u00fcnge \u00e7ap\u0131 2.6mm Z\u0131mpara k\u00e2\u011f\u0131t \u00f6l\u00e7\u00fcs\u00fc 125mm Kirlenmeyi \u00f6nleyen toz izolasyonlu \u015falter Kontroll\u00fc tesviye sistemi z\u0131mpara taban h\u0131z\u0131n\u0131 kontrol ederek ba\u015flang\u0131\u00e7taki \u00e7izilmeyi \u00f6nler Yorulmadan z\u0131mparalama i\u00e7in avuca oturan kompakt tasar\u0131m %100 bilyeli rulman yap\u0131s\u0131 ile uzun kullan\u0131m \u00f6mr\u00fc S\u00fcrekli kullan\u0131m ve uzun alet \u00f6mr\u00fc i\u00e7in al\u00fcminyum rulman yatakl\u0131 y\u00fcksek performansl\u0131 motor Ayr\u0131ca h\u0131zl\u0131 ve kolay k\u00e2\u011f\u0131t de\u011fi\u015ftirmek i\u00e7in kendinden yap\u0131\u015fkanl\u0131 taban Daha verimli z\u0131mparalama performans\u0131 ve ka\u011f\u0131t \u00f6mr\u00fc i\u00e7in entegre toz torbal\u0131 veya toz atma ba\u011flant\u0131l\u0131 toz emme ile temiz ve rahat kullan\u0131m sa\u011flar Kaymayan tutma yeri ve g\u00f6vde kavramalar\u0131 sayesinde uzun sureli kullan\u0131mda dahi \u00fcst\u00fcn konfor ve kontrol sa\u011flar A\u011f\u0131rl\u0131k 1,3 Kg Standart Ekipman; Bez toz torbas\u0131<\/td>\n<\/tr>\n<\/tbody>\n<\/table>\n<p>&nbsp;<\/p>\n<table width=\"1016\">\n<tbody>\n<tr>\n<td>\n<table width=\"1016\">\n<tbody>\n<tr>\n<td><\/td>\n<\/tr>\n<\/tbody>\n<\/table>\n<p>&nbsp;<\/p>\n<table width=\"1016\">\n<tbody>\n<tr>\n<td>\n<table width=\"920\">\n<tbody>\n<tr>\n<td width=\"368\"><strong>G\u00fc\u00e7 (W)<\/strong><\/td>\n<td>280 W<\/td>\n<\/tr>\n<tr>\n<td width=\"368\"><strong>Maksimum H\u0131z (Devir\/Dakika)<\/strong><\/td>\n<td>24000<\/td>\n<\/tr>\n<tr>\n<td width=\"368\"><strong>Minimum H\u0131z (Devir\/Dakika)<\/strong><\/td>\n<td>14000<\/td>\n<\/tr>\n<tr>\n<td width=\"368\"><strong>T\u00fcr\u00fc<\/strong><\/td>\n<td>Eksantirik Z\u0131mpara<\/td>\n<\/tr>\n<tr>\n<td width=\"368\"><strong>Z\u0131mpara \u00d6l\u00e7\u00fcs\u00fc (mm)<\/strong><\/td>\n<td>125 mm<\/td>\n<\/tr>\n<\/tbody>\n<\/table>\n<\/td>\n<\/tr>\n<\/tbody>\n<\/table>\n<\/td>\n<\/tr>\n<\/tbody>\n<\/table>\n<p>&nbsp;<\/p>\n","protected":false},"excerpt":{"rendered":"<p>Dewalt DWE6423 280Watt 125mm Profesyonel Eksantrik Z\u0131mpara D\u00f6nme h\u0131z\u0131 8000-12000 devir\/dak Dak. Titre\u015fim adedi 1400-24000 tit\/dak Y\u00f6r\u00fcnge \u00e7ap\u0131 2.6mm Z\u0131mpara k\u00e2\u011f\u0131t \u00f6l\u00e7\u00fcs\u00fc 125mm Kirlenmeyi \u00f6nleyen toz izolasyonlu \u015falter Kontroll\u00fc tesviye sistemi z\u0131mpara taban h\u0131z\u0131n\u0131 kontrol ederek ba\u015flang\u0131\u00e7taki \u00e7izilmeyi \u00f6nler Yorulmadan z\u0131mparalama i\u00e7in avuca oturan kompakt tasar\u0131m %100 bilyeli rulman yap\u0131s\u0131 ile uzun kullan\u0131m \u00f6mr\u00fc S\u00fcrekli kullan\u0131m ve uzun alet \u00f6mr\u00fc [&hellip;]<\/p>\n","protected":false},"featured_media":9574,"comment_status":"open","ping_status":"closed","template":"","meta":[],"product_brand":[],"product_cat":[15,52,71],"product_tag":[],"class_list":{"0":"post-9571","1":"product","2":"type-product","3":"status-publish","4":"has-post-thumbnail","6":"product_cat-genel","7":"product_cat-akulu-aletler","8":"product_cat-zimpara-ve-taslama-makinalari","10":"first","11":"instock","12":"shipping-taxable","13":"product-type-simple"},"_links":{"self":[{"href":"http:\/\/basakcilastik.com.tr\/index.php?rest_route=\/wp\/v2\/product\/9571","targetHints":{"allow":["GET"]}}],"collection":[{"href":"http:\/\/basakcilastik.com.tr\/index.php?rest_route=\/wp\/v2\/product"}],"about":[{"href":"http:\/\/basakcilastik.com.tr\/index.php?rest_route=\/wp\/v2\/types\/product"}],"replies":[{"embeddable":true,"href":"http:\/\/basakcilastik.com.tr\/index.php?rest_route=%2Fwp%2Fv2%2Fcomments&post=9571"}],"wp:featuredmedia":[{"embeddable":true,"href":"http:\/\/basakcilastik.com.tr\/index.php?rest_route=\/wp\/v2\/media\/9574"}],"wp:attachment":[{"href":"http:\/\/basakcilastik.com.tr\/index.php?rest_route=%2Fwp%2Fv2%2Fmedia&parent=9571"}],"wp:term":[{"taxonomy":"product_brand","embeddable":true,"href":"http:\/\/basakcilastik.com.tr\/index.php?rest_route=%2Fwp%2Fv2%2Fproduct_brand&post=9571"},{"taxonomy":"product_cat","embeddable":true,"href":"http:\/\/basakcilastik.com.tr\/index.php?rest_route=%2Fwp%2Fv2%2Fproduct_cat&post=9571"},{"taxonomy":"product_tag","embeddable":true,"href":"http:\/\/basakcilastik.com.tr\/index.php?rest_route=%2Fwp%2Fv2%2Fproduct_tag&post=9571"}],"curies":[{"name":"wp","href":"https:\/\/api.w.org\/{rel}","templated":true}]}}