{"id":9557,"date":"2020-07-17T00:40:52","date_gmt":"2020-07-17T00:40:52","guid":{"rendered":"https:\/\/basakcilastik.com.tr\/?post_type=product&#038;p=9557"},"modified":"2020-07-17T00:40:53","modified_gmt":"2020-07-17T00:40:53","slug":"dewalt-dw752-373-watt-150-mm-zimpara-tas-motoru","status":"publish","type":"product","link":"http:\/\/basakcilastik.com.tr\/?product=dewalt-dw752-373-watt-150-mm-zimpara-tas-motoru","title":{"rendered":"Dewalt DW752 373 Watt 150 mm Z\u0131mpara Ta\u015f Motoru"},"content":{"rendered":"<p>Dewalt DW752 373 Watt 150 mm Z\u0131mpara Ta\u015f Motoru<\/p>\n","protected":false},"excerpt":{"rendered":"<p>Dewalt DW752 373 Watt 150 mm Z\u0131mpara Ta\u015f Motoru<\/p>\n","protected":false},"featured_media":9560,"comment_status":"open","ping_status":"closed","template":"","meta":[],"product_brand":[],"product_cat":[15,52,71],"product_tag":[],"class_list":{"0":"post-9557","1":"product","2":"type-product","3":"status-publish","4":"has-post-thumbnail","6":"product_cat-genel","7":"product_cat-akulu-aletler","8":"product_cat-zimpara-ve-taslama-makinalari","10":"first","11":"instock","12":"shipping-taxable","13":"product-type-simple"},"_links":{"self":[{"href":"http:\/\/basakcilastik.com.tr\/index.php?rest_route=\/wp\/v2\/product\/9557","targetHints":{"allow":["GET"]}}],"collection":[{"href":"http:\/\/basakcilastik.com.tr\/index.php?rest_route=\/wp\/v2\/product"}],"about":[{"href":"http:\/\/basakcilastik.com.tr\/index.php?rest_route=\/wp\/v2\/types\/product"}],"replies":[{"embeddable":true,"href":"http:\/\/basakcilastik.com.tr\/index.php?rest_route=%2Fwp%2Fv2%2Fcomments&post=9557"}],"wp:featuredmedia":[{"embeddable":true,"href":"http:\/\/basakcilastik.com.tr\/index.php?rest_route=\/wp\/v2\/media\/9560"}],"wp:attachment":[{"href":"http:\/\/basakcilastik.com.tr\/index.php?rest_route=%2Fwp%2Fv2%2Fmedia&parent=9557"}],"wp:term":[{"taxonomy":"product_brand","embeddable":true,"href":"http:\/\/basakcilastik.com.tr\/index.php?rest_route=%2Fwp%2Fv2%2Fproduct_brand&post=9557"},{"taxonomy":"product_cat","embeddable":true,"href":"http:\/\/basakcilastik.com.tr\/index.php?rest_route=%2Fwp%2Fv2%2Fproduct_cat&post=9557"},{"taxonomy":"product_tag","embeddable":true,"href":"http:\/\/basakcilastik.com.tr\/index.php?rest_route=%2Fwp%2Fv2%2Fproduct_tag&post=9557"}],"curies":[{"name":"wp","href":"https:\/\/api.w.org\/{rel}","templated":true}]}}