{"id":9552,"date":"2020-07-17T00:31:21","date_gmt":"2020-07-17T00:31:21","guid":{"rendered":"https:\/\/basakcilastik.com.tr\/?post_type=product&#038;p=9552"},"modified":"2020-07-17T00:31:21","modified_gmt":"2020-07-17T00:31:21","slug":"toz-koruma-kapagi-professional-sistem-aksesuarlari","status":"publish","type":"product","link":"http:\/\/basakcilastik.com.tr\/?product=toz-koruma-kapagi-professional-sistem-aksesuarlari","title":{"rendered":"Toz koruma kapa\u011f\u0131 Professional Sistem aksesuarlar\u0131"},"content":{"rendered":"<p>Teknik veriler<\/p>\n<table width=\"750\">\n<thead>\n<tr>\n<td colspan=\"2\">Ek veriler<\/td>\n<\/tr>\n<\/thead>\n<tbody>\n<tr>\n<td><strong>\u015eunlar ile uyumlu*<\/strong><\/td>\n<td><strong>2-4 kg ve 18 V veya 36 V Bosch SDS plus k\u0131r\u0131c\u0131-deliciler<\/strong><\/td>\n<\/tr>\n<tr>\n<td><strong>Delme \u00e7ap\u0131*<\/strong><\/td>\n<td><strong>5-16 mm<\/strong><\/td>\n<\/tr>\n<\/tbody>\n<\/table>\n<p>* Vurgulanan Veriler<\/p>\n","protected":false},"excerpt":{"rendered":"<p>Teknik veriler Ek veriler \u015eunlar ile uyumlu* 2-4 kg ve 18 V veya 36 V Bosch SDS plus k\u0131r\u0131c\u0131-deliciler Delme \u00e7ap\u0131* 5-16 mm * Vurgulanan Veriler<\/p>\n","protected":false},"featured_media":9553,"comment_status":"open","ping_status":"closed","template":"","meta":[],"product_brand":[],"product_cat":[15,52,68],"product_tag":[],"class_list":{"0":"post-9552","1":"product","2":"type-product","3":"status-publish","4":"has-post-thumbnail","6":"product_cat-genel","7":"product_cat-akulu-aletler","8":"product_cat-toz-emme-sistemleri","10":"first","11":"instock","12":"shipping-taxable","13":"product-type-simple"},"_links":{"self":[{"href":"http:\/\/basakcilastik.com.tr\/index.php?rest_route=\/wp\/v2\/product\/9552","targetHints":{"allow":["GET"]}}],"collection":[{"href":"http:\/\/basakcilastik.com.tr\/index.php?rest_route=\/wp\/v2\/product"}],"about":[{"href":"http:\/\/basakcilastik.com.tr\/index.php?rest_route=\/wp\/v2\/types\/product"}],"replies":[{"embeddable":true,"href":"http:\/\/basakcilastik.com.tr\/index.php?rest_route=%2Fwp%2Fv2%2Fcomments&post=9552"}],"wp:featuredmedia":[{"embeddable":true,"href":"http:\/\/basakcilastik.com.tr\/index.php?rest_route=\/wp\/v2\/media\/9553"}],"wp:attachment":[{"href":"http:\/\/basakcilastik.com.tr\/index.php?rest_route=%2Fwp%2Fv2%2Fmedia&parent=9552"}],"wp:term":[{"taxonomy":"product_brand","embeddable":true,"href":"http:\/\/basakcilastik.com.tr\/index.php?rest_route=%2Fwp%2Fv2%2Fproduct_brand&post=9552"},{"taxonomy":"product_cat","embeddable":true,"href":"http:\/\/basakcilastik.com.tr\/index.php?rest_route=%2Fwp%2Fv2%2Fproduct_cat&post=9552"},{"taxonomy":"product_tag","embeddable":true,"href":"http:\/\/basakcilastik.com.tr\/index.php?rest_route=%2Fwp%2Fv2%2Fproduct_tag&post=9552"}],"curies":[{"name":"wp","href":"https:\/\/api.w.org\/{rel}","templated":true}]}}