{"id":9525,"date":"2020-07-17T00:25:19","date_gmt":"2020-07-17T00:25:19","guid":{"rendered":"https:\/\/basakcilastik.com.tr\/?post_type=product&#038;p=9525"},"modified":"2020-07-17T00:25:19","modified_gmt":"2020-07-17T00:25:19","slug":"ghp-5-65-professional-yuksek-basincli-yikama-cihazi","status":"publish","type":"product","link":"http:\/\/basakcilastik.com.tr\/?product=ghp-5-65-professional-yuksek-basincli-yikama-cihazi","title":{"rendered":"GHP 5-65 Professional Y\u00fcksek Bas\u0131n\u00e7l\u0131 Y\u0131kama Cihaz\u0131"},"content":{"rendered":"<p>Teknik veriler<\/p>\n<table width=\"750\">\n<thead>\n<tr>\n<td colspan=\"2\">Ek veriler<\/td>\n<\/tr>\n<\/thead>\n<tbody>\n<tr>\n<td><strong>Maks. bas\u0131n\u00e7*<\/strong><\/td>\n<td><strong>160<\/strong>\u00a0<strong>bar<\/strong><\/td>\n<\/tr>\n<tr>\n<td><strong>\u0130\u015fletme bas\u0131nc\u0131*<\/strong><\/td>\n<td><strong>130<\/strong>\u00a0<strong>bar<\/strong><\/td>\n<\/tr>\n<tr>\n<td><strong>Nominal giri\u015f g\u00fcc\u00fc*<\/strong><\/td>\n<td><strong>2.400<\/strong>\u00a0<strong>W<\/strong><\/td>\n<\/tr>\n<tr>\n<td>Maks. giri\u015f s\u0131cakl\u011f\u0131<\/td>\n<td>50\u00a0\u00b0C<\/td>\n<\/tr>\n<tr>\n<td>Kablo uzunlu\u011fu<\/td>\n<td>5\u00a0m<\/td>\n<\/tr>\n<tr>\n<td>Hortum uzunlu\u011fu<\/td>\n<td>8\u00a0m<\/td>\n<\/tr>\n<tr>\n<td>Malzeme (hortum)<\/td>\n<td>Takviyeli kau\u00e7uk hortum<\/td>\n<\/tr>\n<tr>\n<td>A\u011f\u0131rl\u0131k (Aksesuar hari\u00e7)<\/td>\n<td>20,4\u00a0kg<\/td>\n<\/tr>\n<tr>\n<td>Nominal ak\u0131\u015f h\u0131z\u0131<\/td>\n<td>485\u00a0lt\/saat<\/td>\n<\/tr>\n<tr>\n<td>Maks. debi<\/td>\n<td>520\u00a0lt\/saat<\/td>\n<\/tr>\n<tr>\n<td>Pompa sistemi<\/td>\n<td>Titre\u015fim plakas\u0131<\/td>\n<\/tr>\n<tr>\n<td>Pistonlar<\/td>\n<td>\u00c7elik<\/td>\n<\/tr>\n<tr>\n<td>Motor tipi<\/td>\n<td>End\u00fcksiyon<\/td>\n<\/tr>\n<tr>\n<td>P\u00fcsk\u00fcrtme ucu<\/td>\n<td>Ayarlanabilir 3&#8217;\u00fc 1 arada p\u00fcsk\u00fcrtme ucu (paslanmaz \u00e7elik)<\/td>\n<\/tr>\n<\/tbody>\n<\/table>\n<p>* Vurgulanan Veriler<\/p>\n<p>Elektrikli el aletinin A-dereceli g\u00fcr\u00fclt\u00fc seviyesi tipik olarak \u015fu de\u011ferlere sahiptir: Ses bas\u0131nc\u0131 seviyesi 78 dB(A); Ses performans\u0131 seviyesi 92 dB(A). K belirsizli\u011fi= 2,5 dB.<\/p>\n","protected":false},"excerpt":{"rendered":"<p>Teknik veriler Ek veriler Maks. bas\u0131n\u00e7* 160\u00a0bar \u0130\u015fletme bas\u0131nc\u0131* 130\u00a0bar Nominal giri\u015f g\u00fcc\u00fc* 2.400\u00a0W Maks. giri\u015f s\u0131cakl\u011f\u0131 50\u00a0\u00b0C Kablo uzunlu\u011fu 5\u00a0m Hortum uzunlu\u011fu 8\u00a0m Malzeme (hortum) Takviyeli kau\u00e7uk hortum A\u011f\u0131rl\u0131k (Aksesuar hari\u00e7) 20,4\u00a0kg Nominal ak\u0131\u015f h\u0131z\u0131 485\u00a0lt\/saat Maks. debi 520\u00a0lt\/saat Pompa sistemi Titre\u015fim plakas\u0131 Pistonlar \u00c7elik Motor tipi End\u00fcksiyon P\u00fcsk\u00fcrtme ucu Ayarlanabilir 3&#8217;\u00fc 1 arada p\u00fcsk\u00fcrtme ucu (paslanmaz \u00e7elik) * [&hellip;]<\/p>\n","protected":false},"featured_media":9528,"comment_status":"open","ping_status":"closed","template":"","meta":[],"product_brand":[],"product_cat":[15,52,70],"product_tag":[],"class_list":{"0":"post-9525","1":"product","2":"type-product","3":"status-publish","4":"has-post-thumbnail","6":"product_cat-genel","7":"product_cat-akulu-aletler","8":"product_cat-yuksek-basincli-yikama-cihazi","10":"first","11":"instock","12":"shipping-taxable","13":"product-type-simple"},"_links":{"self":[{"href":"http:\/\/basakcilastik.com.tr\/index.php?rest_route=\/wp\/v2\/product\/9525","targetHints":{"allow":["GET"]}}],"collection":[{"href":"http:\/\/basakcilastik.com.tr\/index.php?rest_route=\/wp\/v2\/product"}],"about":[{"href":"http:\/\/basakcilastik.com.tr\/index.php?rest_route=\/wp\/v2\/types\/product"}],"replies":[{"embeddable":true,"href":"http:\/\/basakcilastik.com.tr\/index.php?rest_route=%2Fwp%2Fv2%2Fcomments&post=9525"}],"wp:featuredmedia":[{"embeddable":true,"href":"http:\/\/basakcilastik.com.tr\/index.php?rest_route=\/wp\/v2\/media\/9528"}],"wp:attachment":[{"href":"http:\/\/basakcilastik.com.tr\/index.php?rest_route=%2Fwp%2Fv2%2Fmedia&parent=9525"}],"wp:term":[{"taxonomy":"product_brand","embeddable":true,"href":"http:\/\/basakcilastik.com.tr\/index.php?rest_route=%2Fwp%2Fv2%2Fproduct_brand&post=9525"},{"taxonomy":"product_cat","embeddable":true,"href":"http:\/\/basakcilastik.com.tr\/index.php?rest_route=%2Fwp%2Fv2%2Fproduct_cat&post=9525"},{"taxonomy":"product_tag","embeddable":true,"href":"http:\/\/basakcilastik.com.tr\/index.php?rest_route=%2Fwp%2Fv2%2Fproduct_tag&post=9525"}],"curies":[{"name":"wp","href":"https:\/\/api.w.org\/{rel}","templated":true}]}}