{"id":9487,"date":"2020-07-16T23:58:52","date_gmt":"2020-07-16T23:58:52","guid":{"rendered":"https:\/\/basakcilastik.com.tr\/?post_type=product&#038;p=9487"},"modified":"2020-07-16T23:58:53","modified_gmt":"2020-07-16T23:58:53","slug":"st60220nc-satih-taslama","status":"publish","type":"product","link":"http:\/\/basakcilastik.com.tr\/?product=st60220nc-satih-taslama","title":{"rendered":"ST60220NC Sat\u0131h Ta\u015flama"},"content":{"rendered":"<p>\u00dcr\u00fcn \u00d6zellikleri<\/p>\n<p><strong>Standart Donan\u0131mlar<\/strong><\/p>\n<p>&#8211; Y Ekseni S\u00fctun Hareketi<\/p>\n<p>&#8211; Z Ekseni Kafa Hareketi<\/p>\n<p>&#8211; SIEMENS Elektrik Malzemeleri<\/p>\n<p>&#8211; SIEMENS NC Dokunmatik Kontrol Sistemi<\/p>\n<p>&#8211; Rijit D\u00f6k\u00fcm G\u00f6vde<\/p>\n<p>&#8211; Sorunsuz ve Bak\u0131m\u0131 Kolay \u0130\u015f Mili<\/p>\n<p>&#8211; Tablan\u0131n Heryerinde 0.005mm Hassasiyet<\/p>\n<p>&#8211; Tala\u015f Program\u0131 Yapabilme \u00d6zelli\u011fi<\/p>\n<p>&nbsp;<\/p>\n<p><strong>Standart Aksesuarlar<\/strong><\/p>\n<p>&#8211; 2 Eksen Dijital G\u00f6sterge<\/p>\n<p>&#8211; Ayd\u0131nlatma Lambas\u0131<\/p>\n<p>&#8211; Kompakt Kumanda Paneli<\/p>\n<p>&#8211; Otomatik Ya\u011flama<\/p>\n<p>&#8211; Ta\u015flama Ta\u015f\u0131<\/p>\n<p>&#8211; Ta\u015f Denge Aparat\u0131<\/p>\n<p>&#8211; Ta\u015f Bileme Kalemi<\/p>\n<p>&#8211; Ta\u015f Flan\u015f\u0131<\/p>\n<p>&#8211; Hidrolik Ya\u011f Tank\u0131<\/p>\n<p>&#8211; Manyetik Tabla<\/p>\n<p>&#8211; Manyetik Tala\u015f S\u0131y\u0131r\u0131c\u0131<\/p>\n<p>&#8211; Tala\u015f-Su Ay\u0131rma Aparat\u0131<\/p>\n<p>&#8211; Harici Hidrolik \u00dcnitesi<\/p>\n<p>Teknik \u00d6zellikler<\/p>\n<ul>\n<li>Tabla \u00d6l\u00e7\u00fclerimm600x2200<\/li>\n<li>Manyetik Tabla Ebad\u0131mm600x1000x2<\/li>\n<li>\u0130\u015f Mili Tabla Aras\u0131 Mesafemm600<\/li>\n<li>Boyuna \u0130lerleme Aral\u0131\u011f\u0131mm\/dk5-25<\/li>\n<li>\u00c7apraz \u0130lerleme Aral\u0131\u011f\u0131mm\/tur1-20<\/li>\n<li>\u00c7apraz Rapid \u0130lerleme H\u0131z\u0131mm\/dk50-1500<\/li>\n<li>\u00c7apraz El \u00c7ark\u0131 \u0130lerlemesimm\/aral\u0131k0.005<\/li>\n<li>Dikey Otomatik \u0130lerlememm\/tur0.005-0.04<\/li>\n<li>Dikey H\u0131zl\u0131 \u0130lerlememm\/dk50-500<\/li>\n<li>Dikey El \u00c7ark\u0131 \u0130lerlemesimm\/aral\u0131k0.005<\/li>\n<li>Ta\u015f Ebad\u0131mm355x(20-50)x127<\/li>\n<li>Ta\u015f Mili Motoru5<\/li>\n<li>A\u011f\u0131rl\u0131kkg8000<\/li>\n<\/ul>\n","protected":false},"excerpt":{"rendered":"<p>\u00dcr\u00fcn \u00d6zellikleri Standart Donan\u0131mlar &#8211; Y Ekseni S\u00fctun Hareketi &#8211; Z Ekseni Kafa Hareketi &#8211; SIEMENS Elektrik Malzemeleri &#8211; SIEMENS NC Dokunmatik Kontrol Sistemi &#8211; Rijit D\u00f6k\u00fcm G\u00f6vde &#8211; Sorunsuz ve Bak\u0131m\u0131 Kolay \u0130\u015f Mili &#8211; Tablan\u0131n Heryerinde 0.005mm Hassasiyet &#8211; Tala\u015f Program\u0131 Yapabilme \u00d6zelli\u011fi &nbsp; Standart Aksesuarlar &#8211; 2 Eksen Dijital G\u00f6sterge &#8211; Ayd\u0131nlatma Lambas\u0131 &#8211; Kompakt Kumanda Paneli [&hellip;]<\/p>\n","protected":false},"featured_media":9489,"comment_status":"open","ping_status":"closed","template":"","meta":[],"product_brand":[],"product_cat":[15,52,65],"product_tag":[],"class_list":{"0":"post-9487","1":"product","2":"type-product","3":"status-publish","4":"has-post-thumbnail","6":"product_cat-genel","7":"product_cat-akulu-aletler","8":"product_cat-sarjli-aletler","10":"first","11":"instock","12":"shipping-taxable","13":"product-type-simple"},"_links":{"self":[{"href":"http:\/\/basakcilastik.com.tr\/index.php?rest_route=\/wp\/v2\/product\/9487","targetHints":{"allow":["GET"]}}],"collection":[{"href":"http:\/\/basakcilastik.com.tr\/index.php?rest_route=\/wp\/v2\/product"}],"about":[{"href":"http:\/\/basakcilastik.com.tr\/index.php?rest_route=\/wp\/v2\/types\/product"}],"replies":[{"embeddable":true,"href":"http:\/\/basakcilastik.com.tr\/index.php?rest_route=%2Fwp%2Fv2%2Fcomments&post=9487"}],"wp:featuredmedia":[{"embeddable":true,"href":"http:\/\/basakcilastik.com.tr\/index.php?rest_route=\/wp\/v2\/media\/9489"}],"wp:attachment":[{"href":"http:\/\/basakcilastik.com.tr\/index.php?rest_route=%2Fwp%2Fv2%2Fmedia&parent=9487"}],"wp:term":[{"taxonomy":"product_brand","embeddable":true,"href":"http:\/\/basakcilastik.com.tr\/index.php?rest_route=%2Fwp%2Fv2%2Fproduct_brand&post=9487"},{"taxonomy":"product_cat","embeddable":true,"href":"http:\/\/basakcilastik.com.tr\/index.php?rest_route=%2Fwp%2Fv2%2Fproduct_cat&post=9487"},{"taxonomy":"product_tag","embeddable":true,"href":"http:\/\/basakcilastik.com.tr\/index.php?rest_route=%2Fwp%2Fv2%2Fproduct_tag&post=9487"}],"curies":[{"name":"wp","href":"https:\/\/api.w.org\/{rel}","templated":true}]}}