{"id":9481,"date":"2020-07-16T23:57:21","date_gmt":"2020-07-16T23:57:21","guid":{"rendered":"https:\/\/basakcilastik.com.tr\/?post_type=product&#038;p=9481"},"modified":"2020-07-16T23:57:21","modified_gmt":"2020-07-16T23:57:21","slug":"kollu-saltere-sahip-havali-pandullu-dekupaj-testeresi-professional","status":"publish","type":"product","link":"http:\/\/basakcilastik.com.tr\/?product=kollu-saltere-sahip-havali-pandullu-dekupaj-testeresi-professional","title":{"rendered":"Kollu \u015faltere sahip haval\u0131 pand\u00fcll\u00fc dekupaj testeresi Professional"},"content":{"rendered":"<p>Teknik veriler<\/p>\n<table width=\"750\">\n<thead>\n<tr>\n<td colspan=\"2\">Ek veriler<\/td>\n<\/tr>\n<\/thead>\n<tbody>\n<tr>\n<td><strong>Al\u00fcminyum ve bile\u015fik metalde kesme derinli\u011fi*<\/strong><\/td>\n<td><strong>15<\/strong>\u00a0<strong>mm<\/strong><\/td>\n<\/tr>\n<tr>\n<td><strong>Ah\u015fapta kesme derinli\u011fi*<\/strong><\/td>\n<td><strong>85<\/strong>\u00a0<strong>mm<\/strong><\/td>\n<\/tr>\n<tr>\n<td><strong>Strok say\u0131s\u0131*<\/strong><\/td>\n<td><strong>2.200<\/strong>\u00a0<strong>strok\/dak<\/strong><\/td>\n<\/tr>\n<tr>\n<td>Yumu\u015fak \u00e7elikte kesme derinli\u011fi<\/td>\n<td>10\u00a0mm<\/td>\n<\/tr>\n<tr>\n<td>Plastikte kesme derinli\u011fi<\/td>\n<td>30\u00a0mm<\/td>\n<\/tr>\n<tr>\n<td>\u00c7\u0131k\u0131\u015f g\u00fcc\u00fc<\/td>\n<td>400\u00a0W<\/td>\n<\/tr>\n<tr>\n<td>Y\u00fck alt\u0131nda hava t\u00fcketimi<\/td>\n<td>17,5\u00a0lt\/sn<\/td>\n<\/tr>\n<tr>\n<td>EPTA uyar\u0131nca a\u011f\u0131rl\u0131k<\/td>\n<td>1,9\u00a0kg<\/td>\n<\/tr>\n<tr>\n<td>Ba\u011flant\u0131 di\u015fi<\/td>\n<td>1\/4&#8243;-NPT<\/td>\n<\/tr>\n<tr>\n<td>Hortum i\u00e7 \u00e7ap\u0131<\/td>\n<td>10\u00a0mm<\/td>\n<\/tr>\n<\/tbody>\n<\/table>\n","protected":false},"excerpt":{"rendered":"<p>Teknik veriler Ek veriler Al\u00fcminyum ve bile\u015fik metalde kesme derinli\u011fi* 15\u00a0mm Ah\u015fapta kesme derinli\u011fi* 85\u00a0mm Strok say\u0131s\u0131* 2.200\u00a0strok\/dak Yumu\u015fak \u00e7elikte kesme derinli\u011fi 10\u00a0mm Plastikte kesme derinli\u011fi 30\u00a0mm \u00c7\u0131k\u0131\u015f g\u00fcc\u00fc 400\u00a0W Y\u00fck alt\u0131nda hava t\u00fcketimi 17,5\u00a0lt\/sn EPTA uyar\u0131nca a\u011f\u0131rl\u0131k 1,9\u00a0kg Ba\u011flant\u0131 di\u015fi 1\/4&#8243;-NPT Hortum i\u00e7 \u00e7ap\u0131 10\u00a0mm<\/p>\n","protected":false},"featured_media":9484,"comment_status":"open","ping_status":"closed","template":"","meta":[],"product_brand":[],"product_cat":[15,52,66],"product_tag":[],"class_list":{"0":"post-9481","1":"product","2":"type-product","3":"status-publish","4":"has-post-thumbnail","6":"product_cat-genel","7":"product_cat-akulu-aletler","8":"product_cat-testereler","10":"first","11":"instock","12":"shipping-taxable","13":"product-type-simple"},"_links":{"self":[{"href":"http:\/\/basakcilastik.com.tr\/index.php?rest_route=\/wp\/v2\/product\/9481","targetHints":{"allow":["GET"]}}],"collection":[{"href":"http:\/\/basakcilastik.com.tr\/index.php?rest_route=\/wp\/v2\/product"}],"about":[{"href":"http:\/\/basakcilastik.com.tr\/index.php?rest_route=\/wp\/v2\/types\/product"}],"replies":[{"embeddable":true,"href":"http:\/\/basakcilastik.com.tr\/index.php?rest_route=%2Fwp%2Fv2%2Fcomments&post=9481"}],"wp:featuredmedia":[{"embeddable":true,"href":"http:\/\/basakcilastik.com.tr\/index.php?rest_route=\/wp\/v2\/media\/9484"}],"wp:attachment":[{"href":"http:\/\/basakcilastik.com.tr\/index.php?rest_route=%2Fwp%2Fv2%2Fmedia&parent=9481"}],"wp:term":[{"taxonomy":"product_brand","embeddable":true,"href":"http:\/\/basakcilastik.com.tr\/index.php?rest_route=%2Fwp%2Fv2%2Fproduct_brand&post=9481"},{"taxonomy":"product_cat","embeddable":true,"href":"http:\/\/basakcilastik.com.tr\/index.php?rest_route=%2Fwp%2Fv2%2Fproduct_cat&post=9481"},{"taxonomy":"product_tag","embeddable":true,"href":"http:\/\/basakcilastik.com.tr\/index.php?rest_route=%2Fwp%2Fv2%2Fproduct_tag&post=9481"}],"curies":[{"name":"wp","href":"https:\/\/api.w.org\/{rel}","templated":true}]}}