{"id":9469,"date":"2020-07-16T23:53:54","date_gmt":"2020-07-16T23:53:54","guid":{"rendered":"https:\/\/basakcilastik.com.tr\/?post_type=product&#038;p=9469"},"modified":"2020-07-16T23:53:54","modified_gmt":"2020-07-16T23:53:54","slug":"gts-10-xc-professional-tezgah-tipi-testere","status":"publish","type":"product","link":"http:\/\/basakcilastik.com.tr\/?product=gts-10-xc-professional-tezgah-tipi-testere","title":{"rendered":"GTS 10 XC Professional Tezgah tipi testere"},"content":{"rendered":"<p>Teknik veriler<\/p>\n<table width=\"750\">\n<thead>\n<tr>\n<td colspan=\"2\">Ek veriler<\/td>\n<\/tr>\n<\/thead>\n<tbody>\n<tr>\n<td><strong>Testere b\u0131\u00e7a\u011f\u0131 \u00e7ap\u0131*<\/strong><\/td>\n<td><strong>254<\/strong>\u00a0<strong>mm<\/strong><\/td>\n<\/tr>\n<tr>\n<td><strong>E\u011fim ayar\u0131*<\/strong><\/td>\n<td><strong>47 \u00b0 Sol \/ 1 \u00b0 Sa\u011f<\/strong><\/td>\n<\/tr>\n<tr>\n<td><strong>Tezgah b\u00fcy\u00fckl\u00fc\u011f\u00fc*<\/strong><\/td>\n<td><strong>640 x 705<\/strong>\u00a0<strong>mm<\/strong><\/td>\n<\/tr>\n<tr>\n<td>Nominal giri\u015f g\u00fcc\u00fc<\/td>\n<td>2.100\u00a0W<\/td>\n<\/tr>\n<tr>\n<td>Tak\u0131m \u00f6l\u00e7\u00fcleri (geni\u015flik x uzunluk x y\u00fckseklik)<\/td>\n<td>325\u00a0mm<\/td>\n<\/tr>\n<tr>\n<td>R\u00f6lanti devir say\u0131s\u0131<\/td>\n<td>3.200\u00a0dev\/dak<\/td>\n<\/tr>\n<tr>\n<td>Kesme y\u00fcksekli\u011fi 90\u00b0<\/td>\n<td>79\u00a0mm<\/td>\n<\/tr>\n<tr>\n<td>Testere b\u0131\u00e7a\u011f\u0131 g\u00f6bek \u00e7ap\u0131<\/td>\n<td>30\u00a0mm<\/td>\n<\/tr>\n<tr>\n<td>A\u011f\u0131rl\u0131k<\/td>\n<td>35\u00a0kg<\/td>\n<\/tr>\n<tr>\n<td>maks. kesme kapasitesi sa\u011f<\/td>\n<td>635\u00a0mm<\/td>\n<\/tr>\n<tr>\n<td>maks. kesme kapasitesi sol<\/td>\n<td>250\u00a0mm<\/td>\n<\/tr>\n<\/tbody>\n<\/table>\n<p>* Vurgulanan Veriler<\/p>\n<p>Elektrikli el aletinin A-dereceli g\u00fcr\u00fclt\u00fc seviyesi tipik olarak \u015fu de\u011ferlere sahiptir: Ses bas\u0131nc\u0131 seviyesi 98 dB(A); Ses performans\u0131 seviyesi 111 dB(A). K belirsizli\u011fi= 3 dB.<\/p>\n","protected":false},"excerpt":{"rendered":"<p>Teknik veriler Ek veriler Testere b\u0131\u00e7a\u011f\u0131 \u00e7ap\u0131* 254\u00a0mm E\u011fim ayar\u0131* 47 \u00b0 Sol \/ 1 \u00b0 Sa\u011f Tezgah b\u00fcy\u00fckl\u00fc\u011f\u00fc* 640 x 705\u00a0mm Nominal giri\u015f g\u00fcc\u00fc 2.100\u00a0W Tak\u0131m \u00f6l\u00e7\u00fcleri (geni\u015flik x uzunluk x y\u00fckseklik) 325\u00a0mm R\u00f6lanti devir say\u0131s\u0131 3.200\u00a0dev\/dak Kesme y\u00fcksekli\u011fi 90\u00b0 79\u00a0mm Testere b\u0131\u00e7a\u011f\u0131 g\u00f6bek \u00e7ap\u0131 30\u00a0mm A\u011f\u0131rl\u0131k 35\u00a0kg maks. kesme kapasitesi sa\u011f 635\u00a0mm maks. kesme kapasitesi sol 250\u00a0mm * [&hellip;]<\/p>\n","protected":false},"featured_media":9471,"comment_status":"open","ping_status":"closed","template":"","meta":[],"product_brand":[],"product_cat":[15,52,66],"product_tag":[],"class_list":{"0":"post-9469","1":"product","2":"type-product","3":"status-publish","4":"has-post-thumbnail","6":"product_cat-genel","7":"product_cat-akulu-aletler","8":"product_cat-testereler","10":"first","11":"instock","12":"shipping-taxable","13":"product-type-simple"},"_links":{"self":[{"href":"http:\/\/basakcilastik.com.tr\/index.php?rest_route=\/wp\/v2\/product\/9469","targetHints":{"allow":["GET"]}}],"collection":[{"href":"http:\/\/basakcilastik.com.tr\/index.php?rest_route=\/wp\/v2\/product"}],"about":[{"href":"http:\/\/basakcilastik.com.tr\/index.php?rest_route=\/wp\/v2\/types\/product"}],"replies":[{"embeddable":true,"href":"http:\/\/basakcilastik.com.tr\/index.php?rest_route=%2Fwp%2Fv2%2Fcomments&post=9469"}],"wp:featuredmedia":[{"embeddable":true,"href":"http:\/\/basakcilastik.com.tr\/index.php?rest_route=\/wp\/v2\/media\/9471"}],"wp:attachment":[{"href":"http:\/\/basakcilastik.com.tr\/index.php?rest_route=%2Fwp%2Fv2%2Fmedia&parent=9469"}],"wp:term":[{"taxonomy":"product_brand","embeddable":true,"href":"http:\/\/basakcilastik.com.tr\/index.php?rest_route=%2Fwp%2Fv2%2Fproduct_brand&post=9469"},{"taxonomy":"product_cat","embeddable":true,"href":"http:\/\/basakcilastik.com.tr\/index.php?rest_route=%2Fwp%2Fv2%2Fproduct_cat&post=9469"},{"taxonomy":"product_tag","embeddable":true,"href":"http:\/\/basakcilastik.com.tr\/index.php?rest_route=%2Fwp%2Fv2%2Fproduct_tag&post=9469"}],"curies":[{"name":"wp","href":"https:\/\/api.w.org\/{rel}","templated":true}]}}