{"id":9461,"date":"2020-07-16T23:50:52","date_gmt":"2020-07-16T23:50:52","guid":{"rendered":"https:\/\/basakcilastik.com.tr\/?post_type=product&#038;p=9461"},"modified":"2020-07-16T23:50:52","modified_gmt":"2020-07-16T23:50:52","slug":"st1540m-satih-taslama-tezgahi","status":"publish","type":"product","link":"http:\/\/basakcilastik.com.tr\/?product=st1540m-satih-taslama-tezgahi","title":{"rendered":"ST1540M Sat\u0131h Ta\u015flama Tezgah\u0131"},"content":{"rendered":"<p>\u00dcr\u00fcn \u00d6zellikleri<\/p>\n<p><strong>Standart Donan\u0131mlar<\/strong><\/p>\n<p>&#8211; Rijit D\u00f6k\u00fcm G\u00f6vde<\/p>\n<p>&#8211; Sorunsuz ve Bak\u0131m\u0131 Kolay \u0130\u015f Mili<\/p>\n<p>&#8211; Tablan\u0131n Heryerinde 0.005mm Hassasiyet<\/p>\n<p>&nbsp;<\/p>\n<p><strong>Standart Aksesuarlar<\/strong><\/p>\n<p>&#8211; Ayd\u0131nlatma Lambas\u0131<\/p>\n<p>&#8211; Ta\u015flama Ta\u015f\u0131<\/p>\n<p>&#8211; Ta\u015f Denge Aparat\u0131<\/p>\n<p>&#8211; Ta\u015f Bileme Kalemi<\/p>\n<p>&#8211; Ta\u015f Flan\u015f\u0131<\/p>\n<p>&#8211; Manyetik Tabla<\/p>\n<p>&#8211; Tala\u015f-Su Ay\u0131rma Tank\u0131<\/p>\n<p>Teknik \u00d6zellikler<\/p>\n<ul>\n<li>Tabla \u00d6l\u00e7\u00fclerimm155x460<\/li>\n<li>Manyetik Tabla Ebad\u0131mm150x400<\/li>\n<li>\u0130\u015f Mili Tabla Aras\u0131 Mesafemm450<\/li>\n<li>Tabla \u00c7apraz Hareketmm185<\/li>\n<li>Tabla Boyuna Hareketmm500<\/li>\n<li>Tablan\u0131n Y\u00fckleme Kapasitesikg97<\/li>\n<li>Dikey El \u00c7ark\u0131 \u0130lerlemesimm\/aral\u0131k0.005 \/ 1<\/li>\n<li>Ta\u015f H\u0131z\u0131mm\/dk2850<\/li>\n<li>Ta\u015f Ebad\u013175<\/li>\n<li>Ta\u015f Mili Motoru5<\/li>\n<li>A\u011f\u0131rl\u0131kkg790<\/li>\n<\/ul>\n","protected":false},"excerpt":{"rendered":"<p>\u00dcr\u00fcn \u00d6zellikleri Standart Donan\u0131mlar &#8211; Rijit D\u00f6k\u00fcm G\u00f6vde &#8211; Sorunsuz ve Bak\u0131m\u0131 Kolay \u0130\u015f Mili &#8211; Tablan\u0131n Heryerinde 0.005mm Hassasiyet &nbsp; Standart Aksesuarlar &#8211; Ayd\u0131nlatma Lambas\u0131 &#8211; Ta\u015flama Ta\u015f\u0131 &#8211; Ta\u015f Denge Aparat\u0131 &#8211; Ta\u015f Bileme Kalemi &#8211; Ta\u015f Flan\u015f\u0131 &#8211; Manyetik Tabla &#8211; Tala\u015f-Su Ay\u0131rma Tank\u0131 Teknik \u00d6zellikler Tabla \u00d6l\u00e7\u00fclerimm155x460 Manyetik Tabla Ebad\u0131mm150x400 \u0130\u015f Mili Tabla Aras\u0131 Mesafemm450 Tabla [&hellip;]<\/p>\n","protected":false},"featured_media":9463,"comment_status":"open","ping_status":"closed","template":"","meta":[],"product_brand":[],"product_cat":[15,52,65],"product_tag":[],"class_list":{"0":"post-9461","1":"product","2":"type-product","3":"status-publish","4":"has-post-thumbnail","6":"product_cat-genel","7":"product_cat-akulu-aletler","8":"product_cat-sarjli-aletler","10":"first","11":"instock","12":"shipping-taxable","13":"product-type-simple"},"_links":{"self":[{"href":"http:\/\/basakcilastik.com.tr\/index.php?rest_route=\/wp\/v2\/product\/9461","targetHints":{"allow":["GET"]}}],"collection":[{"href":"http:\/\/basakcilastik.com.tr\/index.php?rest_route=\/wp\/v2\/product"}],"about":[{"href":"http:\/\/basakcilastik.com.tr\/index.php?rest_route=\/wp\/v2\/types\/product"}],"replies":[{"embeddable":true,"href":"http:\/\/basakcilastik.com.tr\/index.php?rest_route=%2Fwp%2Fv2%2Fcomments&post=9461"}],"wp:featuredmedia":[{"embeddable":true,"href":"http:\/\/basakcilastik.com.tr\/index.php?rest_route=\/wp\/v2\/media\/9463"}],"wp:attachment":[{"href":"http:\/\/basakcilastik.com.tr\/index.php?rest_route=%2Fwp%2Fv2%2Fmedia&parent=9461"}],"wp:term":[{"taxonomy":"product_brand","embeddable":true,"href":"http:\/\/basakcilastik.com.tr\/index.php?rest_route=%2Fwp%2Fv2%2Fproduct_brand&post=9461"},{"taxonomy":"product_cat","embeddable":true,"href":"http:\/\/basakcilastik.com.tr\/index.php?rest_route=%2Fwp%2Fv2%2Fproduct_cat&post=9461"},{"taxonomy":"product_tag","embeddable":true,"href":"http:\/\/basakcilastik.com.tr\/index.php?rest_route=%2Fwp%2Fv2%2Fproduct_tag&post=9461"}],"curies":[{"name":"wp","href":"https:\/\/api.w.org\/{rel}","templated":true}]}}