{"id":9433,"date":"2020-07-16T23:41:53","date_gmt":"2020-07-16T23:41:53","guid":{"rendered":"https:\/\/basakcilastik.com.tr\/?post_type=product&#038;p=9433"},"modified":"2020-07-16T23:41:53","modified_gmt":"2020-07-16T23:41:53","slug":"gst-150-bce-professional-dekupaj-testeresi","status":"publish","type":"product","link":"http:\/\/basakcilastik.com.tr\/?product=gst-150-bce-professional-dekupaj-testeresi","title":{"rendered":"GST 150 BCE Professional Dekupaj testeresi"},"content":{"rendered":"<p>Teknik veriler<\/p>\n<table width=\"750\">\n<thead>\n<tr>\n<td colspan=\"2\">Ek veriler<\/td>\n<\/tr>\n<\/thead>\n<tbody>\n<tr>\n<td><strong>Nominal giri\u015f g\u00fcc\u00fc*<\/strong><\/td>\n<td><strong>780<\/strong>\u00a0<strong>W<\/strong><\/td>\n<\/tr>\n<tr>\n<td>R\u00f6lantideki strok say\u0131s\u0131<\/td>\n<td>500 \u2013 3.100\u00a0strok\/dak<\/td>\n<\/tr>\n<tr>\n<td>A\u011f\u0131rl\u0131k<\/td>\n<td>2,7\u00a0kg<\/td>\n<\/tr>\n<tr>\n<td>Kablo uzunlu\u011fu<\/td>\n<td>4\u00a0m<\/td>\n<\/tr>\n<\/tbody>\n<\/table>\n<p>&nbsp;<\/p>\n<table width=\"750\">\n<thead>\n<tr>\n<td colspan=\"2\">Kesme derinli\u011fi<\/td>\n<\/tr>\n<\/thead>\n<tbody>\n<tr>\n<td><strong>Ah\u015fapta kesme derinli\u011fi*<\/strong><\/td>\n<td><strong>150<\/strong>\u00a0<strong>mm<\/strong><\/td>\n<\/tr>\n<tr>\n<td><strong>Al\u00fcminyumda kesme derinli\u011fi*<\/strong><\/td>\n<td><strong>20<\/strong>\u00a0<strong>mm<\/strong><\/td>\n<\/tr>\n<tr>\n<td>Ala\u015f\u0131ms\u0131z \u00e7elikte kesme derinli\u011fi<\/td>\n<td>10\u00a0mm<\/td>\n<\/tr>\n<\/tbody>\n<\/table>\n<p>&nbsp;<\/p>\n<table width=\"750\">\n<thead>\n<tr>\n<td colspan=\"2\">Toplam titre\u015fim de\u011feri (A\u011fa\u00e7 kesme)<\/td>\n<\/tr>\n<\/thead>\n<tbody>\n<tr>\n<td>Titre\u015fim emisyon de\u011feri ah<\/td>\n<td>7\u00a0m\/s\u00b2<\/td>\n<\/tr>\n<tr>\n<td>Tolerans K<\/td>\n<td>1,5\u00a0m\/s\u00b2<\/td>\n<\/tr>\n<\/tbody>\n<\/table>\n<p>&nbsp;<\/p>\n<table width=\"750\">\n<thead>\n<tr>\n<td colspan=\"2\">Toplam titre\u015fim de\u011feri (Sac levha kesimi)<\/td>\n<\/tr>\n<\/thead>\n<tbody>\n<tr>\n<td>Titre\u015fim emisyon de\u011feri ah<\/td>\n<td>4\u00a0m\/s\u00b2<\/td>\n<\/tr>\n<tr>\n<td>Tolerans K<\/td>\n<td>1,5\u00a0m\/s\u00b2<\/td>\n<\/tr>\n<\/tbody>\n<\/table>\n<p>* Vurgulanan Veriler<\/p>\n<p>Elektrikli el aletinin A-dereceli g\u00fcr\u00fclt\u00fc seviyesi tipik olarak \u015fu de\u011ferlere sahiptir: Ses bas\u0131nc\u0131 seviyesi 83 dB(A); Ses performans\u0131 seviyesi 94 dB(A). K belirsizli\u011fi= 3 dB.<\/p>\n","protected":false},"excerpt":{"rendered":"<p>Teknik veriler Ek veriler Nominal giri\u015f g\u00fcc\u00fc* 780\u00a0W R\u00f6lantideki strok say\u0131s\u0131 500 \u2013 3.100\u00a0strok\/dak A\u011f\u0131rl\u0131k 2,7\u00a0kg Kablo uzunlu\u011fu 4\u00a0m &nbsp; Kesme derinli\u011fi Ah\u015fapta kesme derinli\u011fi* 150\u00a0mm Al\u00fcminyumda kesme derinli\u011fi* 20\u00a0mm Ala\u015f\u0131ms\u0131z \u00e7elikte kesme derinli\u011fi 10\u00a0mm &nbsp; Toplam titre\u015fim de\u011feri (A\u011fa\u00e7 kesme) Titre\u015fim emisyon de\u011feri ah 7\u00a0m\/s\u00b2 Tolerans K 1,5\u00a0m\/s\u00b2 &nbsp; Toplam titre\u015fim de\u011feri (Sac levha kesimi) Titre\u015fim emisyon de\u011feri ah [&hellip;]<\/p>\n","protected":false},"featured_media":9434,"comment_status":"open","ping_status":"closed","template":"","meta":[],"product_brand":[],"product_cat":[15,52,66],"product_tag":[],"class_list":{"0":"post-9433","1":"product","2":"type-product","3":"status-publish","4":"has-post-thumbnail","6":"product_cat-genel","7":"product_cat-akulu-aletler","8":"product_cat-testereler","10":"first","11":"instock","12":"shipping-taxable","13":"product-type-simple"},"_links":{"self":[{"href":"http:\/\/basakcilastik.com.tr\/index.php?rest_route=\/wp\/v2\/product\/9433","targetHints":{"allow":["GET"]}}],"collection":[{"href":"http:\/\/basakcilastik.com.tr\/index.php?rest_route=\/wp\/v2\/product"}],"about":[{"href":"http:\/\/basakcilastik.com.tr\/index.php?rest_route=\/wp\/v2\/types\/product"}],"replies":[{"embeddable":true,"href":"http:\/\/basakcilastik.com.tr\/index.php?rest_route=%2Fwp%2Fv2%2Fcomments&post=9433"}],"wp:featuredmedia":[{"embeddable":true,"href":"http:\/\/basakcilastik.com.tr\/index.php?rest_route=\/wp\/v2\/media\/9434"}],"wp:attachment":[{"href":"http:\/\/basakcilastik.com.tr\/index.php?rest_route=%2Fwp%2Fv2%2Fmedia&parent=9433"}],"wp:term":[{"taxonomy":"product_brand","embeddable":true,"href":"http:\/\/basakcilastik.com.tr\/index.php?rest_route=%2Fwp%2Fv2%2Fproduct_brand&post=9433"},{"taxonomy":"product_cat","embeddable":true,"href":"http:\/\/basakcilastik.com.tr\/index.php?rest_route=%2Fwp%2Fv2%2Fproduct_cat&post=9433"},{"taxonomy":"product_tag","embeddable":true,"href":"http:\/\/basakcilastik.com.tr\/index.php?rest_route=%2Fwp%2Fv2%2Fproduct_tag&post=9433"}],"curies":[{"name":"wp","href":"https:\/\/api.w.org\/{rel}","templated":true}]}}