{"id":9368,"date":"2020-07-16T23:22:57","date_gmt":"2020-07-16T23:22:57","guid":{"rendered":"https:\/\/basakcilastik.com.tr\/?post_type=product&#038;p=9368"},"modified":"2020-07-16T23:22:58","modified_gmt":"2020-07-16T23:22:58","slug":"gnf-65-a-professional-kanal-acma-makinesi","status":"publish","type":"product","link":"http:\/\/basakcilastik.com.tr\/?product=gnf-65-a-professional-kanal-acma-makinesi","title":{"rendered":"GNF 65 A Professional Kanal a\u00e7ma makinesi"},"content":{"rendered":"<p>Teknik veriler<\/p>\n<table width=\"750\">\n<thead>\n<tr>\n<td colspan=\"2\">Ek veriler<\/td>\n<\/tr>\n<\/thead>\n<tbody>\n<tr>\n<td><strong>R\u00f6lanti devir say\u0131s\u0131*<\/strong><\/td>\n<td><strong>5.200<\/strong>\u00a0<strong>dev\/dak<\/strong><\/td>\n<\/tr>\n<tr>\n<td><strong>Nominal giri\u015f g\u00fcc\u00fc*<\/strong><\/td>\n<td><strong>2.400<\/strong>\u00a0<strong>W<\/strong><\/td>\n<\/tr>\n<tr>\n<td>Ayarlanabilir kanal derinli\u011fi<\/td>\n<td>20 \u2013 65\u00a0mm<\/td>\n<\/tr>\n<tr>\n<td>Kesme geni\u015fli\u011fi<\/td>\n<td>3 \u2013 40\u00a0mm<\/td>\n<\/tr>\n<tr>\n<td>Disk \u00e7ap\u0131<\/td>\n<td>230\u00a0mm<\/td>\n<\/tr>\n<tr>\n<td>\u00c7\u0131k\u0131\u015f g\u00fcc\u00fc<\/td>\n<td>1.670\u00a0W<\/td>\n<\/tr>\n<tr>\n<td>A\u011f\u0131rl\u0131k<\/td>\n<td>8,4\u00a0kg<\/td>\n<\/tr>\n<tr>\n<td>Tak\u0131m \u00f6l\u00e7\u00fcleri (uzunluk)<\/td>\n<td>690\u00a0mm<\/td>\n<\/tr>\n<tr>\n<td>Tak\u0131m \u00f6l\u00e7\u00fcleri (y\u00fckseklik)<\/td>\n<td>455\u00a0mm<\/td>\n<\/tr>\n<\/tbody>\n<\/table>\n<p>* Vurgulanan Veriler<\/p>\n<p>Elektrikli el aletinin A-dereceli g\u00fcr\u00fclt\u00fc seviyesi tipik olarak \u015fu de\u011ferlere sahiptir: Ses bas\u0131nc\u0131 seviyesi 97 dB(A); Ses performans\u0131 seviyesi 110 dB(A). K belirsizli\u011fi= dB<\/p>\n","protected":false},"excerpt":{"rendered":"<p>Teknik veriler Ek veriler R\u00f6lanti devir say\u0131s\u0131* 5.200\u00a0dev\/dak Nominal giri\u015f g\u00fcc\u00fc* 2.400\u00a0W Ayarlanabilir kanal derinli\u011fi 20 \u2013 65\u00a0mm Kesme geni\u015fli\u011fi 3 \u2013 40\u00a0mm Disk \u00e7ap\u0131 230\u00a0mm \u00c7\u0131k\u0131\u015f g\u00fcc\u00fc 1.670\u00a0W A\u011f\u0131rl\u0131k 8,4\u00a0kg Tak\u0131m \u00f6l\u00e7\u00fcleri (uzunluk) 690\u00a0mm Tak\u0131m \u00f6l\u00e7\u00fcleri (y\u00fckseklik) 455\u00a0mm * Vurgulanan Veriler Elektrikli el aletinin A-dereceli g\u00fcr\u00fclt\u00fc seviyesi tipik olarak \u015fu de\u011ferlere sahiptir: Ses bas\u0131nc\u0131 seviyesi 97 dB(A); Ses performans\u0131 [&hellip;]<\/p>\n","protected":false},"featured_media":9370,"comment_status":"open","ping_status":"closed","template":"","meta":[],"product_brand":[],"product_cat":[15,52,65],"product_tag":[],"class_list":{"0":"post-9368","1":"product","2":"type-product","3":"status-publish","4":"has-post-thumbnail","6":"product_cat-genel","7":"product_cat-akulu-aletler","8":"product_cat-sarjli-aletler","10":"first","11":"instock","12":"shipping-taxable","13":"product-type-simple"},"_links":{"self":[{"href":"http:\/\/basakcilastik.com.tr\/index.php?rest_route=\/wp\/v2\/product\/9368","targetHints":{"allow":["GET"]}}],"collection":[{"href":"http:\/\/basakcilastik.com.tr\/index.php?rest_route=\/wp\/v2\/product"}],"about":[{"href":"http:\/\/basakcilastik.com.tr\/index.php?rest_route=\/wp\/v2\/types\/product"}],"replies":[{"embeddable":true,"href":"http:\/\/basakcilastik.com.tr\/index.php?rest_route=%2Fwp%2Fv2%2Fcomments&post=9368"}],"wp:featuredmedia":[{"embeddable":true,"href":"http:\/\/basakcilastik.com.tr\/index.php?rest_route=\/wp\/v2\/media\/9370"}],"wp:attachment":[{"href":"http:\/\/basakcilastik.com.tr\/index.php?rest_route=%2Fwp%2Fv2%2Fmedia&parent=9368"}],"wp:term":[{"taxonomy":"product_brand","embeddable":true,"href":"http:\/\/basakcilastik.com.tr\/index.php?rest_route=%2Fwp%2Fv2%2Fproduct_brand&post=9368"},{"taxonomy":"product_cat","embeddable":true,"href":"http:\/\/basakcilastik.com.tr\/index.php?rest_route=%2Fwp%2Fv2%2Fproduct_cat&post=9368"},{"taxonomy":"product_tag","embeddable":true,"href":"http:\/\/basakcilastik.com.tr\/index.php?rest_route=%2Fwp%2Fv2%2Fproduct_tag&post=9368"}],"curies":[{"name":"wp","href":"https:\/\/api.w.org\/{rel}","templated":true}]}}