{"id":9303,"date":"2020-07-16T22:56:00","date_gmt":"2020-07-16T22:56:00","guid":{"rendered":"https:\/\/basakcilastik.com.tr\/?post_type=product&#038;p=9303"},"modified":"2020-07-16T22:56:00","modified_gmt":"2020-07-16T22:56:00","slug":"einhell-te-xc-1101-cok-amacli-daire-testere","status":"publish","type":"product","link":"http:\/\/basakcilastik.com.tr\/?product=einhell-te-xc-1101-cok-amacli-daire-testere","title":{"rendered":"Einhell TE-XC 1101 \u00c7ok Ama\u00e7l\u0131 Daire Testere"},"content":{"rendered":"<p><strong>\u00dcr\u00fcn a\u00e7\u0131klamas\u0131<\/strong><\/p>\n<p>Einhell TE-XC 110\/1 \u00c7ok Ama\u00e7l\u0131 Daire Testere, metal, ah\u015fap, plastik, ta\u015f ve fayans kesmek i\u00e7in y\u00fcksek torklu, toz korumal\u0131 motora sahip \u00e7ok g\u00fc\u00e7l\u00fc ve \u00e7ok y\u00f6nl\u00fc bir \u00fcr\u00fcnd\u00fcr. Ergonomik tasar\u0131m\u0131 ve yumu\u015fak tutamak sayesinde rahat ve iyi bir tutu\u015f sunarken y\u00f6nlendirme i\u00e7in de uygundur. Paralellik mesnedi do\u011fru boyutlarda kesimler i\u00e7in kullan\u0131l\u0131rken, mil kilidi tak\u0131m\u0131n h\u0131zl\u0131 ve kolay de\u011fi\u015ftirilmesini m\u00fcmk\u00fcn k\u0131lar. Entegre lazer ile d\u00fcz kesimler hassas ve kesinlikle yap\u0131l\u0131r. Testere b\u0131\u00e7a\u011f\u0131n\u0131n de\u011fi\u015ftirilmesi i\u00e7in gerekli anahtar makinenin \u00fcst\u00fcnde olup bu i\u015flemin basitle\u015ftirilmesini sa\u011flar. Sa\u011flam, kau\u00e7uk g\u00fc\u00e7 kablosuna sahiptir. Metal, ah\u015fap, plastik ve al\u00e7\u0131pan kesmek i\u00e7in karb\u00fcr b\u0131\u00e7a\u011f\u0131 ve ta\u015f ile fayans kesmek i\u00e7in elmas kesme diski mevcuttur.<\/p>\n<p>&nbsp;<\/p>\n<p><strong>\u00d6zellikler<\/strong><\/p>\n<p>\u00dcniversal Daire Testere TE-XC 110\/1 i\u00e7in detaylar, \u015fekiller ve bilgiler: burada ayr\u0131nt\u0131l\u0131 teknik veriler ve bu Einhell \u00fcr\u00fcn\u00fcn\u00fcn boyutlar\u0131, a\u011f\u0131rl\u0131\u011f\u0131 ve ambalaj\u0131 hakk\u0131nda \u00f6zel bilgiler bulacaks\u0131n\u0131z.<\/p>\n<table>\n<tbody>\n<tr>\n<td colspan=\"2\"><strong>Teknik \u00d6zellikler<\/strong><\/td>\n<\/tr>\n<tr>\n<td><strong>Giri\u015f voltaj\u0131<\/strong><\/td>\n<td><\/td>\n<\/tr>\n<tr>\n<td><strong>G\u00fc\u00e7<\/strong><\/td>\n<td>730 W<\/td>\n<\/tr>\n<tr>\n<td><strong>Bo\u015fta \u00e7al\u0131\u015fma h\u0131z\u0131<\/strong><\/td>\n<td>4300 min^-1<\/td>\n<\/tr>\n<tr>\n<td><strong>Testere b\u0131\u00e7a\u011f\u0131<\/strong><\/td>\n<td><\/td>\n<\/tr>\n<tr>\n<td><strong>Testere di\u015f say\u0131s\u0131<\/strong><\/td>\n<td>24 Pieces<\/td>\n<\/tr>\n<tr>\n<td><strong>Elmas kesme ta\u015f\u0131<\/strong><\/td>\n<td><\/td>\n<\/tr>\n<tr>\n<td><strong>Kesme derinli\u011fi, 90\u00b0 de<\/strong><\/td>\n<td>33 mm<\/td>\n<\/tr>\n<\/tbody>\n<\/table>\n","protected":false},"excerpt":{"rendered":"<p>\u00dcr\u00fcn a\u00e7\u0131klamas\u0131 Einhell TE-XC 110\/1 \u00c7ok Ama\u00e7l\u0131 Daire Testere, metal, ah\u015fap, plastik, ta\u015f ve fayans kesmek i\u00e7in y\u00fcksek torklu, toz korumal\u0131 motora sahip \u00e7ok g\u00fc\u00e7l\u00fc ve \u00e7ok y\u00f6nl\u00fc bir \u00fcr\u00fcnd\u00fcr. Ergonomik tasar\u0131m\u0131 ve yumu\u015fak tutamak sayesinde rahat ve iyi bir tutu\u015f sunarken y\u00f6nlendirme i\u00e7in de uygundur. Paralellik mesnedi do\u011fru boyutlarda kesimler i\u00e7in kullan\u0131l\u0131rken, mil kilidi tak\u0131m\u0131n h\u0131zl\u0131 ve kolay de\u011fi\u015ftirilmesini [&hellip;]<\/p>\n","protected":false},"featured_media":9304,"comment_status":"open","ping_status":"closed","template":"","meta":[],"product_brand":[],"product_cat":[15,52,66],"product_tag":[],"class_list":{"0":"post-9303","1":"product","2":"type-product","3":"status-publish","4":"has-post-thumbnail","6":"product_cat-genel","7":"product_cat-akulu-aletler","8":"product_cat-testereler","10":"first","11":"instock","12":"shipping-taxable","13":"product-type-simple"},"_links":{"self":[{"href":"http:\/\/basakcilastik.com.tr\/index.php?rest_route=\/wp\/v2\/product\/9303","targetHints":{"allow":["GET"]}}],"collection":[{"href":"http:\/\/basakcilastik.com.tr\/index.php?rest_route=\/wp\/v2\/product"}],"about":[{"href":"http:\/\/basakcilastik.com.tr\/index.php?rest_route=\/wp\/v2\/types\/product"}],"replies":[{"embeddable":true,"href":"http:\/\/basakcilastik.com.tr\/index.php?rest_route=%2Fwp%2Fv2%2Fcomments&post=9303"}],"wp:featuredmedia":[{"embeddable":true,"href":"http:\/\/basakcilastik.com.tr\/index.php?rest_route=\/wp\/v2\/media\/9304"}],"wp:attachment":[{"href":"http:\/\/basakcilastik.com.tr\/index.php?rest_route=%2Fwp%2Fv2%2Fmedia&parent=9303"}],"wp:term":[{"taxonomy":"product_brand","embeddable":true,"href":"http:\/\/basakcilastik.com.tr\/index.php?rest_route=%2Fwp%2Fv2%2Fproduct_brand&post=9303"},{"taxonomy":"product_cat","embeddable":true,"href":"http:\/\/basakcilastik.com.tr\/index.php?rest_route=%2Fwp%2Fv2%2Fproduct_cat&post=9303"},{"taxonomy":"product_tag","embeddable":true,"href":"http:\/\/basakcilastik.com.tr\/index.php?rest_route=%2Fwp%2Fv2%2Fproduct_tag&post=9303"}],"curies":[{"name":"wp","href":"https:\/\/api.w.org\/{rel}","templated":true}]}}