{"id":9300,"date":"2020-07-16T22:54:26","date_gmt":"2020-07-16T22:54:26","guid":{"rendered":"https:\/\/basakcilastik.com.tr\/?post_type=product&#038;p=9300"},"modified":"2020-07-16T22:54:27","modified_gmt":"2020-07-16T22:54:27","slug":"einhell-te-ps-165-dalma-testeresi","status":"publish","type":"product","link":"http:\/\/basakcilastik.com.tr\/?product=einhell-te-ps-165-dalma-testeresi","title":{"rendered":"Einhell TE-PS 165 Dalma Testeresi"},"content":{"rendered":"<p><strong>\u00dcr\u00fcn a\u00e7\u0131klamas\u0131<\/strong><\/p>\n<p>Einhell TE-PS 165 Dalma Testeresi \u00e7ok \u00e7e\u015fitli malzemelerde hassas kesimler i\u00e7in g\u00fc\u00e7l\u00fc, \u00e7ok y\u00f6nl\u00fc bir \u00fcr\u00fcnd\u00fcr. Ah\u015fap, panel ve plastikler i\u00e7in 1200 W g\u00fcc\u00fc sayesinde bu malzemelerde karb\u00fcr b\u0131\u00e7a\u011f\u0131 ile 56mm derinli\u011fe kadar (90 derecede, rays\u0131z) g\u00fc\u00e7l\u00fc kesim i\u015fleri yapman\u0131z\u0131 sa\u011flar. 45 dereceye kadar a\u00e7\u0131l\u0131 kesimlerde ise 42 mm derinli\u011fe (rays\u0131z) kadar sorun ya\u015famaz. Kesme derinli\u011fi ve a\u00e7\u0131s\u0131 herhangi bir ilave alete gerek duyulmadan ayarlanabilir. B\u0131\u00e7ak kilidi testere b\u0131\u00e7a\u011f\u0131n\u0131n de\u011fi\u015ftirilmesini kolayla\u015ft\u0131r\u0131r. G\u00f6r\u00fc\u015f paneli kesim alan\u0131n\u0131n daha iyi g\u00f6r\u00fclmesini sa\u011flar. 4 m kablo uzunlu\u011fu geni\u015f bir \u00e7al\u0131\u015fma alan\u0131 sa\u011flar. D\u00fcz kesimler i\u00e7in paralellik mesnedi mevcuttur. Vakum emme adapt\u00f6r\u00fc, temiz bir \u00e7al\u0131\u015fma alan\u0131 sunar. Geni\u015f sap\u0131 yorulmadan \u00e7al\u0131\u015fma i\u00e7in tasarlanm\u0131\u015ft\u0131r. Ekstra kesinlik i\u00e7in bir k\u0131lavuz ray sistemi ayr\u0131 olarak temin edilebilir.<\/p>\n<p>&nbsp;<\/p>\n<p><strong>\u00d6zellikler<\/strong><\/p>\n<p>Dalma Testeresi TE-PS 165 i\u00e7in detaylar, \u015fekiller ve bilgiler: burada ayr\u0131nt\u0131l\u0131 teknik veriler ve bu Einhell \u00fcr\u00fcn\u00fcn\u00fcn boyutlar\u0131, a\u011f\u0131rl\u0131\u011f\u0131 ve ambalaj\u0131 hakk\u0131nda \u00f6zel bilgiler bulacaks\u0131n\u0131z.<\/p>\n<table>\n<tbody>\n<tr>\n<td colspan=\"2\"><strong>Teknik \u00d6zellikler<\/strong><\/td>\n<\/tr>\n<tr>\n<td><strong>Giri\u015f voltaj\u0131<\/strong><\/td>\n<td>220-240 V | 50 Hz<\/td>\n<\/tr>\n<tr>\n<td><strong>G\u00fc\u00e7<\/strong><\/td>\n<td>1200 W<\/td>\n<\/tr>\n<tr>\n<td><strong>Bo\u015fta \u00e7al\u0131\u015fma h\u0131z\u0131<\/strong><\/td>\n<td>5200 min^-1<\/td>\n<\/tr>\n<tr>\n<td><strong>Testere b\u0131\u00e7a\u011f\u0131<\/strong><\/td>\n<td>165 mm x 20 mm<\/td>\n<\/tr>\n<tr>\n<td><strong>Testere di\u015f say\u0131s\u0131<\/strong><\/td>\n<td>48 Pieces<\/td>\n<\/tr>\n<tr>\n<td><strong>Kesme derinli\u011fi, 90\u00b0 de (k\u0131lavuzsuz)<\/strong><\/td>\n<td>56 mm<\/td>\n<\/tr>\n<tr>\n<td><strong>Kesme derinli\u011fi, 45\u00b0 de (k\u0131lavuzsuz)<\/strong><\/td>\n<td>42 mm<\/td>\n<\/tr>\n<\/tbody>\n<\/table>\n","protected":false},"excerpt":{"rendered":"<p>\u00dcr\u00fcn a\u00e7\u0131klamas\u0131 Einhell TE-PS 165 Dalma Testeresi \u00e7ok \u00e7e\u015fitli malzemelerde hassas kesimler i\u00e7in g\u00fc\u00e7l\u00fc, \u00e7ok y\u00f6nl\u00fc bir \u00fcr\u00fcnd\u00fcr. Ah\u015fap, panel ve plastikler i\u00e7in 1200 W g\u00fcc\u00fc sayesinde bu malzemelerde karb\u00fcr b\u0131\u00e7a\u011f\u0131 ile 56mm derinli\u011fe kadar (90 derecede, rays\u0131z) g\u00fc\u00e7l\u00fc kesim i\u015fleri yapman\u0131z\u0131 sa\u011flar. 45 dereceye kadar a\u00e7\u0131l\u0131 kesimlerde ise 42 mm derinli\u011fe (rays\u0131z) kadar sorun ya\u015famaz. Kesme derinli\u011fi ve a\u00e7\u0131s\u0131 [&hellip;]<\/p>\n","protected":false},"featured_media":9302,"comment_status":"open","ping_status":"closed","template":"","meta":[],"product_brand":[],"product_cat":[15,52,66],"product_tag":[],"class_list":{"0":"post-9300","1":"product","2":"type-product","3":"status-publish","4":"has-post-thumbnail","6":"product_cat-genel","7":"product_cat-akulu-aletler","8":"product_cat-testereler","10":"first","11":"instock","12":"shipping-taxable","13":"product-type-simple"},"_links":{"self":[{"href":"http:\/\/basakcilastik.com.tr\/index.php?rest_route=\/wp\/v2\/product\/9300","targetHints":{"allow":["GET"]}}],"collection":[{"href":"http:\/\/basakcilastik.com.tr\/index.php?rest_route=\/wp\/v2\/product"}],"about":[{"href":"http:\/\/basakcilastik.com.tr\/index.php?rest_route=\/wp\/v2\/types\/product"}],"replies":[{"embeddable":true,"href":"http:\/\/basakcilastik.com.tr\/index.php?rest_route=%2Fwp%2Fv2%2Fcomments&post=9300"}],"wp:featuredmedia":[{"embeddable":true,"href":"http:\/\/basakcilastik.com.tr\/index.php?rest_route=\/wp\/v2\/media\/9302"}],"wp:attachment":[{"href":"http:\/\/basakcilastik.com.tr\/index.php?rest_route=%2Fwp%2Fv2%2Fmedia&parent=9300"}],"wp:term":[{"taxonomy":"product_brand","embeddable":true,"href":"http:\/\/basakcilastik.com.tr\/index.php?rest_route=%2Fwp%2Fv2%2Fproduct_brand&post=9300"},{"taxonomy":"product_cat","embeddable":true,"href":"http:\/\/basakcilastik.com.tr\/index.php?rest_route=%2Fwp%2Fv2%2Fproduct_cat&post=9300"},{"taxonomy":"product_tag","embeddable":true,"href":"http:\/\/basakcilastik.com.tr\/index.php?rest_route=%2Fwp%2Fv2%2Fproduct_tag&post=9300"}],"curies":[{"name":"wp","href":"https:\/\/api.w.org\/{rel}","templated":true}]}}