{"id":9298,"date":"2020-07-16T22:55:25","date_gmt":"2020-07-16T22:55:25","guid":{"rendered":"https:\/\/basakcilastik.com.tr\/?post_type=product&#038;p=9298"},"modified":"2020-07-16T22:55:26","modified_gmt":"2020-07-16T22:55:26","slug":"gcr-350-professional-karot-sehpasi","status":"publish","type":"product","link":"http:\/\/basakcilastik.com.tr\/?product=gcr-350-professional-karot-sehpasi","title":{"rendered":"GCR 350 Professional Karot sehpas\u0131"},"content":{"rendered":"<p>Teknik veriler<\/p>\n<table width=\"750\">\n<thead>\n<tr>\n<td colspan=\"2\">Ek veriler<\/td>\n<\/tr>\n<\/thead>\n<tbody>\n<tr>\n<td><strong>Kol uzunlu\u011fu*<\/strong><\/td>\n<td><strong>955<\/strong>\u00a0<strong>mm<\/strong><\/td>\n<\/tr>\n<tr>\n<td><strong>Delme stroku*<\/strong><\/td>\n<td><strong>580<\/strong>\u00a0<strong>mm<\/strong><\/td>\n<\/tr>\n<tr>\n<td><strong>A\u011f\u0131rl\u0131k*<\/strong><\/td>\n<td><strong>12,6<\/strong>\u00a0<strong>kg<\/strong><\/td>\n<\/tr>\n<tr>\n<td>Delme \u00e7ap\u0131<\/td>\n<td>350\u00a0mm<\/td>\n<\/tr>\n<tr>\n<td>\u00c7al\u0131\u015fma uzunlu\u011fu, Z ekseni<\/td>\n<td>550\u00a0mm<\/td>\n<\/tr>\n<tr>\n<td>Tespit, t\u00fcr\u00fc<\/td>\n<td>Vidalanm\u0131\u015f<\/td>\n<\/tr>\n<\/tbody>\n<\/table>\n<p>* Vurgulanan Veriler<\/p>\n","protected":false},"excerpt":{"rendered":"<p>Teknik veriler Ek veriler Kol uzunlu\u011fu* 955\u00a0mm Delme stroku* 580\u00a0mm A\u011f\u0131rl\u0131k* 12,6\u00a0kg Delme \u00e7ap\u0131 350\u00a0mm \u00c7al\u0131\u015fma uzunlu\u011fu, Z ekseni 550\u00a0mm Tespit, t\u00fcr\u00fc Vidalanm\u0131\u015f * Vurgulanan Veriler<\/p>\n","protected":false},"featured_media":9301,"comment_status":"open","ping_status":"closed","template":"","meta":[],"product_brand":[],"product_cat":[15,52,65],"product_tag":[],"class_list":{"0":"post-9298","1":"product","2":"type-product","3":"status-publish","4":"has-post-thumbnail","6":"product_cat-genel","7":"product_cat-akulu-aletler","8":"product_cat-sarjli-aletler","10":"first","11":"instock","12":"shipping-taxable","13":"product-type-simple"},"_links":{"self":[{"href":"http:\/\/basakcilastik.com.tr\/index.php?rest_route=\/wp\/v2\/product\/9298","targetHints":{"allow":["GET"]}}],"collection":[{"href":"http:\/\/basakcilastik.com.tr\/index.php?rest_route=\/wp\/v2\/product"}],"about":[{"href":"http:\/\/basakcilastik.com.tr\/index.php?rest_route=\/wp\/v2\/types\/product"}],"replies":[{"embeddable":true,"href":"http:\/\/basakcilastik.com.tr\/index.php?rest_route=%2Fwp%2Fv2%2Fcomments&post=9298"}],"wp:featuredmedia":[{"embeddable":true,"href":"http:\/\/basakcilastik.com.tr\/index.php?rest_route=\/wp\/v2\/media\/9301"}],"wp:attachment":[{"href":"http:\/\/basakcilastik.com.tr\/index.php?rest_route=%2Fwp%2Fv2%2Fmedia&parent=9298"}],"wp:term":[{"taxonomy":"product_brand","embeddable":true,"href":"http:\/\/basakcilastik.com.tr\/index.php?rest_route=%2Fwp%2Fv2%2Fproduct_brand&post=9298"},{"taxonomy":"product_cat","embeddable":true,"href":"http:\/\/basakcilastik.com.tr\/index.php?rest_route=%2Fwp%2Fv2%2Fproduct_cat&post=9298"},{"taxonomy":"product_tag","embeddable":true,"href":"http:\/\/basakcilastik.com.tr\/index.php?rest_route=%2Fwp%2Fv2%2Fproduct_tag&post=9298"}],"curies":[{"name":"wp","href":"https:\/\/api.w.org\/{rel}","templated":true}]}}