{"id":9285,"date":"2020-07-16T22:47:13","date_gmt":"2020-07-16T22:47:13","guid":{"rendered":"https:\/\/basakcilastik.com.tr\/?post_type=product&#038;p=9285"},"modified":"2020-07-16T22:47:13","modified_gmt":"2020-07-16T22:47:13","slug":"einhell-te-cs-18-li-solo-akulu-daire-testere","status":"publish","type":"product","link":"http:\/\/basakcilastik.com.tr\/?product=einhell-te-cs-18-li-solo-akulu-daire-testere","title":{"rendered":"Einhell TE-CS 18 Li &#8211; Solo Ak\u00fcl\u00fc Daire Testere"},"content":{"rendered":"<p><strong>\u00dcr\u00fcn a\u00e7\u0131klamas\u0131<\/strong><\/p>\n<p>Einhell TE-CS 18 Li &#8211; Solo Ak\u00fcl\u00fc Daire Testere hafif ve rahat\u00e7a elde tutulabilir yap\u0131s\u0131 ile birlikte \u00e7al\u0131\u015fmas\u0131 kolay olup ev ve bah\u00e7e i\u015fleriniz i\u00e7in kullan\u0131\u015fl\u0131 ve ideal bir \u00fcr\u00fcnd\u00fcr. Kesme derinli\u011fi ve e\u011fim a\u00e7\u0131s\u0131n\u0131 aletsiz ve h\u0131zl\u0131ca ayarlayabilirsiniz. Mil kilidi ile kolay b\u0131\u00e7ak de\u011fi\u015ftirme \u00f6zelli\u011fi bulunur. Y\u00fcksek kaliteli parlak LED \u0131\u015f\u0131\u011f\u0131 ve toz toplama adapt\u00f6r\u00fc \u00e7al\u0131\u015fma s\u0131ras\u0131nda size temiz bir g\u00f6r\u00fc\u015f ve \u00e7al\u0131\u015fma ortam\u0131n\u0131z\u0131 temiz tutman\u0131z\u0131 sa\u011flar. Ayr\u0131 olarak edinebilece\u011finiz Einhell k\u0131lavuz ray\u0131 ile kullan\u0131ma uygundur. Einhell TE-CS 18 Li &#8211; Solo \u00fcr\u00fcn\u00fcnde \u015farj cihaz\u0131 ve ak\u00fc bulunmamaktad\u0131r. \u0130htiyac\u0131n\u0131z olan ve diledi\u011finiz kapasitedeki ak\u00fcleri ve \u015farj cihaz\u0131n\u0131 ayr\u0131 ayr\u0131 sat\u0131n alabilir ya da daha \u00f6nce sat\u0131n ald\u0131\u011f\u0131n\u0131z Power X-Change ailesi \u00fcr\u00fcnlerinde bulunan ak\u00fc ve \u015farj cihazlar\u0131n\u0131 kullanabilirsiniz. B\u00f6ylece her cihaz i\u00e7in tekrar tekrar ak\u00fc ve \u015farj cihaz\u0131 almak zorunda kalmaz ve tasarruf edersiniz.<\/p>\n<p>&nbsp;<\/p>\n<p><strong>\u00d6zellikler<\/strong><\/p>\n<p>Ak\u00fcl\u00fc Daire Testere TE-CS 18 Li-Solo i\u00e7in detaylar, \u015fekiller ve bilgiler: burada ayr\u0131nt\u0131l\u0131 teknik veriler ve bu Einhell \u00fcr\u00fcn\u00fcn\u00fcn boyutlar\u0131, a\u011f\u0131rl\u0131\u011f\u0131 ve ambalaj\u0131 hakk\u0131nda \u00f6zel bilgiler bulacaks\u0131n\u0131z.<\/p>\n<table>\n<tbody>\n<tr>\n<td colspan=\"2\"><strong>Teknik \u00d6zellikler<\/strong><\/td>\n<\/tr>\n<tr>\n<td><strong>Bo\u015fta \u00e7al\u0131\u015fma h\u0131z\u0131<\/strong><\/td>\n<td>4200 min^-1<\/td>\n<\/tr>\n<tr>\n<td><strong>Testere b\u0131\u00e7a\u011f\u0131<\/strong><\/td>\n<td>150 mm x 10 mm<\/td>\n<\/tr>\n<tr>\n<td><strong>Testere di\u015f say\u0131s\u0131<\/strong><\/td>\n<td>24 Pieces<\/td>\n<\/tr>\n<tr>\n<td><strong>Kesme derinli\u011fi, 90\u00b0 de<\/strong><\/td>\n<td>48 mm<\/td>\n<\/tr>\n<tr>\n<td><strong>Kesme derinli\u011fi, 45\u00b0 de<\/strong><\/td>\n<td>32 mm<\/td>\n<\/tr>\n<\/tbody>\n<\/table>\n","protected":false},"excerpt":{"rendered":"<p>\u00dcr\u00fcn a\u00e7\u0131klamas\u0131 Einhell TE-CS 18 Li &#8211; Solo Ak\u00fcl\u00fc Daire Testere hafif ve rahat\u00e7a elde tutulabilir yap\u0131s\u0131 ile birlikte \u00e7al\u0131\u015fmas\u0131 kolay olup ev ve bah\u00e7e i\u015fleriniz i\u00e7in kullan\u0131\u015fl\u0131 ve ideal bir \u00fcr\u00fcnd\u00fcr. Kesme derinli\u011fi ve e\u011fim a\u00e7\u0131s\u0131n\u0131 aletsiz ve h\u0131zl\u0131ca ayarlayabilirsiniz. Mil kilidi ile kolay b\u0131\u00e7ak de\u011fi\u015ftirme \u00f6zelli\u011fi bulunur. Y\u00fcksek kaliteli parlak LED \u0131\u015f\u0131\u011f\u0131 ve toz toplama adapt\u00f6r\u00fc \u00e7al\u0131\u015fma s\u0131ras\u0131nda [&hellip;]<\/p>\n","protected":false},"featured_media":9288,"comment_status":"open","ping_status":"closed","template":"","meta":[],"product_brand":[],"product_cat":[15,52,66],"product_tag":[],"class_list":{"0":"post-9285","1":"product","2":"type-product","3":"status-publish","4":"has-post-thumbnail","6":"product_cat-genel","7":"product_cat-akulu-aletler","8":"product_cat-testereler","10":"first","11":"instock","12":"shipping-taxable","13":"product-type-simple"},"_links":{"self":[{"href":"http:\/\/basakcilastik.com.tr\/index.php?rest_route=\/wp\/v2\/product\/9285","targetHints":{"allow":["GET"]}}],"collection":[{"href":"http:\/\/basakcilastik.com.tr\/index.php?rest_route=\/wp\/v2\/product"}],"about":[{"href":"http:\/\/basakcilastik.com.tr\/index.php?rest_route=\/wp\/v2\/types\/product"}],"replies":[{"embeddable":true,"href":"http:\/\/basakcilastik.com.tr\/index.php?rest_route=%2Fwp%2Fv2%2Fcomments&post=9285"}],"wp:featuredmedia":[{"embeddable":true,"href":"http:\/\/basakcilastik.com.tr\/index.php?rest_route=\/wp\/v2\/media\/9288"}],"wp:attachment":[{"href":"http:\/\/basakcilastik.com.tr\/index.php?rest_route=%2Fwp%2Fv2%2Fmedia&parent=9285"}],"wp:term":[{"taxonomy":"product_brand","embeddable":true,"href":"http:\/\/basakcilastik.com.tr\/index.php?rest_route=%2Fwp%2Fv2%2Fproduct_brand&post=9285"},{"taxonomy":"product_cat","embeddable":true,"href":"http:\/\/basakcilastik.com.tr\/index.php?rest_route=%2Fwp%2Fv2%2Fproduct_cat&post=9285"},{"taxonomy":"product_tag","embeddable":true,"href":"http:\/\/basakcilastik.com.tr\/index.php?rest_route=%2Fwp%2Fv2%2Fproduct_tag&post=9285"}],"curies":[{"name":"wp","href":"https:\/\/api.w.org\/{rel}","templated":true}]}}