{"id":9265,"date":"2020-07-16T22:31:11","date_gmt":"2020-07-16T22:31:11","guid":{"rendered":"https:\/\/basakcilastik.com.tr\/?post_type=product&#038;p=9265"},"modified":"2020-07-16T22:31:11","modified_gmt":"2020-07-16T22:31:11","slug":"einhell-th-ha-20001-sicak-hava-tabancasi","status":"publish","type":"product","link":"http:\/\/basakcilastik.com.tr\/?product=einhell-th-ha-20001-sicak-hava-tabancasi","title":{"rendered":"Einhell TH-HA 20001 S\u0131cak Hava Tabancas\u0131"},"content":{"rendered":"<p><strong>\u00dcr\u00fcn a\u00e7\u0131klamas\u0131<\/strong><\/p>\n<p>Einhell TH-HA 2000\/1 S\u0131cak Hava Tabancas\u0131 eski vernik ve boyalar\u0131 s\u00f6kme, lehimleme, plastik borular\u0131 takma ve \u00e7ok daha fazlas\u0131n\u0131 yapmak i\u00e7in kullan\u0131c\u0131lar\u0131na iyi hizmet veren g\u00fc\u00e7l\u00fc bir \u00fcr\u00fcnd\u00fcr. S\u0131cakl\u0131\u011f\u0131 ve hava h\u0131z\u0131n\u0131 belirli gereksinimlere g\u00f6re ayarlamak i\u00e7in iki g\u00fc\u00e7 ayar\u0131 vard\u0131r. Belirli bir g\u00f6reve optimum \u015fekilde ayarlanmas\u0131 i\u00e7in d\u00f6rt adet nozul bulunmaktad\u0131r. Ayr\u0131ca y\u00fczeyden cila ve boya kal\u0131nt\u0131lar\u0131n\u0131n \u00e7\u0131kar\u0131lmas\u0131 i\u00e7in bir boya kaz\u0131y\u0131c\u0131 da bulunmaktad\u0131r. Yerle\u015fik a\u015f\u0131r\u0131 \u0131s\u0131nma korumas\u0131 ve kararl\u0131 taban, maksimum g\u00fcvenli\u011fi sa\u011flar ve s\u0131cak hava tabancas\u0131n\u0131 sabit uygulamalar i\u00e7in uygun hale getirir. S\u0131cak hava tabancas\u0131 g\u00fcvenli tutmak i\u00e7in pratik ta\u015f\u0131ma ve saklama kutusuna h\u0131zl\u0131 bir \u015fekilde yerle\u015ftirilebilir.<\/p>\n<p><strong>\u00d6zellikler<\/strong><\/p>\n<p>S\u0131cak Hava Tabancas\u0131 TH-HA 2000\/1 i\u00e7in detaylar, \u015fekiller ve bilgiler: burada ayr\u0131nt\u0131l\u0131 teknik veriler ve bu Einhell \u00fcr\u00fcn\u00fcn\u00fcn boyutlar\u0131, a\u011f\u0131rl\u0131\u011f\u0131 ve ambalaj\u0131 hakk\u0131nda \u00f6zel bilgiler bulacaks\u0131n\u0131z.<\/p>\n<table>\n<tbody>\n<tr>\n<td colspan=\"2\"><strong>Teknik \u00d6zellikler<\/strong><\/td>\n<\/tr>\n<tr>\n<td><strong>Giri\u015f voltaj\u0131<\/strong><\/td>\n<td>230\/240 V | 50 Hz<\/td>\n<\/tr>\n<tr>\n<td><strong>G\u00fc\u00e7<\/strong><\/td>\n<td>2000 W<\/td>\n<\/tr>\n<tr>\n<td><strong>S\u0131cakl\u0131k (1. kademe)<\/strong><\/td>\n<td>350 \u00b0C<\/td>\n<\/tr>\n<tr>\n<td><strong>S\u0131cakl\u0131k (2. kademe)<\/strong><\/td>\n<td>550 \u00b0C<\/td>\n<\/tr>\n<tr>\n<td><strong>Ayar 1&#8217;de hava ak\u0131\u015f oran\u0131<\/strong><\/td>\n<td>300 L\/min<\/td>\n<\/tr>\n<tr>\n<td><strong>Ayar 2&#8217;de hava ak\u0131\u015f oran\u0131<\/strong><\/td>\n<td>500 L\/min<\/td>\n<\/tr>\n<\/tbody>\n<\/table>\n","protected":false},"excerpt":{"rendered":"<p>\u00dcr\u00fcn a\u00e7\u0131klamas\u0131 Einhell TH-HA 2000\/1 S\u0131cak Hava Tabancas\u0131 eski vernik ve boyalar\u0131 s\u00f6kme, lehimleme, plastik borular\u0131 takma ve \u00e7ok daha fazlas\u0131n\u0131 yapmak i\u00e7in kullan\u0131c\u0131lar\u0131na iyi hizmet veren g\u00fc\u00e7l\u00fc bir \u00fcr\u00fcnd\u00fcr. S\u0131cakl\u0131\u011f\u0131 ve hava h\u0131z\u0131n\u0131 belirli gereksinimlere g\u00f6re ayarlamak i\u00e7in iki g\u00fc\u00e7 ayar\u0131 vard\u0131r. Belirli bir g\u00f6reve optimum \u015fekilde ayarlanmas\u0131 i\u00e7in d\u00f6rt adet nozul bulunmaktad\u0131r. Ayr\u0131ca y\u00fczeyden cila ve boya kal\u0131nt\u0131lar\u0131n\u0131n [&hellip;]<\/p>\n","protected":false},"featured_media":9268,"comment_status":"open","ping_status":"closed","template":"","meta":[],"product_brand":[],"product_cat":[15,52,65],"product_tag":[],"class_list":{"0":"post-9265","1":"product","2":"type-product","3":"status-publish","4":"has-post-thumbnail","6":"product_cat-genel","7":"product_cat-akulu-aletler","8":"product_cat-sarjli-aletler","10":"first","11":"instock","12":"shipping-taxable","13":"product-type-simple"},"_links":{"self":[{"href":"http:\/\/basakcilastik.com.tr\/index.php?rest_route=\/wp\/v2\/product\/9265","targetHints":{"allow":["GET"]}}],"collection":[{"href":"http:\/\/basakcilastik.com.tr\/index.php?rest_route=\/wp\/v2\/product"}],"about":[{"href":"http:\/\/basakcilastik.com.tr\/index.php?rest_route=\/wp\/v2\/types\/product"}],"replies":[{"embeddable":true,"href":"http:\/\/basakcilastik.com.tr\/index.php?rest_route=%2Fwp%2Fv2%2Fcomments&post=9265"}],"wp:featuredmedia":[{"embeddable":true,"href":"http:\/\/basakcilastik.com.tr\/index.php?rest_route=\/wp\/v2\/media\/9268"}],"wp:attachment":[{"href":"http:\/\/basakcilastik.com.tr\/index.php?rest_route=%2Fwp%2Fv2%2Fmedia&parent=9265"}],"wp:term":[{"taxonomy":"product_brand","embeddable":true,"href":"http:\/\/basakcilastik.com.tr\/index.php?rest_route=%2Fwp%2Fv2%2Fproduct_brand&post=9265"},{"taxonomy":"product_cat","embeddable":true,"href":"http:\/\/basakcilastik.com.tr\/index.php?rest_route=%2Fwp%2Fv2%2Fproduct_cat&post=9265"},{"taxonomy":"product_tag","embeddable":true,"href":"http:\/\/basakcilastik.com.tr\/index.php?rest_route=%2Fwp%2Fv2%2Fproduct_tag&post=9265"}],"curies":[{"name":"wp","href":"https:\/\/api.w.org\/{rel}","templated":true}]}}