{"id":9262,"date":"2020-07-16T22:29:46","date_gmt":"2020-07-16T22:29:46","guid":{"rendered":"https:\/\/basakcilastik.com.tr\/?post_type=product&#038;p=9262"},"modified":"2020-07-16T22:29:46","modified_gmt":"2020-07-16T22:29:46","slug":"einhell-te-tk-18-li-seti-cd-ag-makine-seti","status":"publish","type":"product","link":"http:\/\/basakcilastik.com.tr\/?product=einhell-te-tk-18-li-seti-cd-ag-makine-seti","title":{"rendered":"Einhell TE-TK 18 Li Seti (CD + AG) Makine Seti"},"content":{"rendered":"<p><strong>\u00dcr\u00fcn a\u00e7\u0131klamas\u0131<\/strong><\/p>\n<p>Einhell TE-TK 18 Li Seti (CD + AG), Power X-Change ailesinin iki denenmi\u015f ve test edilmi\u015f \u00fcyesinden olu\u015fan bir settir: G\u00fc\u00e7l\u00fc TE-CD 18\/2 Li ak\u00fcl\u00fc vidalama ve TE-AG 18 \/ 115 Li ak\u00fcl\u00fc ta\u015flama. Avantaj a\u00e7\u0131kt\u0131r: Uygunsuz kablolar ve k\u0131s\u0131tl\u0131 hareket \u00f6zg\u00fcrl\u00fc\u011f\u00fc nedeniyle istenmeyen dikkat da\u011f\u0131t\u0131c\u0131 unsurlar, yeni, g\u00fc\u00e7l\u00fc ve uzun \u00f6m\u00fcrl\u00fc Einhell ak\u00fcl\u00fc cihazlarla ge\u00e7mi\u015fte kald\u0131. Y\u00fcksek performansl\u0131 lityum iyon h\u00fccrelerine sahip ak\u00fcler, Power X-Change ailesinin t\u00fcm \u00fcyeleriyle kullan\u0131labilir. Sette ayr\u0131ca bir adet 1,5 Ah ve bir adet 3,0 Ah ak\u00fc, ayr\u0131ca 30 dakikal\u0131k y\u00fcksek h\u0131zl\u0131 \u015farj cihaz\u0131 da bulunmaktad\u0131r. G\u00fc\u00e7l\u00fc motoru ve 2 vitesli metal di\u015flisi olan TE-CD 18\/2 Li ak\u00fcl\u00fc vidalama, kullan\u0131\u015fl\u0131 \u00e7ok y\u00f6nl\u00fc bir ara\u00e7t\u0131r. H\u0131zl\u0131 Durdurma i\u015flevi ile vidan\u0131n vidaland\u0131\u011f\u0131 veya \u00e7\u0131kt\u0131\u011f\u0131 anda durur ve kullan\u0131c\u0131n\u0131n bir sonraki vidaya do\u011frudan ge\u00e7mesini sa\u011flar. Tork ayar\u0131 hassas \u00e7al\u0131\u015fma sa\u011flar ve vidalar\u0131n a\u015f\u0131r\u0131 s\u0131k\u0131lmas\u0131n\u0131 \u00f6nler. Tek kovanl\u0131 h\u0131zl\u0131 de\u011fi\u015ftirilebilir matkap mandreni, tek elle rahat\u00e7a a\u00e7\u0131l\u0131p kapat\u0131labilir. TE-AG 18\/115 Li ak\u00fcl\u00fc ta\u015flama makinesi, s\u0131n\u0131f\u0131n\u0131n en hafif ak\u00fcl\u00fc ta\u015flama makinesidir. Yumu\u015fak ba\u015flama (softstart), bu \u201ct\u00fcy sikletinin\u201d sorunsuz bir \u015fekilde i\u015fleme ba\u015flamas\u0131n\u0131 ve yeniden ba\u015flatma korumas\u0131n\u0131n kullan\u0131m\u0131n\u0131 daha g\u00fcvenli hale getirmesi sa\u011flamaktad\u0131r. Avu\u00e7 ta\u015flaman\u0131n de\u011fi\u015ftirilmi\u015f hava \u0131zgaralar\u0131, daha iyi so\u011futma ve sonu\u00e7 olarak daha uzun servis \u00f6mr\u00fc sa\u011flar. Disk koruyucusu, her yeni duruma an\u0131nda ayarlama i\u00e7in h\u0131zl\u0131 ayarlama \u00f6zelli\u011fine sahiptir.<\/p>\n<p><strong>\u00d6zellikler<\/strong><\/p>\n<p>Makine Seti TE-TK 18 Li Kit (CD+AG) i\u00e7in detaylar, \u015fekiller ve bilgiler: burada ayr\u0131nt\u0131l\u0131 teknik veriler ve bu Einhell \u00fcr\u00fcn\u00fcn\u00fcn boyutlar\u0131, a\u011f\u0131rl\u0131\u011f\u0131 ve ambalaj\u0131 hakk\u0131nda \u00f6zel bilgiler bulacaks\u0131n\u0131z.<\/p>\n<table>\n<tbody>\n<tr>\n<td colspan=\"2\"><strong>Lojistik verisi<\/strong><\/td>\n<\/tr>\n<tr>\n<td><strong>Uzunluk<\/strong><\/td>\n<td>315 mm<\/td>\n<\/tr>\n<tr>\n<td><strong>Geni\u015flik<\/strong><\/td>\n<td>235 mm<\/td>\n<\/tr>\n<tr>\n<td><strong>Y\u00fckseklik<\/strong><\/td>\n<td>220 mm<\/td>\n<\/tr>\n<tr>\n<td><strong>Tek \u00fcr\u00fcn paketinin br\u00fct a\u011f\u0131rl\u0131\u011f\u0131 (kg)<\/strong><\/td>\n<td>5.78 kg<\/td>\n<\/tr>\n<tr>\n<td><strong>\u00dcr\u00fcn a\u011f\u0131rl\u0131\u011f\u0131<\/strong><\/td>\n<td>3.3 kg<\/td>\n<\/tr>\n<\/tbody>\n<\/table>\n","protected":false},"excerpt":{"rendered":"<p>\u00dcr\u00fcn a\u00e7\u0131klamas\u0131 Einhell TE-TK 18 Li Seti (CD + AG), Power X-Change ailesinin iki denenmi\u015f ve test edilmi\u015f \u00fcyesinden olu\u015fan bir settir: G\u00fc\u00e7l\u00fc TE-CD 18\/2 Li ak\u00fcl\u00fc vidalama ve TE-AG 18 \/ 115 Li ak\u00fcl\u00fc ta\u015flama. Avantaj a\u00e7\u0131kt\u0131r: Uygunsuz kablolar ve k\u0131s\u0131tl\u0131 hareket \u00f6zg\u00fcrl\u00fc\u011f\u00fc nedeniyle istenmeyen dikkat da\u011f\u0131t\u0131c\u0131 unsurlar, yeni, g\u00fc\u00e7l\u00fc ve uzun \u00f6m\u00fcrl\u00fc Einhell ak\u00fcl\u00fc cihazlarla ge\u00e7mi\u015fte kald\u0131. Y\u00fcksek [&hellip;]<\/p>\n","protected":false},"featured_media":9263,"comment_status":"open","ping_status":"closed","template":"","meta":[],"product_brand":[],"product_cat":[15,52,65],"product_tag":[],"class_list":{"0":"post-9262","1":"product","2":"type-product","3":"status-publish","4":"has-post-thumbnail","6":"product_cat-genel","7":"product_cat-akulu-aletler","8":"product_cat-sarjli-aletler","10":"first","11":"instock","12":"shipping-taxable","13":"product-type-simple"},"_links":{"self":[{"href":"http:\/\/basakcilastik.com.tr\/index.php?rest_route=\/wp\/v2\/product\/9262","targetHints":{"allow":["GET"]}}],"collection":[{"href":"http:\/\/basakcilastik.com.tr\/index.php?rest_route=\/wp\/v2\/product"}],"about":[{"href":"http:\/\/basakcilastik.com.tr\/index.php?rest_route=\/wp\/v2\/types\/product"}],"replies":[{"embeddable":true,"href":"http:\/\/basakcilastik.com.tr\/index.php?rest_route=%2Fwp%2Fv2%2Fcomments&post=9262"}],"wp:featuredmedia":[{"embeddable":true,"href":"http:\/\/basakcilastik.com.tr\/index.php?rest_route=\/wp\/v2\/media\/9263"}],"wp:attachment":[{"href":"http:\/\/basakcilastik.com.tr\/index.php?rest_route=%2Fwp%2Fv2%2Fmedia&parent=9262"}],"wp:term":[{"taxonomy":"product_brand","embeddable":true,"href":"http:\/\/basakcilastik.com.tr\/index.php?rest_route=%2Fwp%2Fv2%2Fproduct_brand&post=9262"},{"taxonomy":"product_cat","embeddable":true,"href":"http:\/\/basakcilastik.com.tr\/index.php?rest_route=%2Fwp%2Fv2%2Fproduct_cat&post=9262"},{"taxonomy":"product_tag","embeddable":true,"href":"http:\/\/basakcilastik.com.tr\/index.php?rest_route=%2Fwp%2Fv2%2Fproduct_tag&post=9262"}],"curies":[{"name":"wp","href":"https:\/\/api.w.org\/{rel}","templated":true}]}}