{"id":9258,"date":"2020-07-16T22:28:47","date_gmt":"2020-07-16T22:28:47","guid":{"rendered":"https:\/\/basakcilastik.com.tr\/?post_type=product&#038;p=9258"},"modified":"2020-07-16T22:28:47","modified_gmt":"2020-07-16T22:28:47","slug":"einhell-tc-js-601-dekupaj","status":"publish","type":"product","link":"http:\/\/basakcilastik.com.tr\/?product=einhell-tc-js-601-dekupaj","title":{"rendered":"Einhell TC-JS 601 Dekupaj"},"content":{"rendered":"<p><strong>\u00dcr\u00fcn a\u00e7\u0131klamas\u0131<\/strong><\/p>\n<p>Einhell TC-JS 60\/1 Dekupaj Testere temiz, h\u0131zl\u0131 ve profesyonel bir \u015fekilde kesme i\u015flerinizi yapar. Ah\u015fap, plastik ve metal gibi \u00e7e\u015fitli malzemelerde \u00e7al\u0131\u015fman\u0131z\u0131 sa\u011flar. 400 W g\u00fcc\u00fcnde motoru ev, garaj ve at\u00f6lyelerdeki i\u015fler i\u00e7in g\u00fc\u00e7l\u00fc bir \u015fekilde donat\u0131lm\u0131\u015ft\u0131r. Ah\u015fap i\u00e7in 60 mm, plastik i\u00e7in 10 mm ve metal i\u00e7in 6 mm&#8217;ye kadar kesme derinli\u011fi sunar. Strok y\u00fcksekli\u011fi 18 mm&#8217;dir. K\u00fc\u00e7\u00fck ve hafif yap\u0131s\u0131 ile az titre\u015fim \u00f6zelli\u011fine ek olarak yumu\u015fak kaplamalar\u0131 olduk\u00e7e konforlu bir kullan\u0131m sunar. Elektronik h\u0131z kontrol\u00fc ile malzeme t\u00fcr\u00fcne g\u00f6re h\u0131z\u0131 ayarlayabilirsiniz. 45\u00b0 kadar yat\u0131r\u0131larak g\u00f6nye kesimlerinizi yapabilirsiniz. Temiz bir \u00e7al\u0131\u015fma alan\u0131 i\u00e7in toz emme adapt\u00f6r\u00fc bulunur.<\/p>\n<p>&nbsp;<\/p>\n<p><strong>\u00d6zellikler<\/strong><\/p>\n<p>Dekupaj Testere TC-JS 60\/1 i\u00e7in detaylar, \u015fekiller ve bilgiler: burada ayr\u0131nt\u0131l\u0131 teknik veriler ve bu Einhell \u00fcr\u00fcn\u00fcn\u00fcn boyutlar\u0131, a\u011f\u0131rl\u0131\u011f\u0131 ve ambalaj\u0131 hakk\u0131nda \u00f6zel bilgiler bulacaks\u0131n\u0131z.<\/p>\n<table>\n<tbody>\n<tr>\n<td colspan=\"2\"><strong>Teknik \u00d6zellikler<\/strong><\/td>\n<\/tr>\n<tr>\n<td><strong>Giri\u015f voltaj\u0131<\/strong><\/td>\n<td>220-240 V | 50\/60 Hz<\/td>\n<\/tr>\n<tr>\n<td><strong>G\u00fc\u00e7<\/strong><\/td>\n<td>400 W<\/td>\n<\/tr>\n<tr>\n<td><strong>Maks. G\u00f6nye kesme<\/strong><\/td>\n<td>45 \u00b0<\/td>\n<\/tr>\n<\/tbody>\n<\/table>\n","protected":false},"excerpt":{"rendered":"<p>\u00dcr\u00fcn a\u00e7\u0131klamas\u0131 Einhell TC-JS 60\/1 Dekupaj Testere temiz, h\u0131zl\u0131 ve profesyonel bir \u015fekilde kesme i\u015flerinizi yapar. Ah\u015fap, plastik ve metal gibi \u00e7e\u015fitli malzemelerde \u00e7al\u0131\u015fman\u0131z\u0131 sa\u011flar. 400 W g\u00fcc\u00fcnde motoru ev, garaj ve at\u00f6lyelerdeki i\u015fler i\u00e7in g\u00fc\u00e7l\u00fc bir \u015fekilde donat\u0131lm\u0131\u015ft\u0131r. Ah\u015fap i\u00e7in 60 mm, plastik i\u00e7in 10 mm ve metal i\u00e7in 6 mm&#8217;ye kadar kesme derinli\u011fi sunar. Strok y\u00fcksekli\u011fi 18 mm&#8217;dir. [&hellip;]<\/p>\n","protected":false},"featured_media":9260,"comment_status":"open","ping_status":"closed","template":"","meta":[],"product_brand":[],"product_cat":[15,52,66],"product_tag":[],"class_list":{"0":"post-9258","1":"product","2":"type-product","3":"status-publish","4":"has-post-thumbnail","6":"product_cat-genel","7":"product_cat-akulu-aletler","8":"product_cat-testereler","10":"first","11":"instock","12":"shipping-taxable","13":"product-type-simple"},"_links":{"self":[{"href":"http:\/\/basakcilastik.com.tr\/index.php?rest_route=\/wp\/v2\/product\/9258","targetHints":{"allow":["GET"]}}],"collection":[{"href":"http:\/\/basakcilastik.com.tr\/index.php?rest_route=\/wp\/v2\/product"}],"about":[{"href":"http:\/\/basakcilastik.com.tr\/index.php?rest_route=\/wp\/v2\/types\/product"}],"replies":[{"embeddable":true,"href":"http:\/\/basakcilastik.com.tr\/index.php?rest_route=%2Fwp%2Fv2%2Fcomments&post=9258"}],"wp:featuredmedia":[{"embeddable":true,"href":"http:\/\/basakcilastik.com.tr\/index.php?rest_route=\/wp\/v2\/media\/9260"}],"wp:attachment":[{"href":"http:\/\/basakcilastik.com.tr\/index.php?rest_route=%2Fwp%2Fv2%2Fmedia&parent=9258"}],"wp:term":[{"taxonomy":"product_brand","embeddable":true,"href":"http:\/\/basakcilastik.com.tr\/index.php?rest_route=%2Fwp%2Fv2%2Fproduct_brand&post=9258"},{"taxonomy":"product_cat","embeddable":true,"href":"http:\/\/basakcilastik.com.tr\/index.php?rest_route=%2Fwp%2Fv2%2Fproduct_cat&post=9258"},{"taxonomy":"product_tag","embeddable":true,"href":"http:\/\/basakcilastik.com.tr\/index.php?rest_route=%2Fwp%2Fv2%2Fproduct_tag&post=9258"}],"curies":[{"name":"wp","href":"https:\/\/api.w.org\/{rel}","templated":true}]}}