{"id":9236,"date":"2020-07-16T22:21:25","date_gmt":"2020-07-16T22:21:25","guid":{"rendered":"https:\/\/basakcilastik.com.tr\/?post_type=product&#038;p=9236"},"modified":"2020-07-16T22:21:26","modified_gmt":"2020-07-16T22:21:26","slug":"einhell-tc-cs-8601-kit-mini-daire-testere","status":"publish","type":"product","link":"http:\/\/basakcilastik.com.tr\/?product=einhell-tc-cs-8601-kit-mini-daire-testere","title":{"rendered":"Einhell TC-CS 8601 Kit Mini Daire Testere"},"content":{"rendered":"<p><strong>\u00dcr\u00fcn a\u00e7\u0131klamas\u0131<\/strong><\/p>\n<p>Einhell TC-CS 860\/1 Kit Mini Daire Testere kullan\u0131c\u0131ya en iyi hizmeti sunan, tek bir pakette bulunan kapsaml\u0131 aksesuarlarla birlikte, ak\u0131ll\u0131 kompakt ve geni\u015f bir uygulama yelpazesine sahip mini bir daire testeresidir. Bu kullan\u0131\u015fl\u0131 testere, \u00e7e\u015fitli malzemelerde \u00e7ok y\u00fcksek hassasiyetle istenilen \u00f6l\u00e7\u00fclerde kesimler yapabilen, ah\u015fap, plastik veya fayans malzemelerde kolay kullan\u0131m\u0131 ve esnekli\u011fi ile \u00e7ok y\u00f6nl\u00fc bir \u00fcr\u00fcnd\u00fcr. Ayarlanabilir kesme derinli\u011fi ile y\u00fcksek kesinlikte dalma kesimleri yapmak m\u00fcmk\u00fcnd\u00fcr. Al\u00fcminyum taban\u0131 s\u00fcrekli kesme i\u00e7in m\u00fckemmel kayma \u00f6zellikleri sunar. A\u015f\u0131r\u0131 y\u00fckleme korumas\u0131 ile donat\u0131lm\u0131\u015ft\u0131r. Ergonomik tutama\u011f\u0131 rahat bir tutu\u015f sa\u011flar. Tala\u015f tahliye aparat\u0131 az toz ile \u00e7al\u0131\u015fma imkan\u0131 sunar. Hassas kesimler i\u00e7in paralellik mesnedi, fayans i\u00e7in elmas kesme diski, 20 di\u015fli ah\u015fap ve plastik i\u00e7in TCT b\u0131\u00e7a\u011f\u0131 ve 80 di\u015fli sert ah\u015fap i\u00e7in HSS b\u0131\u00e7a\u011f\u0131 ve bir de\u011fi\u015ftirme anahtar\u0131, pratik ta\u015f\u0131ma ve saklama \u00e7antas\u0131 ile birlikte gelir.<\/p>\n<p>&nbsp;<\/p>\n<p><strong>\u00d6zellikler<\/strong><\/p>\n<p>Mini Daire Testere TC-CS 860\/1 Kit i\u00e7in detaylar, \u015fekiller ve bilgiler: burada ayr\u0131nt\u0131l\u0131 teknik veriler ve bu Einhell \u00fcr\u00fcn\u00fcn\u00fcn boyutlar\u0131, a\u011f\u0131rl\u0131\u011f\u0131 ve ambalaj\u0131 hakk\u0131nda \u00f6zel bilgiler bulacaks\u0131n\u0131z.<\/p>\n<table>\n<tbody>\n<tr>\n<td colspan=\"2\"><strong>Teknik \u00d6zellikler<\/strong><\/td>\n<\/tr>\n<tr>\n<td><strong>Giri\u015f voltaj\u0131<\/strong><\/td>\n<td>230-240 V | 50 Hz<\/td>\n<\/tr>\n<tr>\n<td><strong>G\u00fc\u00e7<\/strong><\/td>\n<td>450 W<\/td>\n<\/tr>\n<tr>\n<td><strong>Bo\u015fta \u00e7al\u0131\u015fma h\u0131z\u0131<\/strong><\/td>\n<td>6000 min^-1<\/td>\n<\/tr>\n<tr>\n<td><strong>Testere b\u0131\u00e7a\u011f\u0131 i\u00e7 delik \u00e7ap\u0131<\/strong><\/td>\n<td>10 mm<\/td>\n<\/tr>\n<tr>\n<td><strong>Kesme derinli\u011fi<\/strong><\/td>\n<td>23 mm<\/td>\n<\/tr>\n<\/tbody>\n<\/table>\n","protected":false},"excerpt":{"rendered":"<p>\u00dcr\u00fcn a\u00e7\u0131klamas\u0131 Einhell TC-CS 860\/1 Kit Mini Daire Testere kullan\u0131c\u0131ya en iyi hizmeti sunan, tek bir pakette bulunan kapsaml\u0131 aksesuarlarla birlikte, ak\u0131ll\u0131 kompakt ve geni\u015f bir uygulama yelpazesine sahip mini bir daire testeresidir. Bu kullan\u0131\u015fl\u0131 testere, \u00e7e\u015fitli malzemelerde \u00e7ok y\u00fcksek hassasiyetle istenilen \u00f6l\u00e7\u00fclerde kesimler yapabilen, ah\u015fap, plastik veya fayans malzemelerde kolay kullan\u0131m\u0131 ve esnekli\u011fi ile \u00e7ok y\u00f6nl\u00fc bir \u00fcr\u00fcnd\u00fcr. Ayarlanabilir [&hellip;]<\/p>\n","protected":false},"featured_media":9239,"comment_status":"open","ping_status":"closed","template":"","meta":[],"product_brand":[],"product_cat":[15,52,66],"product_tag":[],"class_list":{"0":"post-9236","1":"product","2":"type-product","3":"status-publish","4":"has-post-thumbnail","6":"product_cat-genel","7":"product_cat-akulu-aletler","8":"product_cat-testereler","10":"first","11":"instock","12":"shipping-taxable","13":"product-type-simple"},"_links":{"self":[{"href":"http:\/\/basakcilastik.com.tr\/index.php?rest_route=\/wp\/v2\/product\/9236","targetHints":{"allow":["GET"]}}],"collection":[{"href":"http:\/\/basakcilastik.com.tr\/index.php?rest_route=\/wp\/v2\/product"}],"about":[{"href":"http:\/\/basakcilastik.com.tr\/index.php?rest_route=\/wp\/v2\/types\/product"}],"replies":[{"embeddable":true,"href":"http:\/\/basakcilastik.com.tr\/index.php?rest_route=%2Fwp%2Fv2%2Fcomments&post=9236"}],"wp:featuredmedia":[{"embeddable":true,"href":"http:\/\/basakcilastik.com.tr\/index.php?rest_route=\/wp\/v2\/media\/9239"}],"wp:attachment":[{"href":"http:\/\/basakcilastik.com.tr\/index.php?rest_route=%2Fwp%2Fv2%2Fmedia&parent=9236"}],"wp:term":[{"taxonomy":"product_brand","embeddable":true,"href":"http:\/\/basakcilastik.com.tr\/index.php?rest_route=%2Fwp%2Fv2%2Fproduct_brand&post=9236"},{"taxonomy":"product_cat","embeddable":true,"href":"http:\/\/basakcilastik.com.tr\/index.php?rest_route=%2Fwp%2Fv2%2Fproduct_cat&post=9236"},{"taxonomy":"product_tag","embeddable":true,"href":"http:\/\/basakcilastik.com.tr\/index.php?rest_route=%2Fwp%2Fv2%2Fproduct_tag&post=9236"}],"curies":[{"name":"wp","href":"https:\/\/api.w.org\/{rel}","templated":true}]}}