{"id":9208,"date":"2020-07-16T22:07:58","date_gmt":"2020-07-16T22:07:58","guid":{"rendered":"https:\/\/basakcilastik.com.tr\/?post_type=product&#038;p=9208"},"modified":"2020-07-16T22:07:58","modified_gmt":"2020-07-16T22:07:58","slug":"einhell-tc-ct-36-li-sarjli-zimba","status":"publish","type":"product","link":"http:\/\/basakcilastik.com.tr\/?product=einhell-tc-ct-36-li-sarjli-zimba","title":{"rendered":"Einhell TC-CT 3,6 Li \u015earjl\u0131 Z\u0131mba"},"content":{"rendered":"<p><strong>\u00dcr\u00fcn a\u00e7\u0131klamas\u0131<\/strong><\/p>\n<p>Einhell TC-CT 3,6 Li \u015earjl\u0131 Z\u0131mba elinize rahat\u00e7a oturan kompakt bir \u00fcr\u00fcnd\u00fcr. Y\u00fcksek g\u00fc\u00e7te 3,6 V Li-ion \u015farj edilebilir batarya ve yumu\u015fak kavrama kaplamalar\u0131 ile ergonomik sapa sahip bu \u00fcr\u00fcn, yak\u0131nlarda prize ihtiya\u00e7 duymadan ve yorulmadan z\u0131mba i\u015fleriniz i\u00e7in tercih edece\u011finiz bir cihazd\u0131r. Dakikada 30 at\u0131\u015f h\u0131z\u0131 ile i\u015finize pratiklik katar. Bir emniyet mandal\u0131 kaza ile tetiklenmeyi \u00f6nleyererek kullan\u0131c\u0131y\u0131 ve malzemeyi korur. Z\u0131mban\u0131n arka y\u00fckleme sistemi, kolayca y\u00fcklemeyi sa\u011flar ve sarj\u00f6r seviye g\u00f6stergesi ne kadar z\u0131mba kald\u0131\u011f\u0131n\u0131 g\u00f6sterir. 1000 z\u0131mba, \u015farj aleti ve sa\u011flam metal kutusu ile gelir.<\/p>\n<p><strong>\u00d6zellikler<\/strong><\/p>\n<p>Ak\u00fcl\u00fc Z\u0131mbalama TC-CT 3,6 Li i\u00e7in detaylar, \u015fekiller ve bilgiler: burada ayr\u0131nt\u0131l\u0131 teknik veriler ve bu Einhell \u00fcr\u00fcn\u00fcn\u00fcn boyutlar\u0131, a\u011f\u0131rl\u0131\u011f\u0131 ve ambalaj\u0131 hakk\u0131nda \u00f6zel bilgiler bulacaks\u0131n\u0131z.<\/p>\n<table>\n<tbody>\n<tr>\n<td colspan=\"2\"><strong>Teknik \u00d6zellikler<\/strong><\/td>\n<\/tr>\n<tr>\n<td><strong>Ak\u00fc<\/strong><\/td>\n<td>3.6 V | 1300 mAh | Li-Ion<\/td>\n<\/tr>\n<tr>\n<td><strong>\u015earj s\u00fcresi<\/strong><\/td>\n<td>3-5h<\/td>\n<\/tr>\n<tr>\n<td><strong>Dakikadaki at\u0131\u015f say\u0131s\u0131<\/strong><\/td>\n<td>30<\/td>\n<\/tr>\n<tr>\n<td><strong>Z\u0131mba tipi<\/strong><\/td>\n<td>53<\/td>\n<\/tr>\n<tr>\n<td><strong>Z\u0131mba uzunlu\u011fu<\/strong><\/td>\n<td>6 mm &#8211; 14 mm<\/td>\n<\/tr>\n<tr>\n<td><strong>Z\u0131mba geni\u015fli\u011fi<\/strong><\/td>\n<td>11.4 mm<\/td>\n<\/tr>\n<tr>\n<td><strong>Z\u0131mba kal\u0131nl\u0131\u011f\u0131<\/strong><\/td>\n<td>0.75 mm<\/td>\n<\/tr>\n<tr>\n<td><strong>Teslimata dahil ak\u00fc say\u0131s\u0131<\/strong><\/td>\n<td>1 Pieces<\/td>\n<\/tr>\n<\/tbody>\n<\/table>\n","protected":false},"excerpt":{"rendered":"<p>\u00dcr\u00fcn a\u00e7\u0131klamas\u0131 Einhell TC-CT 3,6 Li \u015earjl\u0131 Z\u0131mba elinize rahat\u00e7a oturan kompakt bir \u00fcr\u00fcnd\u00fcr. Y\u00fcksek g\u00fc\u00e7te 3,6 V Li-ion \u015farj edilebilir batarya ve yumu\u015fak kavrama kaplamalar\u0131 ile ergonomik sapa sahip bu \u00fcr\u00fcn, yak\u0131nlarda prize ihtiya\u00e7 duymadan ve yorulmadan z\u0131mba i\u015fleriniz i\u00e7in tercih edece\u011finiz bir cihazd\u0131r. Dakikada 30 at\u0131\u015f h\u0131z\u0131 ile i\u015finize pratiklik katar. Bir emniyet mandal\u0131 kaza ile tetiklenmeyi \u00f6nleyererek [&hellip;]<\/p>\n","protected":false},"featured_media":9209,"comment_status":"open","ping_status":"closed","template":"","meta":[],"product_brand":[],"product_cat":[15,52,65],"product_tag":[],"class_list":{"0":"post-9208","1":"product","2":"type-product","3":"status-publish","4":"has-post-thumbnail","6":"product_cat-genel","7":"product_cat-akulu-aletler","8":"product_cat-sarjli-aletler","10":"first","11":"instock","12":"shipping-taxable","13":"product-type-simple"},"_links":{"self":[{"href":"http:\/\/basakcilastik.com.tr\/index.php?rest_route=\/wp\/v2\/product\/9208","targetHints":{"allow":["GET"]}}],"collection":[{"href":"http:\/\/basakcilastik.com.tr\/index.php?rest_route=\/wp\/v2\/product"}],"about":[{"href":"http:\/\/basakcilastik.com.tr\/index.php?rest_route=\/wp\/v2\/types\/product"}],"replies":[{"embeddable":true,"href":"http:\/\/basakcilastik.com.tr\/index.php?rest_route=%2Fwp%2Fv2%2Fcomments&post=9208"}],"wp:featuredmedia":[{"embeddable":true,"href":"http:\/\/basakcilastik.com.tr\/index.php?rest_route=\/wp\/v2\/media\/9209"}],"wp:attachment":[{"href":"http:\/\/basakcilastik.com.tr\/index.php?rest_route=%2Fwp%2Fv2%2Fmedia&parent=9208"}],"wp:term":[{"taxonomy":"product_brand","embeddable":true,"href":"http:\/\/basakcilastik.com.tr\/index.php?rest_route=%2Fwp%2Fv2%2Fproduct_brand&post=9208"},{"taxonomy":"product_cat","embeddable":true,"href":"http:\/\/basakcilastik.com.tr\/index.php?rest_route=%2Fwp%2Fv2%2Fproduct_cat&post=9208"},{"taxonomy":"product_tag","embeddable":true,"href":"http:\/\/basakcilastik.com.tr\/index.php?rest_route=%2Fwp%2Fv2%2Fproduct_tag&post=9208"}],"curies":[{"name":"wp","href":"https:\/\/api.w.org\/{rel}","templated":true}]}}