{"id":9145,"date":"2020-07-16T19:29:25","date_gmt":"2020-07-16T19:29:25","guid":{"rendered":"https:\/\/basakcilastik.com.tr\/?post_type=product&#038;p=9145"},"modified":"2020-07-16T19:29:26","modified_gmt":"2020-07-16T19:29:26","slug":"12-havali-circirli-vidalama-makinesi-professional","status":"publish","type":"product","link":"http:\/\/basakcilastik.com.tr\/?product=12-havali-circirli-vidalama-makinesi-professional","title":{"rendered":"12 haval\u0131 c\u0131rc\u0131rl\u0131 vidalama makinesi Professional"},"content":{"rendered":"<p>Teknik veriler<\/p>\n<table width=\"750\">\n<thead>\n<tr>\n<td colspan=\"2\">Ek veriler<\/td>\n<\/tr>\n<\/thead>\n<tbody>\n<tr>\n<td><strong>Maks. s\u0131kma torku*<\/strong><\/td>\n<td><strong>60<\/strong>\u00a0<strong>Nm<\/strong><\/td>\n<\/tr>\n<tr>\n<td><strong>R\u00f6lanti devir say\u0131s\u0131*<\/strong><\/td>\n<td><strong>160<\/strong>\u00a0<strong>dev\/dak<\/strong><\/td>\n<\/tr>\n<tr>\n<td><strong>Vida \u00e7ap\u0131, maks.*<\/strong><\/td>\n<td><strong>M 10<\/strong>\u00a0<strong>mm<\/strong><\/td>\n<\/tr>\n<tr>\n<td>Tavsiye edilen s\u0131kma torku<\/td>\n<td>50\u00a0Nm<\/td>\n<\/tr>\n<tr>\n<td>D\u00f6nme y\u00f6n\u00fc<\/td>\n<td>R\/L<\/td>\n<\/tr>\n<tr>\n<td>Y\u00fck alt\u0131nda hava t\u00fcketimi<\/td>\n<td>8\u00a0lt\/sn<\/td>\n<\/tr>\n<tr>\n<td>EPTA uyar\u0131nca a\u011f\u0131rl\u0131k<\/td>\n<td>1,3\u00a0kg<\/td>\n<\/tr>\n<tr>\n<td>U\u00e7 giri\u015fi<\/td>\n<td>1\/2&#8243; d\u0131\u015f d\u00f6rtgen<\/td>\n<\/tr>\n<tr>\n<td>Ba\u011flant\u0131 di\u015fi<\/td>\n<td>1\/4&#8243;-NPT<\/td>\n<\/tr>\n<tr>\n<td>Hortum i\u00e7 \u00e7ap\u0131<\/td>\n<td>10\u00a0mm<\/td>\n<\/tr>\n<tr>\n<td>Tahrik tipi<\/td>\n<td>Bas\u0131n\u00e7l\u0131 hava<\/td>\n<\/tr>\n<tr>\n<td>Tasar\u0131m<\/td>\n<td>A\u00e7\u0131<\/td>\n<\/tr>\n<tr>\n<td>a\u00e7\u0131k ESV (Dar mekan vidalama u\u00e7lar\u0131)<\/td>\n<td>&#8211;<\/td>\n<\/tr>\n<tr>\n<td>Ayarlanabilir devir say\u0131s\u0131<\/td>\n<td>&#8211;<\/td>\n<\/tr>\n<tr>\n<td>S\u00fcre\u00e7 denetimi<\/td>\n<td>&#8211;<\/td>\n<\/tr>\n<tr>\n<td>F\u0131r\u00e7as\u0131z motor<\/td>\n<td>&#8211;<\/td>\n<\/tr>\n<tr>\n<td>ba\u015fka bir tork momenti aral\u0131\u011f\u0131 m\u00fcmk\u00fcn<\/td>\n<td>&#8211;<\/td>\n<\/tr>\n<tr>\n<td>D\u00f6nme y\u00f6nleri Sa\u011f\/Sol<\/td>\n<td>+<\/td>\n<\/tr>\n<tr>\n<td>Bas-\u00e7al\u0131\u015ft\u0131r<\/td>\n<td>&#8211;<\/td>\n<\/tr>\n<tr>\n<td>Kol\/tetik ile ba\u015flatma<\/td>\n<td>+<\/td>\n<\/tr>\n<tr>\n<td>Kavrama (kuplaj) t\u00fcr\u00fc<\/td>\n<td>Mandal<\/td>\n<\/tr>\n<\/tbody>\n<\/table>\n<p>* Vurgulanan Veriler<\/p>\n","protected":false},"excerpt":{"rendered":"<p>Teknik veriler Ek veriler Maks. s\u0131kma torku* 60\u00a0Nm R\u00f6lanti devir say\u0131s\u0131* 160\u00a0dev\/dak Vida \u00e7ap\u0131, maks.* M 10\u00a0mm Tavsiye edilen s\u0131kma torku 50\u00a0Nm D\u00f6nme y\u00f6n\u00fc R\/L Y\u00fck alt\u0131nda hava t\u00fcketimi 8\u00a0lt\/sn EPTA uyar\u0131nca a\u011f\u0131rl\u0131k 1,3\u00a0kg U\u00e7 giri\u015fi 1\/2&#8243; d\u0131\u015f d\u00f6rtgen Ba\u011flant\u0131 di\u015fi 1\/4&#8243;-NPT Hortum i\u00e7 \u00e7ap\u0131 10\u00a0mm Tahrik tipi Bas\u0131n\u00e7l\u0131 hava Tasar\u0131m A\u00e7\u0131 a\u00e7\u0131k ESV (Dar mekan vidalama u\u00e7lar\u0131) &#8211; Ayarlanabilir [&hellip;]<\/p>\n","protected":false},"featured_media":9146,"comment_status":"open","ping_status":"closed","template":"","meta":[],"product_brand":[],"product_cat":[15,52,65],"product_tag":[],"class_list":{"0":"post-9145","1":"product","2":"type-product","3":"status-publish","4":"has-post-thumbnail","6":"product_cat-genel","7":"product_cat-akulu-aletler","8":"product_cat-sarjli-aletler","10":"first","11":"instock","12":"shipping-taxable","13":"product-type-simple"},"_links":{"self":[{"href":"http:\/\/basakcilastik.com.tr\/index.php?rest_route=\/wp\/v2\/product\/9145","targetHints":{"allow":["GET"]}}],"collection":[{"href":"http:\/\/basakcilastik.com.tr\/index.php?rest_route=\/wp\/v2\/product"}],"about":[{"href":"http:\/\/basakcilastik.com.tr\/index.php?rest_route=\/wp\/v2\/types\/product"}],"replies":[{"embeddable":true,"href":"http:\/\/basakcilastik.com.tr\/index.php?rest_route=%2Fwp%2Fv2%2Fcomments&post=9145"}],"wp:featuredmedia":[{"embeddable":true,"href":"http:\/\/basakcilastik.com.tr\/index.php?rest_route=\/wp\/v2\/media\/9146"}],"wp:attachment":[{"href":"http:\/\/basakcilastik.com.tr\/index.php?rest_route=%2Fwp%2Fv2%2Fmedia&parent=9145"}],"wp:term":[{"taxonomy":"product_brand","embeddable":true,"href":"http:\/\/basakcilastik.com.tr\/index.php?rest_route=%2Fwp%2Fv2%2Fproduct_brand&post=9145"},{"taxonomy":"product_cat","embeddable":true,"href":"http:\/\/basakcilastik.com.tr\/index.php?rest_route=%2Fwp%2Fv2%2Fproduct_cat&post=9145"},{"taxonomy":"product_tag","embeddable":true,"href":"http:\/\/basakcilastik.com.tr\/index.php?rest_route=%2Fwp%2Fv2%2Fproduct_tag&post=9145"}],"curies":[{"name":"wp","href":"https:\/\/api.w.org\/{rel}","templated":true}]}}