{"id":9134,"date":"2020-07-15T23:15:11","date_gmt":"2020-07-15T23:15:11","guid":{"rendered":"https:\/\/basakcilastik.com.tr\/?post_type=product&#038;p=9134"},"modified":"2020-07-15T23:15:12","modified_gmt":"2020-07-15T23:15:12","slug":"gho-12v-20-professional-akulu-planya","status":"publish","type":"product","link":"http:\/\/basakcilastik.com.tr\/?product=gho-12v-20-professional-akulu-planya","title":{"rendered":"GHO 12V-20 Professional Ak\u00fcl\u00fc planya"},"content":{"rendered":"<p>planyaTeknik veriler<\/p>\n<table width=\"750\">\n<thead>\n<tr>\n<td colspan=\"2\">Ek veriler<\/td>\n<\/tr>\n<\/thead>\n<tbody>\n<tr>\n<td><strong>Ak\u00fc gerilimi*<\/strong><\/td>\n<td><strong>12<\/strong>\u00a0<strong>V<\/strong><\/td>\n<\/tr>\n<tr>\n<td><strong>Planya geni\u015fli\u011fi, maks.*<\/strong><\/td>\n<td><strong>56<\/strong>\u00a0<strong>mm<\/strong><\/td>\n<\/tr>\n<tr>\n<td>Ak\u00fc hari\u00e7 a\u011f\u0131rl\u0131\u011f\u0131<\/td>\n<td>1,5\u00a0kg<\/td>\n<\/tr>\n<tr>\n<td><strong>Tala\u015f kal\u0131nl\u0131\u011f\u0131*<\/strong><\/td>\n<td><strong>0 \u2013 2<\/strong>\u00a0<strong>mm<\/strong><\/td>\n<\/tr>\n<tr>\n<td>R\u00f6lanti devir say\u0131s\u0131<\/td>\n<td>14.500\u00a0dev\/dak<\/td>\n<\/tr>\n<tr>\n<td>Oluk derinli\u011fi<\/td>\n<td>0 \u2013 17\u00a0mm<\/td>\n<\/tr>\n<\/tbody>\n<\/table>\n<p>* Vurgulanan Veriler<\/p>\n<p>Elektrikli el aletinin A-dereceli g\u00fcr\u00fclt\u00fc seviyesi tipik olarak \u015fu de\u011ferlere sahiptir: Ses bas\u0131nc\u0131 seviyesi dB(A); Ses performans\u0131 seviyesi dB(A). K belirsizli\u011fi= dB.<\/p>\n","protected":false},"excerpt":{"rendered":"<p>planyaTeknik veriler Ek veriler Ak\u00fc gerilimi* 12\u00a0V Planya geni\u015fli\u011fi, maks.* 56\u00a0mm Ak\u00fc hari\u00e7 a\u011f\u0131rl\u0131\u011f\u0131 1,5\u00a0kg Tala\u015f kal\u0131nl\u0131\u011f\u0131* 0 \u2013 2\u00a0mm R\u00f6lanti devir say\u0131s\u0131 14.500\u00a0dev\/dak Oluk derinli\u011fi 0 \u2013 17\u00a0mm * Vurgulanan Veriler Elektrikli el aletinin A-dereceli g\u00fcr\u00fclt\u00fc seviyesi tipik olarak \u015fu de\u011ferlere sahiptir: Ses bas\u0131nc\u0131 seviyesi dB(A); Ses performans\u0131 seviyesi dB(A). K belirsizli\u011fi= dB.<\/p>\n","protected":false},"featured_media":9135,"comment_status":"open","ping_status":"closed","template":"","meta":[],"product_brand":[],"product_cat":[15,52,63],"product_tag":[],"class_list":{"0":"post-9134","1":"product","2":"type-product","3":"status-publish","4":"has-post-thumbnail","6":"product_cat-genel","7":"product_cat-akulu-aletler","8":"product_cat-planyalar","10":"first","11":"instock","12":"shipping-taxable","13":"product-type-simple"},"_links":{"self":[{"href":"http:\/\/basakcilastik.com.tr\/index.php?rest_route=\/wp\/v2\/product\/9134","targetHints":{"allow":["GET"]}}],"collection":[{"href":"http:\/\/basakcilastik.com.tr\/index.php?rest_route=\/wp\/v2\/product"}],"about":[{"href":"http:\/\/basakcilastik.com.tr\/index.php?rest_route=\/wp\/v2\/types\/product"}],"replies":[{"embeddable":true,"href":"http:\/\/basakcilastik.com.tr\/index.php?rest_route=%2Fwp%2Fv2%2Fcomments&post=9134"}],"wp:featuredmedia":[{"embeddable":true,"href":"http:\/\/basakcilastik.com.tr\/index.php?rest_route=\/wp\/v2\/media\/9135"}],"wp:attachment":[{"href":"http:\/\/basakcilastik.com.tr\/index.php?rest_route=%2Fwp%2Fv2%2Fmedia&parent=9134"}],"wp:term":[{"taxonomy":"product_brand","embeddable":true,"href":"http:\/\/basakcilastik.com.tr\/index.php?rest_route=%2Fwp%2Fv2%2Fproduct_brand&post=9134"},{"taxonomy":"product_cat","embeddable":true,"href":"http:\/\/basakcilastik.com.tr\/index.php?rest_route=%2Fwp%2Fv2%2Fproduct_cat&post=9134"},{"taxonomy":"product_tag","embeddable":true,"href":"http:\/\/basakcilastik.com.tr\/index.php?rest_route=%2Fwp%2Fv2%2Fproduct_tag&post=9134"}],"curies":[{"name":"wp","href":"https:\/\/api.w.org\/{rel}","templated":true}]}}