{"id":9118,"date":"2020-07-15T23:05:22","date_gmt":"2020-07-15T23:05:22","guid":{"rendered":"https:\/\/basakcilastik.com.tr\/?post_type=product&#038;p=9118"},"modified":"2020-07-15T23:05:22","modified_gmt":"2020-07-15T23:05:22","slug":"wallscanner-d-tect-120-professional-duvar-tarama-cihazi","status":"publish","type":"product","link":"http:\/\/basakcilastik.com.tr\/?product=wallscanner-d-tect-120-professional-duvar-tarama-cihazi","title":{"rendered":"Wallscanner D-tect 120 Professional Duvar tarama cihaz\u0131"},"content":{"rendered":"<p>Teknik veriler<\/p>\n<table width=\"750\">\n<thead>\n<tr>\n<td colspan=\"2\">Ek veriler<\/td>\n<\/tr>\n<\/thead>\n<tbody>\n<tr>\n<td><strong>\u00c7eli\u011fin alg\u0131lanma derinli\u011fi, maks.*<\/strong><\/td>\n<td><strong>120<\/strong>\u00a0<strong>mm<\/strong><\/td>\n<\/tr>\n<tr>\n<td><strong>Bak\u0131r alg\u0131lama derinli\u011fi, maks.*<\/strong><\/td>\n<td><strong>120<\/strong>\u00a0<strong>mm<\/strong><\/td>\n<\/tr>\n<tr>\n<td><strong>Maks. tarama derinli\u011fi*<\/strong><\/td>\n<td><strong>120<\/strong>\u00a0<strong>mm<\/strong><\/td>\n<\/tr>\n<tr>\n<td>Alg\u0131lanabilen malzeme<\/td>\n<td>Su dolu plastik borular, demir i\u00e7eren metaller, demir i\u00e7ermeyen metaller, ah\u015fap alt konstr\u00fcksiyonlar, (ak\u0131m ileten) kablolar<\/td>\n<\/tr>\n<tr>\n<td>Ak\u0131m ileten kablolar i\u00e7in tarama derinli\u011fi, maks.<\/td>\n<td>60\u00a0mm<\/td>\n<\/tr>\n<tr>\n<td>Ah\u015fap alt konstr\u00fcksiyonlar\u0131n alg\u0131lanma derinli\u011fi, maks.<\/td>\n<td>38\u00a0mm<\/td>\n<\/tr>\n<tr>\n<td>Hassasiyet<\/td>\n<td>\u00b1 10\u00a0mm<\/td>\n<\/tr>\n<tr>\n<td>Ak\u0131m kesme otomati\u011fi, yakla\u015f\u0131k<\/td>\n<td>5 dakika<\/td>\n<\/tr>\n<tr>\n<td>Ak\u0131m beslemesi<\/td>\n<td>10,8 V li-iyon veya 4 x 1,5 V LR6 (AA)<\/td>\n<\/tr>\n<tr>\n<td>A\u011f\u0131rl\u0131\u011f\u0131, yak.<\/td>\n<td>0,5\u00a0kg<\/td>\n<\/tr>\n<tr>\n<td>Alg\u0131lama derinlikleri, maks. (malzeme)<\/td>\n<td>Plastik borular (su ile dolu), 60, Bak\u0131r boru (ak\u0131m ileten), Demir metaller, 120, Demir olmayan metaller (bak\u0131r)<\/td>\n<\/tr>\n<tr>\n<td>Alg\u0131lama derinlikleri, maks. (mod)<\/td>\n<td>Beton, 120, Kuru duvar in\u015faat\u0131, 60, Universal mod<\/td>\n<\/tr>\n<tr>\n<td>Maks. delme derinli\u011fi g\u00f6stergesi<\/td>\n<td>&#8211;<\/td>\n<\/tr>\n<tr>\n<td>\u0130lave fonksiyon<\/td>\n<td>Dual Power (10,8 V \/ 4 x 1,5-V-LR6 AA); nesne y\u00f6n g\u00f6stergesine sahip merkez bulucu<\/td>\n<\/tr>\n<\/tbody>\n<\/table>\n<p>* Vurgulanan Veriler<\/p>\n","protected":false},"excerpt":{"rendered":"<p>Teknik veriler Ek veriler \u00c7eli\u011fin alg\u0131lanma derinli\u011fi, maks.* 120\u00a0mm Bak\u0131r alg\u0131lama derinli\u011fi, maks.* 120\u00a0mm Maks. tarama derinli\u011fi* 120\u00a0mm Alg\u0131lanabilen malzeme Su dolu plastik borular, demir i\u00e7eren metaller, demir i\u00e7ermeyen metaller, ah\u015fap alt konstr\u00fcksiyonlar, (ak\u0131m ileten) kablolar Ak\u0131m ileten kablolar i\u00e7in tarama derinli\u011fi, maks. 60\u00a0mm Ah\u015fap alt konstr\u00fcksiyonlar\u0131n alg\u0131lanma derinli\u011fi, maks. 38\u00a0mm Hassasiyet \u00b1 10\u00a0mm Ak\u0131m kesme otomati\u011fi, yakla\u015f\u0131k 5 dakika [&hellip;]<\/p>\n","protected":false},"featured_media":9119,"comment_status":"open","ping_status":"closed","template":"","meta":[],"product_brand":[],"product_cat":[15,52,62],"product_tag":[],"class_list":{"0":"post-9118","1":"product","2":"type-product","3":"status-publish","4":"has-post-thumbnail","6":"product_cat-genel","7":"product_cat-akulu-aletler","8":"product_cat-olcme-aletleri","10":"first","11":"instock","12":"shipping-taxable","13":"product-type-simple"},"_links":{"self":[{"href":"http:\/\/basakcilastik.com.tr\/index.php?rest_route=\/wp\/v2\/product\/9118","targetHints":{"allow":["GET"]}}],"collection":[{"href":"http:\/\/basakcilastik.com.tr\/index.php?rest_route=\/wp\/v2\/product"}],"about":[{"href":"http:\/\/basakcilastik.com.tr\/index.php?rest_route=\/wp\/v2\/types\/product"}],"replies":[{"embeddable":true,"href":"http:\/\/basakcilastik.com.tr\/index.php?rest_route=%2Fwp%2Fv2%2Fcomments&post=9118"}],"wp:featuredmedia":[{"embeddable":true,"href":"http:\/\/basakcilastik.com.tr\/index.php?rest_route=\/wp\/v2\/media\/9119"}],"wp:attachment":[{"href":"http:\/\/basakcilastik.com.tr\/index.php?rest_route=%2Fwp%2Fv2%2Fmedia&parent=9118"}],"wp:term":[{"taxonomy":"product_brand","embeddable":true,"href":"http:\/\/basakcilastik.com.tr\/index.php?rest_route=%2Fwp%2Fv2%2Fproduct_brand&post=9118"},{"taxonomy":"product_cat","embeddable":true,"href":"http:\/\/basakcilastik.com.tr\/index.php?rest_route=%2Fwp%2Fv2%2Fproduct_cat&post=9118"},{"taxonomy":"product_tag","embeddable":true,"href":"http:\/\/basakcilastik.com.tr\/index.php?rest_route=%2Fwp%2Fv2%2Fproduct_tag&post=9118"}],"curies":[{"name":"wp","href":"https:\/\/api.w.org\/{rel}","templated":true}]}}