{"id":9116,"date":"2020-07-15T23:04:38","date_gmt":"2020-07-15T23:04:38","guid":{"rendered":"https:\/\/basakcilastik.com.tr\/?post_type=product&#038;p=9116"},"modified":"2020-07-15T23:04:38","modified_gmt":"2020-07-15T23:04:38","slug":"rm-3-professional-aksesuar","status":"publish","type":"product","link":"http:\/\/basakcilastik.com.tr\/?product=rm-3-professional-aksesuar","title":{"rendered":"RM 3 Professional Aksesuar"},"content":{"rendered":"<p>Teknik veriler<\/p>\n<table width=\"750\">\n<thead>\n<tr>\n<td colspan=\"2\">Ek veriler<\/td>\n<\/tr>\n<\/thead>\n<tbody>\n<tr>\n<td>A\u011f\u0131rl\u0131\u011f\u0131, yak.<\/td>\n<td>0,5\u00a0kg<\/td>\n<\/tr>\n<tr>\n<td>Tak\u0131m \u00f6l\u00e7\u00fcleri (uzunluk)<\/td>\n<td>135\u00a0mm<\/td>\n<\/tr>\n<tr>\n<td>Tak\u0131m \u00f6l\u00e7\u00fcleri (y\u00fckseklik)<\/td>\n<td>120\u00a0mm<\/td>\n<\/tr>\n<\/tbody>\n<\/table>\n<p>* Vurgulanan Veriler<\/p>\n","protected":false},"excerpt":{"rendered":"<p>Teknik veriler Ek veriler A\u011f\u0131rl\u0131\u011f\u0131, yak. 0,5\u00a0kg Tak\u0131m \u00f6l\u00e7\u00fcleri (uzunluk) 135\u00a0mm Tak\u0131m \u00f6l\u00e7\u00fcleri (y\u00fckseklik) 120\u00a0mm * Vurgulanan Veriler<\/p>\n","protected":false},"featured_media":9117,"comment_status":"open","ping_status":"closed","template":"","meta":[],"product_brand":[],"product_cat":[15,52,62],"product_tag":[],"class_list":{"0":"post-9116","1":"product","2":"type-product","3":"status-publish","4":"has-post-thumbnail","6":"product_cat-genel","7":"product_cat-akulu-aletler","8":"product_cat-olcme-aletleri","10":"first","11":"instock","12":"shipping-taxable","13":"product-type-simple"},"_links":{"self":[{"href":"http:\/\/basakcilastik.com.tr\/index.php?rest_route=\/wp\/v2\/product\/9116","targetHints":{"allow":["GET"]}}],"collection":[{"href":"http:\/\/basakcilastik.com.tr\/index.php?rest_route=\/wp\/v2\/product"}],"about":[{"href":"http:\/\/basakcilastik.com.tr\/index.php?rest_route=\/wp\/v2\/types\/product"}],"replies":[{"embeddable":true,"href":"http:\/\/basakcilastik.com.tr\/index.php?rest_route=%2Fwp%2Fv2%2Fcomments&post=9116"}],"wp:featuredmedia":[{"embeddable":true,"href":"http:\/\/basakcilastik.com.tr\/index.php?rest_route=\/wp\/v2\/media\/9117"}],"wp:attachment":[{"href":"http:\/\/basakcilastik.com.tr\/index.php?rest_route=%2Fwp%2Fv2%2Fmedia&parent=9116"}],"wp:term":[{"taxonomy":"product_brand","embeddable":true,"href":"http:\/\/basakcilastik.com.tr\/index.php?rest_route=%2Fwp%2Fv2%2Fproduct_brand&post=9116"},{"taxonomy":"product_cat","embeddable":true,"href":"http:\/\/basakcilastik.com.tr\/index.php?rest_route=%2Fwp%2Fv2%2Fproduct_cat&post=9116"},{"taxonomy":"product_tag","embeddable":true,"href":"http:\/\/basakcilastik.com.tr\/index.php?rest_route=%2Fwp%2Fv2%2Fproduct_tag&post=9116"}],"curies":[{"name":"wp","href":"https:\/\/api.w.org\/{rel}","templated":true}]}}