{"id":9106,"date":"2020-07-15T22:59:13","date_gmt":"2020-07-15T22:59:13","guid":{"rendered":"https:\/\/basakcilastik.com.tr\/?post_type=product&#038;p=9106"},"modified":"2020-07-15T22:59:14","modified_gmt":"2020-07-15T22:59:14","slug":"lr-2-professional-yuksek-performansli-alici","status":"publish","type":"product","link":"http:\/\/basakcilastik.com.tr\/?product=lr-2-professional-yuksek-performansli-alici","title":{"rendered":"LR 2 Professional Y\u00fcksek Performansl\u0131 Al\u0131c\u0131"},"content":{"rendered":"<p>Teknik veriler<\/p>\n<table width=\"750\">\n<thead>\n<tr>\n<td colspan=\"2\">Ek veriler<\/td>\n<\/tr>\n<\/thead>\n<tbody>\n<tr>\n<td><strong>Menzil*<\/strong><\/td>\n<td><strong>5 \u2013 50<\/strong>\u00a0<strong>m<\/strong><\/td>\n<\/tr>\n<tr>\n<td><strong>Ak\u0131m beslemesi*<\/strong><\/td>\n<td><strong>1 x 9 V 6LR61 Blok<\/strong><\/td>\n<\/tr>\n<tr>\n<td><strong>Toza ve p\u00fcsk\u00fcrtme suyuna kar\u015f\u0131 koruma*<\/strong><\/td>\n<td><strong>IP 54<\/strong><\/td>\n<\/tr>\n<tr>\n<td>Uzaktan kumanda<\/td>\n<td>&#8211;<\/td>\n<\/tr>\n<tr>\n<td>Al\u0131c\u0131<\/td>\n<td>+<\/td>\n<\/tr>\n<tr>\n<td>Menzil -den<\/td>\n<td>5\u00a0m<\/td>\n<\/tr>\n<tr>\n<td>Menzil, maks.<\/td>\n<td>50\u00a0m<\/td>\n<\/tr>\n<tr>\n<td>A\u011f\u0131rl\u0131\u011f\u0131, yak.<\/td>\n<td>270\u00a0gr<\/td>\n<\/tr>\n<tr>\n<td>Tak\u0131m \u00f6l\u00e7\u00fcleri (geni\u015flik)<\/td>\n<td>41\u00a0mm<\/td>\n<\/tr>\n<tr>\n<td>Tak\u0131m \u00f6l\u00e7\u00fcleri (uzunluk)<\/td>\n<td>74\u00a0mm<\/td>\n<\/tr>\n<tr>\n<td>Tak\u0131m \u00f6l\u00e7\u00fcleri (y\u00fckseklik)<\/td>\n<td>150\u00a0mm<\/td>\n<\/tr>\n<tr>\n<td>\u00d6l\u00e7\u00fcm hassasiyeti, hassas<\/td>\n<td>\u00b1 1 mm<\/td>\n<\/tr>\n<tr>\n<td>\u00d6l\u00e7\u00fcm hassasiyeti, kaba<\/td>\n<td>\u00b1 3 mm<\/td>\n<\/tr>\n<tr>\n<td>\u00d6l\u00e7\u00fcm hassasiyeti, (hassas\/kaba)<\/td>\n<td>\u00b1 1 mm\/\u00b1 3 mm<\/td>\n<\/tr>\n<\/tbody>\n<\/table>\n<p>* Vurgulanan Veriler<\/p>\n","protected":false},"excerpt":{"rendered":"<p>Teknik veriler Ek veriler Menzil* 5 \u2013 50\u00a0m Ak\u0131m beslemesi* 1 x 9 V 6LR61 Blok Toza ve p\u00fcsk\u00fcrtme suyuna kar\u015f\u0131 koruma* IP 54 Uzaktan kumanda &#8211; Al\u0131c\u0131 + Menzil -den 5\u00a0m Menzil, maks. 50\u00a0m A\u011f\u0131rl\u0131\u011f\u0131, yak. 270\u00a0gr Tak\u0131m \u00f6l\u00e7\u00fcleri (geni\u015flik) 41\u00a0mm Tak\u0131m \u00f6l\u00e7\u00fcleri (uzunluk) 74\u00a0mm Tak\u0131m \u00f6l\u00e7\u00fcleri (y\u00fckseklik) 150\u00a0mm \u00d6l\u00e7\u00fcm hassasiyeti, hassas \u00b1 1 mm \u00d6l\u00e7\u00fcm hassasiyeti, kaba \u00b1 [&hellip;]<\/p>\n","protected":false},"featured_media":9107,"comment_status":"open","ping_status":"closed","template":"","meta":[],"product_brand":[],"product_cat":[15,52,62],"product_tag":[],"class_list":{"0":"post-9106","1":"product","2":"type-product","3":"status-publish","4":"has-post-thumbnail","6":"product_cat-genel","7":"product_cat-akulu-aletler","8":"product_cat-olcme-aletleri","10":"first","11":"instock","12":"shipping-taxable","13":"product-type-simple"},"_links":{"self":[{"href":"http:\/\/basakcilastik.com.tr\/index.php?rest_route=\/wp\/v2\/product\/9106","targetHints":{"allow":["GET"]}}],"collection":[{"href":"http:\/\/basakcilastik.com.tr\/index.php?rest_route=\/wp\/v2\/product"}],"about":[{"href":"http:\/\/basakcilastik.com.tr\/index.php?rest_route=\/wp\/v2\/types\/product"}],"replies":[{"embeddable":true,"href":"http:\/\/basakcilastik.com.tr\/index.php?rest_route=%2Fwp%2Fv2%2Fcomments&post=9106"}],"wp:featuredmedia":[{"embeddable":true,"href":"http:\/\/basakcilastik.com.tr\/index.php?rest_route=\/wp\/v2\/media\/9107"}],"wp:attachment":[{"href":"http:\/\/basakcilastik.com.tr\/index.php?rest_route=%2Fwp%2Fv2%2Fmedia&parent=9106"}],"wp:term":[{"taxonomy":"product_brand","embeddable":true,"href":"http:\/\/basakcilastik.com.tr\/index.php?rest_route=%2Fwp%2Fv2%2Fproduct_brand&post=9106"},{"taxonomy":"product_cat","embeddable":true,"href":"http:\/\/basakcilastik.com.tr\/index.php?rest_route=%2Fwp%2Fv2%2Fproduct_cat&post=9106"},{"taxonomy":"product_tag","embeddable":true,"href":"http:\/\/basakcilastik.com.tr\/index.php?rest_route=%2Fwp%2Fv2%2Fproduct_tag&post=9106"}],"curies":[{"name":"wp","href":"https:\/\/api.w.org\/{rel}","templated":true}]}}