{"id":9042,"date":"2020-07-15T22:12:42","date_gmt":"2020-07-15T22:12:42","guid":{"rendered":"https:\/\/basakcilastik.com.tr\/?post_type=product&#038;p=9042"},"modified":"2020-07-15T22:12:42","modified_gmt":"2020-07-15T22:12:42","slug":"gcl-2-15-professional-kombi-lazer","status":"publish","type":"product","link":"http:\/\/basakcilastik.com.tr\/?product=gcl-2-15-professional-kombi-lazer","title":{"rendered":"GCL 2-15 Professional Kombi lazer"},"content":{"rendered":"<p>Teknik veriler<\/p>\n<table width=\"750\">\n<thead>\n<tr>\n<td colspan=\"2\">Ek veriler<\/td>\n<\/tr>\n<\/thead>\n<tbody>\n<tr>\n<td><strong>\u00c7al\u0131\u015fma alan\u0131*<\/strong><\/td>\n<td><strong>15<\/strong>\u00a0<strong>m<\/strong><\/td>\n<\/tr>\n<tr>\n<td><strong>Nivelman hassasl\u0131\u011f\u0131*<\/strong><\/td>\n<td><strong>\u00b1 0,3 mm\/m<\/strong><\/td>\n<\/tr>\n<tr>\n<td>Lazer diyodu<\/td>\n<td>630 \u2013 650 nm, &lt; 1mW<\/td>\n<\/tr>\n<tr>\n<td>Kullan\u0131m s\u0131cakl\u0131\u011f\u0131, -den<\/td>\n<td>-10\u00a0\u00b0C<\/td>\n<\/tr>\n<tr>\n<td>\u0130\u015fletim s\u0131cakl\u0131\u011f\u0131, maks.<\/td>\n<td>50\u00a0\u00b0C<\/td>\n<\/tr>\n<tr>\n<td>\u0130\u015fletme s\u0131cakl\u0131\u011f\u0131<\/td>\n<td>-10 \u2013 50\u00a0\u00b0C<\/td>\n<\/tr>\n<tr>\n<td>Depolama s\u0131cakl\u0131\u011f\u0131, -den<\/td>\n<td>-20\u00a0\u00b0C<\/td>\n<\/tr>\n<tr>\n<td>Depolama s\u0131cakl\u0131\u011f\u0131, maks.<\/td>\n<td>70\u00a0\u00b0C<\/td>\n<\/tr>\n<tr>\n<td>Saklama s\u0131cakl\u0131\u011f\u0131<\/td>\n<td>-20 \u2013 70\u00a0\u00b0C<\/td>\n<\/tr>\n<tr>\n<td>Lazer s\u0131n\u0131f\u0131<\/td>\n<td>2<\/td>\n<\/tr>\n<tr>\n<td>Lazer noktalar\u0131n\u0131n \u00e7al\u0131\u015fma aral\u0131\u011f\u0131, maks.<\/td>\n<td>10 m (yukar\u0131), 10 m (a\u015fa\u011f\u0131)<\/td>\n<\/tr>\n<tr>\n<td><strong>Otomatik nivelman alan\u0131*<\/strong><\/td>\n<td><strong>\u00b1 4\u00b0<\/strong><\/td>\n<\/tr>\n<tr>\n<td>Nivelman s\u00fcresi<\/td>\n<td>4\u00a0sn<\/td>\n<\/tr>\n<tr>\n<td>Toza ve p\u00fcsk\u00fcrtme suyuna kar\u015f\u0131 koruma<\/td>\n<td>IP 54<\/td>\n<\/tr>\n<tr>\n<td>Ak\u0131m beslemesi<\/td>\n<td>3 x 1,5 V LR6 (AA)<\/td>\n<\/tr>\n<tr>\n<td>\u00c7al\u0131\u015fma s\u00fcresi, maks.<\/td>\n<td>\u00c7apraz \u00e7izgi ve nokta i\u015fletiminde 6 saat, \u00c7apraz \u00e7izgi i\u015fletiminde 8 saat, \u00c7izgi ve nokta i\u015fletiminde 12 saat, \u00c7izgi i\u015fletiminde 16 saat, Nokta i\u015fletiminde 22 saat<\/td>\n<\/tr>\n<tr>\n<td>Statif di\u015f<\/td>\n<td>1\/4&#8243;, 5\/8&#8243;<\/td>\n<\/tr>\n<tr>\n<td>A\u011f\u0131rl\u0131\u011f\u0131, yak.<\/td>\n<td>0,49\u00a0kg<\/td>\n<\/tr>\n<tr>\n<td>Lazer \u00e7izgisinin rengi<\/td>\n<td>k\u0131rm\u0131z\u0131<\/td>\n<\/tr>\n<tr>\n<td>Yans\u0131tma<\/td>\n<td>2 \u00e7izgi \/ 2 nokta<\/td>\n<\/tr>\n<tr>\n<td>D\u00fc\u015fey nokta hassasiyeti<\/td>\n<td>\u00b1 0,7 mm\/m<\/td>\n<\/tr>\n<\/tbody>\n<\/table>\n","protected":false},"excerpt":{"rendered":"<p>Teknik veriler Ek veriler \u00c7al\u0131\u015fma alan\u0131* 15\u00a0m Nivelman hassasl\u0131\u011f\u0131* \u00b1 0,3 mm\/m Lazer diyodu 630 \u2013 650 nm, &lt; 1mW Kullan\u0131m s\u0131cakl\u0131\u011f\u0131, -den -10\u00a0\u00b0C \u0130\u015fletim s\u0131cakl\u0131\u011f\u0131, maks. 50\u00a0\u00b0C \u0130\u015fletme s\u0131cakl\u0131\u011f\u0131 -10 \u2013 50\u00a0\u00b0C Depolama s\u0131cakl\u0131\u011f\u0131, -den -20\u00a0\u00b0C Depolama s\u0131cakl\u0131\u011f\u0131, maks. 70\u00a0\u00b0C Saklama s\u0131cakl\u0131\u011f\u0131 -20 \u2013 70\u00a0\u00b0C Lazer s\u0131n\u0131f\u0131 2 Lazer noktalar\u0131n\u0131n \u00e7al\u0131\u015fma aral\u0131\u011f\u0131, maks. 10 m (yukar\u0131), 10 m (a\u015fa\u011f\u0131) [&hellip;]<\/p>\n","protected":false},"featured_media":9043,"comment_status":"open","ping_status":"closed","template":"","meta":[],"product_brand":[],"product_cat":[15,52,62],"product_tag":[],"class_list":{"0":"post-9042","1":"product","2":"type-product","3":"status-publish","4":"has-post-thumbnail","6":"product_cat-genel","7":"product_cat-akulu-aletler","8":"product_cat-olcme-aletleri","10":"first","11":"instock","12":"shipping-taxable","13":"product-type-simple"},"_links":{"self":[{"href":"http:\/\/basakcilastik.com.tr\/index.php?rest_route=\/wp\/v2\/product\/9042","targetHints":{"allow":["GET"]}}],"collection":[{"href":"http:\/\/basakcilastik.com.tr\/index.php?rest_route=\/wp\/v2\/product"}],"about":[{"href":"http:\/\/basakcilastik.com.tr\/index.php?rest_route=\/wp\/v2\/types\/product"}],"replies":[{"embeddable":true,"href":"http:\/\/basakcilastik.com.tr\/index.php?rest_route=%2Fwp%2Fv2%2Fcomments&post=9042"}],"wp:featuredmedia":[{"embeddable":true,"href":"http:\/\/basakcilastik.com.tr\/index.php?rest_route=\/wp\/v2\/media\/9043"}],"wp:attachment":[{"href":"http:\/\/basakcilastik.com.tr\/index.php?rest_route=%2Fwp%2Fv2%2Fmedia&parent=9042"}],"wp:term":[{"taxonomy":"product_brand","embeddable":true,"href":"http:\/\/basakcilastik.com.tr\/index.php?rest_route=%2Fwp%2Fv2%2Fproduct_brand&post=9042"},{"taxonomy":"product_cat","embeddable":true,"href":"http:\/\/basakcilastik.com.tr\/index.php?rest_route=%2Fwp%2Fv2%2Fproduct_cat&post=9042"},{"taxonomy":"product_tag","embeddable":true,"href":"http:\/\/basakcilastik.com.tr\/index.php?rest_route=%2Fwp%2Fv2%2Fproduct_tag&post=9042"}],"curies":[{"name":"wp","href":"https:\/\/api.w.org\/{rel}","templated":true}]}}