{"id":9036,"date":"2020-07-15T22:09:53","date_gmt":"2020-07-15T22:09:53","guid":{"rendered":"https:\/\/basakcilastik.com.tr\/?post_type=product&#038;p=9036"},"modified":"2020-07-15T22:09:53","modified_gmt":"2020-07-15T22:09:53","slug":"einhell-te-ld-60-lazer-olcu-aleti","status":"publish","type":"product","link":"http:\/\/basakcilastik.com.tr\/?product=einhell-te-ld-60-lazer-olcu-aleti","title":{"rendered":"Einhell TE-LD 60 Lazer \u00d6l\u00e7\u00fc Aleti"},"content":{"rendered":"<p><strong>\u00dcr\u00fcn a\u00e7\u0131klamas\u0131<\/strong><\/p>\n<p>Einhell TE-LD 60 Lazer \u00d6l\u00e7\u00fc Aleti cep boyutlar\u0131nda 60 m menzile kadar hassas ve kolay \u00f6l\u00e7\u00fcm imkan\u0131 sunan k\u00fc\u00e7\u00fck ve kullan\u0131\u015fl\u0131 bir cihazd\u0131r. Cihaz uzunluk \u00f6l\u00e7\u00fcm\u00fc yan\u0131nda alan ve hacim hesab\u0131 yapabilir \u00f6l\u00e7\u00fcmleri toplayabilir ya da \u00e7\u0131kartabilir. E\u011fim \u00f6l\u00e7ebilir. Pisagor fonksiyonu ile dolayl\u0131 olarak uzunluk ve y\u00fckseklik \u00f6l\u00e7\u00fcm\u00fc yapabilir. Kademe fonksiyonu ile \u00e7it direklerinin belirli mesafede dikilmesi i\u015fi gibi \u00f6nceden belirlenen aral\u0131klar\u0131n \u00f6l\u00e7\u00fcm\u00fcn\u00fc yapabilir. \u0130n\u015faat, restorasyon, yenileme i\u015fleri veya ev, at\u00f6lye ve bah\u00e7e gibi alanlarda gerekli \u00f6l\u00e7\u00fcmler i\u00e7in ideal bir cihazd\u0131r. Al\u0131nan son 50 \u00f6l\u00e7\u00fcm cihaz haf\u0131zas\u0131na otomatik olarak kaydedilir. Kullan\u0131lacak yere g\u00f6re \u00f6l\u00e7\u00fc cihaz\u0131n \u00f6n ya da arka k\u0131s\u0131mdan yada a\u00e7\u0131l\u0131r k\u00f6\u015fe aparat\u0131ndan \u00f6l\u00e7\u00fcm ba\u015flat\u0131labilir. Cihaz haf\u0131zas\u0131nda olan \u00f6l\u00e7\u00fcmleri Einhell \u00f6l\u00e7\u00fc yard\u0131mc\u0131 uygulamas\u0131yla (Einhell Measure Assistant) bluetooth \u00fczerinden d\u00f6k\u00fcmante edebilirsiniz. Pil tasarrufu i\u00e7in cihaz kullan\u0131lmad\u0131\u011f\u0131nda 3 dakika i\u00e7erisinde kendi kendine kapan\u0131r. Pratik saklama \u00e7antas\u0131 dahildir.<\/p>\n<p><strong>\u00d6zellikler<\/strong><\/p>\n<p>Lazermetre TE-LD 60 i\u00e7in detaylar, \u015fekiller ve bilgiler: burada ayr\u0131nt\u0131l\u0131 teknik veriler ve bu Einhell \u00fcr\u00fcn\u00fcn\u00fcn boyutlar\u0131, a\u011f\u0131rl\u0131\u011f\u0131 ve ambalaj\u0131 hakk\u0131nda \u00f6zel bilgiler bulacaks\u0131n\u0131z.<\/p>\n<table>\n<tbody>\n<tr>\n<td colspan=\"2\"><strong>Teknik \u00d6zellikler<\/strong><\/td>\n<\/tr>\n<tr>\n<td><strong>\u00c7al\u0131\u015fma aral\u0131\u011f\u0131<\/strong><\/td>\n<td>0.05 m &#8211; 60 m<\/td>\n<\/tr>\n<tr>\n<td><strong>\u00d6l\u00e7\u00fcm do\u011frulu\u011fu<\/strong><\/td>\n<td>2 mm\/m<\/td>\n<\/tr>\n<tr>\n<td><strong>Lazer s\u0131n\u0131f tipi<\/strong><\/td>\n<td>II<\/td>\n<\/tr>\n<tr>\n<td><strong>Lazer diyot<\/strong><\/td>\n<td>635 nm<\/td>\n<\/tr>\n<tr>\n<td><strong>Otomatik devre d\u0131\u015f\u0131 b\u0131rakma<\/strong><\/td>\n<td>3 min<\/td>\n<\/tr>\n<\/tbody>\n<\/table>\n","protected":false},"excerpt":{"rendered":"<p>\u00dcr\u00fcn a\u00e7\u0131klamas\u0131 Einhell TE-LD 60 Lazer \u00d6l\u00e7\u00fc Aleti cep boyutlar\u0131nda 60 m menzile kadar hassas ve kolay \u00f6l\u00e7\u00fcm imkan\u0131 sunan k\u00fc\u00e7\u00fck ve kullan\u0131\u015fl\u0131 bir cihazd\u0131r. Cihaz uzunluk \u00f6l\u00e7\u00fcm\u00fc yan\u0131nda alan ve hacim hesab\u0131 yapabilir \u00f6l\u00e7\u00fcmleri toplayabilir ya da \u00e7\u0131kartabilir. E\u011fim \u00f6l\u00e7ebilir. Pisagor fonksiyonu ile dolayl\u0131 olarak uzunluk ve y\u00fckseklik \u00f6l\u00e7\u00fcm\u00fc yapabilir. Kademe fonksiyonu ile \u00e7it direklerinin belirli mesafede dikilmesi i\u015fi [&hellip;]<\/p>\n","protected":false},"featured_media":9037,"comment_status":"open","ping_status":"closed","template":"","meta":[],"product_brand":[],"product_cat":[15,52,62],"product_tag":[],"class_list":{"0":"post-9036","1":"product","2":"type-product","3":"status-publish","4":"has-post-thumbnail","6":"product_cat-genel","7":"product_cat-akulu-aletler","8":"product_cat-olcme-aletleri","10":"first","11":"instock","12":"shipping-taxable","13":"product-type-simple"},"_links":{"self":[{"href":"http:\/\/basakcilastik.com.tr\/index.php?rest_route=\/wp\/v2\/product\/9036","targetHints":{"allow":["GET"]}}],"collection":[{"href":"http:\/\/basakcilastik.com.tr\/index.php?rest_route=\/wp\/v2\/product"}],"about":[{"href":"http:\/\/basakcilastik.com.tr\/index.php?rest_route=\/wp\/v2\/types\/product"}],"replies":[{"embeddable":true,"href":"http:\/\/basakcilastik.com.tr\/index.php?rest_route=%2Fwp%2Fv2%2Fcomments&post=9036"}],"wp:featuredmedia":[{"embeddable":true,"href":"http:\/\/basakcilastik.com.tr\/index.php?rest_route=\/wp\/v2\/media\/9037"}],"wp:attachment":[{"href":"http:\/\/basakcilastik.com.tr\/index.php?rest_route=%2Fwp%2Fv2%2Fmedia&parent=9036"}],"wp:term":[{"taxonomy":"product_brand","embeddable":true,"href":"http:\/\/basakcilastik.com.tr\/index.php?rest_route=%2Fwp%2Fv2%2Fproduct_brand&post=9036"},{"taxonomy":"product_cat","embeddable":true,"href":"http:\/\/basakcilastik.com.tr\/index.php?rest_route=%2Fwp%2Fv2%2Fproduct_cat&post=9036"},{"taxonomy":"product_tag","embeddable":true,"href":"http:\/\/basakcilastik.com.tr\/index.php?rest_route=%2Fwp%2Fv2%2Fproduct_tag&post=9036"}],"curies":[{"name":"wp","href":"https:\/\/api.w.org\/{rel}","templated":true}]}}