{"id":9034,"date":"2020-07-15T22:08:44","date_gmt":"2020-07-15T22:08:44","guid":{"rendered":"https:\/\/basakcilastik.com.tr\/?post_type=product&#038;p=9034"},"modified":"2020-07-15T22:08:45","modified_gmt":"2020-07-15T22:08:45","slug":"einhell-tc-md-50-dijital-dedektor","status":"publish","type":"product","link":"http:\/\/basakcilastik.com.tr\/?product=einhell-tc-md-50-dijital-dedektor","title":{"rendered":"Einhell TC-MD 50 Dijital dedekt\u00f6r"},"content":{"rendered":"<p><strong>\u00dcr\u00fcn a\u00e7\u0131klamas\u0131<\/strong><\/p>\n<p>Einhell TC-MD 50 Dijital dedekt\u00f6r evde, \u015fantiyede ya da yenileme i\u015flerinde uzmanlar\u0131n demir ve demir d\u0131\u015f\u0131 metallerin, elektrik kablolar\u0131n\u0131n ve ah\u015fap malzemelerin yerlerinin tespit edilmesi konusunda vazge\u00e7ilmez yard\u0131mc\u0131s\u0131d\u0131r. Sesli uyar\u0131 fonksiyonu demir i\u00e7eren maddeleri \u00f6rne\u011fin; \u00e7elik ve elektrik kablolar\u0131 50 mm&#8217;ye kadar, demir i\u00e7ermeyen bak\u0131r gibi maddeleri 38 mm&#8217;ye kadar tespit edebilir. Ah\u015fap malzemelerde tespit edilebilir olup 19 mm&#8217;ye kadar tespit etme s\u0131n\u0131r\u0131 vard\u0131r. Sesli uyar\u0131 fonksiyonu ile sezgisel kullan\u0131labilir. Yumu\u015fak kaplamas\u0131 ve ince yap\u0131s\u0131 tek elle kullan\u0131m\u0131 konforlu k\u0131lar. Bir dakika s\u00fcrece kullan\u0131lmad\u0131\u011f\u0131nda otomatik olarak kapan\u0131r.<\/p>\n<p><strong>\u00d6zellikler<\/strong><\/p>\n<p>Dijital Dedekt\u00f6r TC-MD 50 i\u00e7in detaylar, \u015fekiller ve bilgiler: burada ayr\u0131nt\u0131l\u0131 teknik veriler ve bu Einhell \u00fcr\u00fcn\u00fcn\u00fcn boyutlar\u0131, a\u011f\u0131rl\u0131\u011f\u0131 ve ambalaj\u0131 hakk\u0131nda \u00f6zel bilgiler bulacaks\u0131n\u0131z.<\/p>\n<table>\n<tbody>\n<tr>\n<td colspan=\"2\"><strong>Teknik \u00d6zellikler<\/strong><\/td>\n<\/tr>\n<tr>\n<td><strong>Tespit kapasitesi &#8211; ah\u015fap\/metal<\/strong><\/td>\n<td>19 mm<\/td>\n<\/tr>\n<tr>\n<td><strong>Tespit kapasitesi &#8211; demir<\/strong><\/td>\n<td>50 mm<\/td>\n<\/tr>\n<tr>\n<td><strong>Tespit kapasitesi &#8211; bak\u0131r<\/strong><\/td>\n<td>38 mm<\/td>\n<\/tr>\n<tr>\n<td><strong>Tespit kapasitesi &#8211; elektrik kablosu<\/strong><\/td>\n<td>50 mm<\/td>\n<\/tr>\n<\/tbody>\n<\/table>\n","protected":false},"excerpt":{"rendered":"<p>\u00dcr\u00fcn a\u00e7\u0131klamas\u0131 Einhell TC-MD 50 Dijital dedekt\u00f6r evde, \u015fantiyede ya da yenileme i\u015flerinde uzmanlar\u0131n demir ve demir d\u0131\u015f\u0131 metallerin, elektrik kablolar\u0131n\u0131n ve ah\u015fap malzemelerin yerlerinin tespit edilmesi konusunda vazge\u00e7ilmez yard\u0131mc\u0131s\u0131d\u0131r. Sesli uyar\u0131 fonksiyonu demir i\u00e7eren maddeleri \u00f6rne\u011fin; \u00e7elik ve elektrik kablolar\u0131 50 mm&#8217;ye kadar, demir i\u00e7ermeyen bak\u0131r gibi maddeleri 38 mm&#8217;ye kadar tespit edebilir. Ah\u015fap malzemelerde tespit edilebilir olup 19 [&hellip;]<\/p>\n","protected":false},"featured_media":9035,"comment_status":"open","ping_status":"closed","template":"","meta":[],"product_brand":[],"product_cat":[15,52,62],"product_tag":[],"class_list":{"0":"post-9034","1":"product","2":"type-product","3":"status-publish","4":"has-post-thumbnail","6":"product_cat-genel","7":"product_cat-akulu-aletler","8":"product_cat-olcme-aletleri","10":"first","11":"instock","12":"shipping-taxable","13":"product-type-simple"},"_links":{"self":[{"href":"http:\/\/basakcilastik.com.tr\/index.php?rest_route=\/wp\/v2\/product\/9034","targetHints":{"allow":["GET"]}}],"collection":[{"href":"http:\/\/basakcilastik.com.tr\/index.php?rest_route=\/wp\/v2\/product"}],"about":[{"href":"http:\/\/basakcilastik.com.tr\/index.php?rest_route=\/wp\/v2\/types\/product"}],"replies":[{"embeddable":true,"href":"http:\/\/basakcilastik.com.tr\/index.php?rest_route=%2Fwp%2Fv2%2Fcomments&post=9034"}],"wp:featuredmedia":[{"embeddable":true,"href":"http:\/\/basakcilastik.com.tr\/index.php?rest_route=\/wp\/v2\/media\/9035"}],"wp:attachment":[{"href":"http:\/\/basakcilastik.com.tr\/index.php?rest_route=%2Fwp%2Fv2%2Fmedia&parent=9034"}],"wp:term":[{"taxonomy":"product_brand","embeddable":true,"href":"http:\/\/basakcilastik.com.tr\/index.php?rest_route=%2Fwp%2Fv2%2Fproduct_brand&post=9034"},{"taxonomy":"product_cat","embeddable":true,"href":"http:\/\/basakcilastik.com.tr\/index.php?rest_route=%2Fwp%2Fv2%2Fproduct_cat&post=9034"},{"taxonomy":"product_tag","embeddable":true,"href":"http:\/\/basakcilastik.com.tr\/index.php?rest_route=%2Fwp%2Fv2%2Fproduct_tag&post=9034"}],"curies":[{"name":"wp","href":"https:\/\/api.w.org\/{rel}","templated":true}]}}