{"id":9032,"date":"2020-07-15T22:07:55","date_gmt":"2020-07-15T22:07:55","guid":{"rendered":"https:\/\/basakcilastik.com.tr\/?post_type=product&#038;p=9032"},"modified":"2020-07-15T22:07:55","modified_gmt":"2020-07-15T22:07:55","slug":"einhell-tc-ll-2-capraz-cizgili-lazer-hizalama-cihazi","status":"publish","type":"product","link":"http:\/\/basakcilastik.com.tr\/?product=einhell-tc-ll-2-capraz-cizgili-lazer-hizalama-cihazi","title":{"rendered":"Einhell TC-LL 2 \u00c7apraz \u00c7izgili Lazer Hizalama cihaz\u0131"},"content":{"rendered":"<p><strong>\u00dcr\u00fcn a\u00e7\u0131klamas\u0131<\/strong><\/p>\n<p>Einhell TC-LL 2 \u00c7apraz \u00c7izgili Lazer Hizalama cihaz\u0131 montaj, yenileme ve s\u0131va gibi tamirat i\u015flerinde hassas \u00e7al\u0131\u015fma imkan\u0131 sunmas\u0131 ile idealdir. Oda i\u00e7erisindeki objeler yatay, dikey ve \u00e7apraz lazer \u00e7izgi ile kolayl\u0131kla ve do\u011fru bir \u015fekilde ayn\u0131 seviyede hizalanabilir. Otomatik terazileme (nivelman) \u00f6zelli\u011fi ile \u00e7apraz lazer 4\u00b0&#8217;ye kadar olan a\u00e7\u0131larda 5 saniye i\u00e7erisinde terazileme yapar. Daha y\u00fcksek a\u00e7\u0131larda terazisizlik durumlar\u0131nda kullan\u0131c\u0131 bir LED uyar\u0131 i\u015fi\u011fi ile ikaz edilir. TC-LL 2 ayr\u0131ca dijital su terazisi olarak da kullan\u0131labilir. Yumu\u015fak kaplamas\u0131 ile konforlu tutu\u015f sa\u011flar. \u00dcniversal kelep\u00e7e ve pratik saklama \u00e7antas\u0131 ile gelir.<\/p>\n<p><strong>\u00d6zellikler<\/strong><\/p>\n<p>\u00c7apraz Lazer Terazisi TC-LL 2 i\u00e7in detaylar, \u015fekiller ve bilgiler: burada ayr\u0131nt\u0131l\u0131 teknik veriler ve bu Einhell \u00fcr\u00fcn\u00fcn\u00fcn boyutlar\u0131, a\u011f\u0131rl\u0131\u011f\u0131 ve ambalaj\u0131 hakk\u0131nda \u00f6zel bilgiler bulacaks\u0131n\u0131z.<\/p>\n<table>\n<tbody>\n<tr>\n<td colspan=\"2\"><strong>Teknik \u00d6zellikler<\/strong><\/td>\n<\/tr>\n<tr>\n<td><strong>\u00c7al\u0131\u015fma aral\u0131\u011f\u0131<\/strong><\/td>\n<td>8 m<\/td>\n<\/tr>\n<tr>\n<td><strong>Lazer s\u0131n\u0131f\u0131(yatay)<\/strong><\/td>\n<td>II<\/td>\n<\/tr>\n<tr>\n<td><strong>Lazer diyot(yatay)<\/strong><\/td>\n<td>635 nm<\/td>\n<\/tr>\n<tr>\n<td><strong>Lazer s\u0131n\u0131f\u0131 (dikey)<\/strong><\/td>\n<td>II<\/td>\n<\/tr>\n<tr>\n<td><strong>Lazer diyot(d\u00fc\u015fey)<\/strong><\/td>\n<td>635 nm<\/td>\n<\/tr>\n<tr>\n<td><strong>Otomatik fren<\/strong><\/td>\n<td>5 s<\/td>\n<\/tr>\n<tr>\n<td><strong>Dengelenme aral\u0131\u011f\u0131<\/strong><\/td>\n<td>4 \u00b0<\/td>\n<\/tr>\n<tr>\n<td><strong>Hassasiyet<\/strong><\/td>\n<td>0.5 mm\/m<\/td>\n<\/tr>\n<tr>\n<td><strong>Tripod di\u015fli\u015fi<\/strong><\/td>\n<td>1\/4&#8221;<\/td>\n<\/tr>\n<\/tbody>\n<\/table>\n","protected":false},"excerpt":{"rendered":"<p>\u00dcr\u00fcn a\u00e7\u0131klamas\u0131 Einhell TC-LL 2 \u00c7apraz \u00c7izgili Lazer Hizalama cihaz\u0131 montaj, yenileme ve s\u0131va gibi tamirat i\u015flerinde hassas \u00e7al\u0131\u015fma imkan\u0131 sunmas\u0131 ile idealdir. Oda i\u00e7erisindeki objeler yatay, dikey ve \u00e7apraz lazer \u00e7izgi ile kolayl\u0131kla ve do\u011fru bir \u015fekilde ayn\u0131 seviyede hizalanabilir. Otomatik terazileme (nivelman) \u00f6zelli\u011fi ile \u00e7apraz lazer 4\u00b0&#8217;ye kadar olan a\u00e7\u0131larda 5 saniye i\u00e7erisinde terazileme yapar. Daha y\u00fcksek a\u00e7\u0131larda [&hellip;]<\/p>\n","protected":false},"featured_media":9033,"comment_status":"open","ping_status":"closed","template":"","meta":[],"product_brand":[],"product_cat":[15,52,62],"product_tag":[],"class_list":{"0":"post-9032","1":"product","2":"type-product","3":"status-publish","4":"has-post-thumbnail","6":"product_cat-genel","7":"product_cat-akulu-aletler","8":"product_cat-olcme-aletleri","10":"first","11":"instock","12":"shipping-taxable","13":"product-type-simple"},"_links":{"self":[{"href":"http:\/\/basakcilastik.com.tr\/index.php?rest_route=\/wp\/v2\/product\/9032","targetHints":{"allow":["GET"]}}],"collection":[{"href":"http:\/\/basakcilastik.com.tr\/index.php?rest_route=\/wp\/v2\/product"}],"about":[{"href":"http:\/\/basakcilastik.com.tr\/index.php?rest_route=\/wp\/v2\/types\/product"}],"replies":[{"embeddable":true,"href":"http:\/\/basakcilastik.com.tr\/index.php?rest_route=%2Fwp%2Fv2%2Fcomments&post=9032"}],"wp:featuredmedia":[{"embeddable":true,"href":"http:\/\/basakcilastik.com.tr\/index.php?rest_route=\/wp\/v2\/media\/9033"}],"wp:attachment":[{"href":"http:\/\/basakcilastik.com.tr\/index.php?rest_route=%2Fwp%2Fv2%2Fmedia&parent=9032"}],"wp:term":[{"taxonomy":"product_brand","embeddable":true,"href":"http:\/\/basakcilastik.com.tr\/index.php?rest_route=%2Fwp%2Fv2%2Fproduct_brand&post=9032"},{"taxonomy":"product_cat","embeddable":true,"href":"http:\/\/basakcilastik.com.tr\/index.php?rest_route=%2Fwp%2Fv2%2Fproduct_cat&post=9032"},{"taxonomy":"product_tag","embeddable":true,"href":"http:\/\/basakcilastik.com.tr\/index.php?rest_route=%2Fwp%2Fv2%2Fproduct_tag&post=9032"}],"curies":[{"name":"wp","href":"https:\/\/api.w.org\/{rel}","templated":true}]}}