{"id":9030,"date":"2020-07-15T22:07:06","date_gmt":"2020-07-15T22:07:06","guid":{"rendered":"https:\/\/basakcilastik.com.tr\/?post_type=product&#038;p=9030"},"modified":"2020-07-15T22:07:06","modified_gmt":"2020-07-15T22:07:06","slug":"einhell-tc-ll-1-lazer-hizalama-cihazi","status":"publish","type":"product","link":"http:\/\/basakcilastik.com.tr\/?product=einhell-tc-ll-1-lazer-hizalama-cihazi","title":{"rendered":"Einhell TC-LL 1 Lazer Hizalama Cihaz\u0131"},"content":{"rendered":"<p><strong>\u00dcr\u00fcn a\u00e7\u0131klamas\u0131<\/strong><\/p>\n<p>Einhell TC-LL 1 Lazer Hizalama Cihaz\u0131 ile ev, at\u00f6lye ve \u015fantiye gibi alanlarda hassas hizalama ve noktalama yapabilirsiniz. Entegre su terazisi hizalama i\u015flerinizi hasas bir \u015fekilde yapman\u0131za yard\u0131mc\u0131 olurken geleneksel bir su terazisi olarak da kullanabilir. 5 metreye kadar \u00e7al\u0131\u015fma mesafesi ile mobilya hizalama, duvara tam oturmas\u0131 gereken i\u015flerde ve say\u0131s\u0131z dikey ve yatay konumland\u0131rmalarda hassasiyet gereksinimi i\u00e7in kullanabilirsiniz. Yumu\u015fak tutamak ile konforlu bir kullan\u0131ma sahiptir ve esnek duvar aparat\u0131 dahildir.<\/p>\n<p><strong>\u00d6zellikler<\/strong><\/p>\n<p>Lazer Hizalama TC-LL 1 i\u00e7in detaylar, \u015fekiller ve bilgiler: burada ayr\u0131nt\u0131l\u0131 teknik veriler ve bu Einhell \u00fcr\u00fcn\u00fcn\u00fcn boyutlar\u0131, a\u011f\u0131rl\u0131\u011f\u0131 ve ambalaj\u0131 hakk\u0131nda \u00f6zel bilgiler bulacaks\u0131n\u0131z.<\/p>\n<table>\n<tbody>\n<tr>\n<td colspan=\"2\"><strong>Teknik \u00d6zellikler<\/strong><\/td>\n<\/tr>\n<tr>\n<td><strong>\u00c7al\u0131\u015fma aral\u0131\u011f\u0131 &#8211; nokta<\/strong><\/td>\n<td>20 m<\/td>\n<\/tr>\n<tr>\n<td><strong>\u00c7al\u0131\u015fma aral\u0131\u011f\u0131 &#8211; \u00e7izgi<\/strong><\/td>\n<td>5 m<\/td>\n<\/tr>\n<tr>\n<td><strong>Lazer s\u0131n\u0131f\u0131<\/strong><\/td>\n<td>II<\/td>\n<\/tr>\n<tr>\n<td><strong>Lazer diyot<\/strong><\/td>\n<td>650 nm<\/td>\n<\/tr>\n<tr>\n<td><strong>Hassasiyet<\/strong><\/td>\n<td>0.5 mm\/m<\/td>\n<\/tr>\n<\/tbody>\n<\/table>\n","protected":false},"excerpt":{"rendered":"<p>\u00dcr\u00fcn a\u00e7\u0131klamas\u0131 Einhell TC-LL 1 Lazer Hizalama Cihaz\u0131 ile ev, at\u00f6lye ve \u015fantiye gibi alanlarda hassas hizalama ve noktalama yapabilirsiniz. Entegre su terazisi hizalama i\u015flerinizi hasas bir \u015fekilde yapman\u0131za yard\u0131mc\u0131 olurken geleneksel bir su terazisi olarak da kullanabilir. 5 metreye kadar \u00e7al\u0131\u015fma mesafesi ile mobilya hizalama, duvara tam oturmas\u0131 gereken i\u015flerde ve say\u0131s\u0131z dikey ve yatay konumland\u0131rmalarda hassasiyet gereksinimi i\u00e7in [&hellip;]<\/p>\n","protected":false},"featured_media":9031,"comment_status":"open","ping_status":"closed","template":"","meta":[],"product_brand":[],"product_cat":[15,52,62],"product_tag":[],"class_list":{"0":"post-9030","1":"product","2":"type-product","3":"status-publish","4":"has-post-thumbnail","6":"product_cat-genel","7":"product_cat-akulu-aletler","8":"product_cat-olcme-aletleri","10":"first","11":"instock","12":"shipping-taxable","13":"product-type-simple"},"_links":{"self":[{"href":"http:\/\/basakcilastik.com.tr\/index.php?rest_route=\/wp\/v2\/product\/9030","targetHints":{"allow":["GET"]}}],"collection":[{"href":"http:\/\/basakcilastik.com.tr\/index.php?rest_route=\/wp\/v2\/product"}],"about":[{"href":"http:\/\/basakcilastik.com.tr\/index.php?rest_route=\/wp\/v2\/types\/product"}],"replies":[{"embeddable":true,"href":"http:\/\/basakcilastik.com.tr\/index.php?rest_route=%2Fwp%2Fv2%2Fcomments&post=9030"}],"wp:featuredmedia":[{"embeddable":true,"href":"http:\/\/basakcilastik.com.tr\/index.php?rest_route=\/wp\/v2\/media\/9031"}],"wp:attachment":[{"href":"http:\/\/basakcilastik.com.tr\/index.php?rest_route=%2Fwp%2Fv2%2Fmedia&parent=9030"}],"wp:term":[{"taxonomy":"product_brand","embeddable":true,"href":"http:\/\/basakcilastik.com.tr\/index.php?rest_route=%2Fwp%2Fv2%2Fproduct_brand&post=9030"},{"taxonomy":"product_cat","embeddable":true,"href":"http:\/\/basakcilastik.com.tr\/index.php?rest_route=%2Fwp%2Fv2%2Fproduct_cat&post=9030"},{"taxonomy":"product_tag","embeddable":true,"href":"http:\/\/basakcilastik.com.tr\/index.php?rest_route=%2Fwp%2Fv2%2Fproduct_tag&post=9030"}],"curies":[{"name":"wp","href":"https:\/\/api.w.org\/{rel}","templated":true}]}}