{"id":9020,"date":"2020-07-15T22:01:07","date_gmt":"2020-07-15T22:01:07","guid":{"rendered":"https:\/\/basakcilastik.com.tr\/?post_type=product&#038;p=9020"},"modified":"2020-07-15T22:01:07","modified_gmt":"2020-07-15T22:01:07","slug":"bt-300-hd-professional-sehpa","status":"publish","type":"product","link":"http:\/\/basakcilastik.com.tr\/?product=bt-300-hd-professional-sehpa","title":{"rendered":"BT 300 HD Professional Sehpa"},"content":{"rendered":"<p>Teknik veriler<\/p>\n<table width=\"750\">\n<thead>\n<tr>\n<td colspan=\"2\">Ek veriler<\/td>\n<\/tr>\n<\/thead>\n<tbody>\n<tr>\n<td><strong>\u00c7al\u0131\u015fma y\u00fcksekli\u011fi*<\/strong><\/td>\n<td><strong>122 \u2013 295<\/strong>\u00a0<strong>cm<\/strong><\/td>\n<\/tr>\n<tr>\n<td>\u00c7al\u0131\u015fma y\u00fcksekli\u011fi, -den<\/td>\n<td>122\u00a0cm<\/td>\n<\/tr>\n<tr>\n<td>\u00c7al\u0131\u015fma y\u00fcksekli\u011fi, maks.<\/td>\n<td>295\u00a0cm<\/td>\n<\/tr>\n<tr>\n<td><strong>A\u011f\u0131rl\u0131\u011f\u0131, yak.*<\/strong><\/td>\n<td><strong>7,2<\/strong>\u00a0<strong>kg<\/strong><\/td>\n<\/tr>\n<tr>\n<td>Statif di\u015f<\/td>\n<td>5\/8&#8243;<\/td>\n<\/tr>\n<\/tbody>\n<\/table>\n<p>* Vurgulanan Veriler<\/p>\n","protected":false},"excerpt":{"rendered":"<p>Teknik veriler Ek veriler \u00c7al\u0131\u015fma y\u00fcksekli\u011fi* 122 \u2013 295\u00a0cm \u00c7al\u0131\u015fma y\u00fcksekli\u011fi, -den 122\u00a0cm \u00c7al\u0131\u015fma y\u00fcksekli\u011fi, maks. 295\u00a0cm A\u011f\u0131rl\u0131\u011f\u0131, yak.* 7,2\u00a0kg Statif di\u015f 5\/8&#8243; * Vurgulanan Veriler<\/p>\n","protected":false},"featured_media":9021,"comment_status":"open","ping_status":"closed","template":"","meta":[],"product_brand":[],"product_cat":[15,52,62],"product_tag":[],"class_list":{"0":"post-9020","1":"product","2":"type-product","3":"status-publish","4":"has-post-thumbnail","6":"product_cat-genel","7":"product_cat-akulu-aletler","8":"product_cat-olcme-aletleri","10":"first","11":"instock","12":"shipping-taxable","13":"product-type-simple"},"_links":{"self":[{"href":"http:\/\/basakcilastik.com.tr\/index.php?rest_route=\/wp\/v2\/product\/9020","targetHints":{"allow":["GET"]}}],"collection":[{"href":"http:\/\/basakcilastik.com.tr\/index.php?rest_route=\/wp\/v2\/product"}],"about":[{"href":"http:\/\/basakcilastik.com.tr\/index.php?rest_route=\/wp\/v2\/types\/product"}],"replies":[{"embeddable":true,"href":"http:\/\/basakcilastik.com.tr\/index.php?rest_route=%2Fwp%2Fv2%2Fcomments&post=9020"}],"wp:featuredmedia":[{"embeddable":true,"href":"http:\/\/basakcilastik.com.tr\/index.php?rest_route=\/wp\/v2\/media\/9021"}],"wp:attachment":[{"href":"http:\/\/basakcilastik.com.tr\/index.php?rest_route=%2Fwp%2Fv2%2Fmedia&parent=9020"}],"wp:term":[{"taxonomy":"product_brand","embeddable":true,"href":"http:\/\/basakcilastik.com.tr\/index.php?rest_route=%2Fwp%2Fv2%2Fproduct_brand&post=9020"},{"taxonomy":"product_cat","embeddable":true,"href":"http:\/\/basakcilastik.com.tr\/index.php?rest_route=%2Fwp%2Fv2%2Fproduct_cat&post=9020"},{"taxonomy":"product_tag","embeddable":true,"href":"http:\/\/basakcilastik.com.tr\/index.php?rest_route=%2Fwp%2Fv2%2Fproduct_tag&post=9020"}],"curies":[{"name":"wp","href":"https:\/\/api.w.org\/{rel}","templated":true}]}}