{"id":9006,"date":"2020-07-15T21:54:13","date_gmt":"2020-07-15T21:54:13","guid":{"rendered":"https:\/\/basakcilastik.com.tr\/?post_type=product&#038;p=9006"},"modified":"2020-07-15T21:54:14","modified_gmt":"2020-07-15T21:54:14","slug":"85-mm-kamera-basligi-300-cm-professional-aksesuar","status":"publish","type":"product","link":"http:\/\/basakcilastik.com.tr\/?product=85-mm-kamera-basligi-300-cm-professional-aksesuar","title":{"rendered":"8,5 mm kamera ba\u015fl\u0131\u011f\u0131 (300 cm) Professional Aksesuar"},"content":{"rendered":"<p>Teknik veriler<\/p>\n<table width=\"750\">\n<thead>\n<tr>\n<td colspan=\"2\">Ek veriler<\/td>\n<\/tr>\n<\/thead>\n<tbody>\n<tr>\n<td><strong>Ekran \u00e7\u00f6z\u00fcn\u00fcrl\u00fc\u011f\u00fc*<\/strong><\/td>\n<td><strong>320 x 240<\/strong>\u00a0<strong>px<\/strong><\/td>\n<\/tr>\n<tr>\n<td><strong>Kamera kablosunun uzunlu\u011fu*<\/strong><\/td>\n<td><strong>300<\/strong>\u00a0<strong>cm<\/strong><\/td>\n<\/tr>\n<tr>\n<td>Ekran \u00e7\u00f6z\u00fcn\u00fcrl\u00fc\u011f\u00fc, geni\u015flik<\/td>\n<td>320\u00a0px<\/td>\n<\/tr>\n<tr>\n<td>Ekran \u00e7\u00f6z\u00fcn\u00fcrl\u00fc\u011f\u00fc, y\u00fckseklik<\/td>\n<td>240\u00a0px<\/td>\n<\/tr>\n<tr>\n<td>Kamera ba\u015f\u0131n\u0131n \u00e7ap\u0131<\/td>\n<td>8,5\u00a0mm<\/td>\n<\/tr>\n<\/tbody>\n<\/table>\n<p>* Vurgulanan Veriler<\/p>\n<p>Avantajlar<\/p>\n<ul>\n<li>Dar denetleme alanlar\u0131na kolayca eri\u015fmek i\u00e7in dar \u00e7ap (8,5 mm)<\/li>\n<li>Borular ve kablolar gibi nesneleri incelemek i\u00e7in uzun kamera kablosu<\/li>\n<li>Kamera ba\u015fl\u0131\u011f\u0131ndaki ivmelenme sens\u00f6r\u00fc \u00abUp is Up\u00bb&#x2122; fonksiyonuna sahiptir<\/li>\n<\/ul>\n","protected":false},"excerpt":{"rendered":"<p>Teknik veriler Ek veriler Ekran \u00e7\u00f6z\u00fcn\u00fcrl\u00fc\u011f\u00fc* 320 x 240\u00a0px Kamera kablosunun uzunlu\u011fu* 300\u00a0cm Ekran \u00e7\u00f6z\u00fcn\u00fcrl\u00fc\u011f\u00fc, geni\u015flik 320\u00a0px Ekran \u00e7\u00f6z\u00fcn\u00fcrl\u00fc\u011f\u00fc, y\u00fckseklik 240\u00a0px Kamera ba\u015f\u0131n\u0131n \u00e7ap\u0131 8,5\u00a0mm * Vurgulanan Veriler Avantajlar Dar denetleme alanlar\u0131na kolayca eri\u015fmek i\u00e7in dar \u00e7ap (8,5 mm) Borular ve kablolar gibi nesneleri incelemek i\u00e7in uzun kamera kablosu Kamera ba\u015fl\u0131\u011f\u0131ndaki ivmelenme sens\u00f6r\u00fc \u00abUp is Up\u00bb&#x2122; fonksiyonuna sahiptir<\/p>\n","protected":false},"featured_media":9007,"comment_status":"open","ping_status":"closed","template":"","meta":[],"product_brand":[],"product_cat":[15,52,62],"product_tag":[],"class_list":{"0":"post-9006","1":"product","2":"type-product","3":"status-publish","4":"has-post-thumbnail","6":"product_cat-genel","7":"product_cat-akulu-aletler","8":"product_cat-olcme-aletleri","10":"first","11":"instock","12":"shipping-taxable","13":"product-type-simple"},"_links":{"self":[{"href":"http:\/\/basakcilastik.com.tr\/index.php?rest_route=\/wp\/v2\/product\/9006","targetHints":{"allow":["GET"]}}],"collection":[{"href":"http:\/\/basakcilastik.com.tr\/index.php?rest_route=\/wp\/v2\/product"}],"about":[{"href":"http:\/\/basakcilastik.com.tr\/index.php?rest_route=\/wp\/v2\/types\/product"}],"replies":[{"embeddable":true,"href":"http:\/\/basakcilastik.com.tr\/index.php?rest_route=%2Fwp%2Fv2%2Fcomments&post=9006"}],"wp:featuredmedia":[{"embeddable":true,"href":"http:\/\/basakcilastik.com.tr\/index.php?rest_route=\/wp\/v2\/media\/9007"}],"wp:attachment":[{"href":"http:\/\/basakcilastik.com.tr\/index.php?rest_route=%2Fwp%2Fv2%2Fmedia&parent=9006"}],"wp:term":[{"taxonomy":"product_brand","embeddable":true,"href":"http:\/\/basakcilastik.com.tr\/index.php?rest_route=%2Fwp%2Fv2%2Fproduct_brand&post=9006"},{"taxonomy":"product_cat","embeddable":true,"href":"http:\/\/basakcilastik.com.tr\/index.php?rest_route=%2Fwp%2Fv2%2Fproduct_cat&post=9006"},{"taxonomy":"product_tag","embeddable":true,"href":"http:\/\/basakcilastik.com.tr\/index.php?rest_route=%2Fwp%2Fv2%2Fproduct_tag&post=9006"}],"curies":[{"name":"wp","href":"https:\/\/api.w.org\/{rel}","templated":true}]}}