{"id":8990,"date":"2020-07-15T14:54:04","date_gmt":"2020-07-15T14:54:04","guid":{"rendered":"https:\/\/basakcilastik.com.tr\/?post_type=product&#038;p=8990"},"modified":"2020-07-15T14:54:04","modified_gmt":"2020-07-15T14:54:04","slug":"sm25-sutunlu-matkap","status":"publish","type":"product","link":"http:\/\/basakcilastik.com.tr\/?product=sm25-sutunlu-matkap","title":{"rendered":"SM25 S\u00fctunlu Matkap"},"content":{"rendered":"<p>\u00dcr\u00fcn \u00d6zellikleri<\/p>\n<p><strong>Standart Aksesuarlar<\/strong><\/p>\n<p>&#8211; Sivi\u00e7li \u0130\u015f Mili Korumas\u0131<\/p>\n<p>&#8211; MK3-B16\u00a0Supra Mandren<\/p>\n<p>&#8211; 4in\u00e7\u00a0Mengene<\/p>\n<p>&#8211; D\u00f6k\u00fcm Kol<\/p>\n<p>&#8211; Sa\u011f-Sol Sivi\u00e7<\/p>\n<p>&#8211; Acil Stop Butonu<\/p>\n<p>&#8211; Bak\u0131r Sarg\u0131l\u0131 Motor<\/p>\n<p>&#8211; Kapakta Koruma Sivici<\/p>\n<p>Teknik \u00d6zellikler<\/p>\n<ul>\n<li>D\u00f6n\u00fc\u015fSa\u011f-Sol<\/li>\n<li>Delme Kapasitesimm25<\/li>\n<li>Pinol \u00c7ap\u0131mm52<\/li>\n<li>Pinol Hareketimm85<\/li>\n<li>\u0130\u015f Mili Kolon Mesafesimm176<\/li>\n<li>\u0130\u015f Mili UcuMT3<\/li>\n<li>\u0130\u015f Mili Devirleridev\/dk280-2380<\/li>\n<li>\u0130\u015f Mili Devir Adedi12<\/li>\n<li>Tabla Ebad\u0131mm290x290<\/li>\n<li>\u0130\u015f Mili Tabla Mesafesimm685<\/li>\n<li>\u0130\u015f Mili Taban Mesafesimm1175<\/li>\n<li>MotorW750<\/li>\n<li>VoltajV380<\/li>\n<li>A\u011f\u0131rl\u0131kkg75<\/li>\n<\/ul>\n","protected":false},"excerpt":{"rendered":"<p>\u00dcr\u00fcn \u00d6zellikleri Standart Aksesuarlar &#8211; Sivi\u00e7li \u0130\u015f Mili Korumas\u0131 &#8211; MK3-B16\u00a0Supra Mandren &#8211; 4in\u00e7\u00a0Mengene &#8211; D\u00f6k\u00fcm Kol &#8211; Sa\u011f-Sol Sivi\u00e7 &#8211; Acil Stop Butonu &#8211; Bak\u0131r Sarg\u0131l\u0131 Motor &#8211; Kapakta Koruma Sivici Teknik \u00d6zellikler D\u00f6n\u00fc\u015fSa\u011f-Sol Delme Kapasitesimm25 Pinol \u00c7ap\u0131mm52 Pinol Hareketimm85 \u0130\u015f Mili Kolon Mesafesimm176 \u0130\u015f Mili UcuMT3 \u0130\u015f Mili Devirleridev\/dk280-2380 \u0130\u015f Mili Devir Adedi12 Tabla Ebad\u0131mm290x290 \u0130\u015f Mili Tabla [&hellip;]<\/p>\n","protected":false},"featured_media":8991,"comment_status":"open","ping_status":"closed","template":"","meta":[],"product_brand":[],"product_cat":[15,52,61],"product_tag":[],"class_list":{"0":"post-8990","1":"product","2":"type-product","3":"status-publish","4":"has-post-thumbnail","6":"product_cat-genel","7":"product_cat-akulu-aletler","8":"product_cat-matkaplar","10":"first","11":"instock","12":"shipping-taxable","13":"product-type-simple"},"_links":{"self":[{"href":"http:\/\/basakcilastik.com.tr\/index.php?rest_route=\/wp\/v2\/product\/8990","targetHints":{"allow":["GET"]}}],"collection":[{"href":"http:\/\/basakcilastik.com.tr\/index.php?rest_route=\/wp\/v2\/product"}],"about":[{"href":"http:\/\/basakcilastik.com.tr\/index.php?rest_route=\/wp\/v2\/types\/product"}],"replies":[{"embeddable":true,"href":"http:\/\/basakcilastik.com.tr\/index.php?rest_route=%2Fwp%2Fv2%2Fcomments&post=8990"}],"wp:featuredmedia":[{"embeddable":true,"href":"http:\/\/basakcilastik.com.tr\/index.php?rest_route=\/wp\/v2\/media\/8991"}],"wp:attachment":[{"href":"http:\/\/basakcilastik.com.tr\/index.php?rest_route=%2Fwp%2Fv2%2Fmedia&parent=8990"}],"wp:term":[{"taxonomy":"product_brand","embeddable":true,"href":"http:\/\/basakcilastik.com.tr\/index.php?rest_route=%2Fwp%2Fv2%2Fproduct_brand&post=8990"},{"taxonomy":"product_cat","embeddable":true,"href":"http:\/\/basakcilastik.com.tr\/index.php?rest_route=%2Fwp%2Fv2%2Fproduct_cat&post=8990"},{"taxonomy":"product_tag","embeddable":true,"href":"http:\/\/basakcilastik.com.tr\/index.php?rest_route=%2Fwp%2Fv2%2Fproduct_tag&post=8990"}],"curies":[{"name":"wp","href":"https:\/\/api.w.org\/{rel}","templated":true}]}}