{"id":8939,"date":"2020-07-15T14:29:31","date_gmt":"2020-07-15T14:29:31","guid":{"rendered":"https:\/\/basakcilastik.com.tr\/?post_type=product&#038;p=8939"},"modified":"2020-07-15T14:29:32","modified_gmt":"2020-07-15T14:29:32","slug":"gbm-13-2-re-professional-darbesiz-matkap","status":"publish","type":"product","link":"http:\/\/basakcilastik.com.tr\/?product=gbm-13-2-re-professional-darbesiz-matkap","title":{"rendered":"GBM 13-2 RE Professional Darbesiz matkap"},"content":{"rendered":"<p>Teknik veriler<\/p>\n<table width=\"750\">\n<thead>\n<tr>\n<td colspan=\"2\">Ek veriler<\/td>\n<\/tr>\n<\/thead>\n<tbody>\n<tr>\n<td><strong>Nominal giri\u015f g\u00fcc\u00fc*<\/strong><\/td>\n<td><strong>750<\/strong>\u00a0<strong>W<\/strong><\/td>\n<\/tr>\n<tr>\n<td>A\u011f\u0131rl\u0131k<\/td>\n<td>2,4\u00a0kg<\/td>\n<\/tr>\n<tr>\n<td>R\u00f6lanti devir say\u0131s\u0131<\/td>\n<td>0 \u2013 1.000 \/ 3.000\u00a0dev\/dak<\/td>\n<\/tr>\n<tr>\n<td>\u00c7\u0131k\u0131\u015f g\u00fcc\u00fc<\/td>\n<td>353\u00a0W<\/td>\n<\/tr>\n<tr>\n<td>Devir say\u0131s\u0131<\/td>\n<td>500 \/ 1.750\u00a0dev\/dak<\/td>\n<\/tr>\n<tr>\n<td>Nominal d\u00f6nme momenti<\/td>\n<td>6,8 \/ 2,5\u00a0Nm<\/td>\n<\/tr>\n<tr>\n<td>Matkap mili ba\u011flant\u0131 di\u015fi<\/td>\n<td>1\/2&#8243; \u2013 20 UNF<\/td>\n<\/tr>\n<tr>\n<td>Tork, maks.<\/td>\n<td>39,5 \/ 12,5\u00a0Nm<\/td>\n<\/tr>\n<\/tbody>\n<\/table>\n<p>&nbsp;<\/p>\n<table width=\"750\">\n<thead>\n<tr>\n<td colspan=\"2\">Delme aral\u0131\u011f\u0131<\/td>\n<\/tr>\n<\/thead>\n<tbody>\n<tr>\n<td>Al\u00fcminyumda delme \u00e7ap\u0131<\/td>\n<td>20 \/ 12\u00a0mm<\/td>\n<\/tr>\n<tr>\n<td><strong>Ah\u015fapta delme \u00e7ap\u0131*<\/strong><\/td>\n<td><strong>32 \/ 20<\/strong>\u00a0<strong>mm<\/strong><\/td>\n<\/tr>\n<tr>\n<td><strong>\u00c7elikte delme \u00e7ap\u0131*<\/strong><\/td>\n<td><strong>13 \/ 8<\/strong>\u00a0<strong>mm<\/strong><\/td>\n<\/tr>\n<\/tbody>\n<\/table>\n<p>&nbsp;<\/p>\n<table width=\"750\">\n<thead>\n<tr>\n<td colspan=\"2\">Toplam titre\u015fim de\u011feri (Metalde delme)<\/td>\n<\/tr>\n<\/thead>\n<tbody>\n<tr>\n<td>Titre\u015fim emisyon de\u011feri ah<\/td>\n<td>7,5\u00a0m\/s\u00b2<\/td>\n<\/tr>\n<tr>\n<td>Tolerans K<\/td>\n<td>1,6\u00a0m\/s\u00b2<\/td>\n<\/tr>\n<\/tbody>\n<\/table>\n<p>&nbsp;<\/p>\n<table width=\"750\">\n<thead>\n<tr>\n<td colspan=\"2\">Toplam titre\u015fim de\u011feri (Vidalama)<\/td>\n<\/tr>\n<\/thead>\n<tbody>\n<tr>\n<td>Titre\u015fim emisyon de\u011feri ah<\/td>\n<td>2,5\u00a0m\/s\u00b2<\/td>\n<\/tr>\n<tr>\n<td>Tolerans K<\/td>\n<td>1,5\u00a0m\/s\u00b2<\/td>\n<\/tr>\n<\/tbody>\n<\/table>\n<p>* Vurgulanan Veriler<\/p>\n<p>Elektrikli el aletinin A-dereceli g\u00fcr\u00fclt\u00fc seviyesi tipik olarak \u015fu de\u011ferlere sahiptir: Ses bas\u0131nc\u0131 seviyesi 81 dB(A); Ses performans\u0131 seviyesi 93 dB(A). K belirsizli\u011fi= 3 dB.<\/p>\n","protected":false},"excerpt":{"rendered":"<p>Teknik veriler Ek veriler Nominal giri\u015f g\u00fcc\u00fc* 750\u00a0W A\u011f\u0131rl\u0131k 2,4\u00a0kg R\u00f6lanti devir say\u0131s\u0131 0 \u2013 1.000 \/ 3.000\u00a0dev\/dak \u00c7\u0131k\u0131\u015f g\u00fcc\u00fc 353\u00a0W Devir say\u0131s\u0131 500 \/ 1.750\u00a0dev\/dak Nominal d\u00f6nme momenti 6,8 \/ 2,5\u00a0Nm Matkap mili ba\u011flant\u0131 di\u015fi 1\/2&#8243; \u2013 20 UNF Tork, maks. 39,5 \/ 12,5\u00a0Nm &nbsp; Delme aral\u0131\u011f\u0131 Al\u00fcminyumda delme \u00e7ap\u0131 20 \/ 12\u00a0mm Ah\u015fapta delme \u00e7ap\u0131* 32 \/ 20\u00a0mm [&hellip;]<\/p>\n","protected":false},"featured_media":8940,"comment_status":"open","ping_status":"closed","template":"","meta":[],"product_brand":[],"product_cat":[15,52,61],"product_tag":[],"class_list":{"0":"post-8939","1":"product","2":"type-product","3":"status-publish","4":"has-post-thumbnail","6":"product_cat-genel","7":"product_cat-akulu-aletler","8":"product_cat-matkaplar","10":"first","11":"instock","12":"shipping-taxable","13":"product-type-simple"},"_links":{"self":[{"href":"http:\/\/basakcilastik.com.tr\/index.php?rest_route=\/wp\/v2\/product\/8939","targetHints":{"allow":["GET"]}}],"collection":[{"href":"http:\/\/basakcilastik.com.tr\/index.php?rest_route=\/wp\/v2\/product"}],"about":[{"href":"http:\/\/basakcilastik.com.tr\/index.php?rest_route=\/wp\/v2\/types\/product"}],"replies":[{"embeddable":true,"href":"http:\/\/basakcilastik.com.tr\/index.php?rest_route=%2Fwp%2Fv2%2Fcomments&post=8939"}],"wp:featuredmedia":[{"embeddable":true,"href":"http:\/\/basakcilastik.com.tr\/index.php?rest_route=\/wp\/v2\/media\/8940"}],"wp:attachment":[{"href":"http:\/\/basakcilastik.com.tr\/index.php?rest_route=%2Fwp%2Fv2%2Fmedia&parent=8939"}],"wp:term":[{"taxonomy":"product_brand","embeddable":true,"href":"http:\/\/basakcilastik.com.tr\/index.php?rest_route=%2Fwp%2Fv2%2Fproduct_brand&post=8939"},{"taxonomy":"product_cat","embeddable":true,"href":"http:\/\/basakcilastik.com.tr\/index.php?rest_route=%2Fwp%2Fv2%2Fproduct_cat&post=8939"},{"taxonomy":"product_tag","embeddable":true,"href":"http:\/\/basakcilastik.com.tr\/index.php?rest_route=%2Fwp%2Fv2%2Fproduct_tag&post=8939"}],"curies":[{"name":"wp","href":"https:\/\/api.w.org\/{rel}","templated":true}]}}